{"id":2,"date":"2024-10-06T17:56:40","date_gmt":"2024-10-06T17:56:40","guid":{"rendered":"https:\/\/fie.edu.al\/?page_id=2"},"modified":"2024-11-14T11:33:20","modified_gmt":"2024-11-14T11:33:20","slug":"dekani","status":"publish","type":"page","link":"https:\/\/fie.edu.al\/en\/dekani\/","title":{"rendered":"Dean"},"content":{"rendered":"<p><strong>DEAN OF THE FACULTY OF ELECTRICAL ENGINEERING<\/strong><br \/>Prof. As. Dr. Astrit BARDHI<\/p>\r\n<p><a href=\"http:\/\/fie.edu.al\/wp-content\/uploads\/2024\/10\/Astrit-Bardhi_CV.pdf\">Europass Curriculum Vitae<\/a><\/p>\r\n<p>Email: <a href=\"mailto:dekani@fie-upt.edu.al\">dekani@fie-upt.edu.al<\/a>\u00a0 \u00a0\u00a0<\/p>","protected":false},"excerpt":{"rendered":"<p>DEKANI I FAKULTETIT T\u00cb INXHINIERIS\u00cb ELEKTRIKEProf. As. Dr. Astrit BARDHI Europass Curriculum Vitae Email: dekani@fie-upt.edu.al\u00a0 \u00a0\u00a0<\/p>","protected":false},"author":1,"featured_media":0,"parent":0,"menu_order":0,"comment_status":"closed","ping_status":"open","template":"","meta":{"_acf_changed":false,"footnotes":""},"class_list":["post-2","page","type-page","status-publish","hentry"],"acf":[],"yoast_head":"<!-- This site is optimized with the Yoast SEO plugin v24.4 - https:\/\/yoast.com\/wordpress\/plugins\/seo\/ -->\n<title>Dekani - Fakulteti i Inxhinieris\u00eb Elektrike - Universiteti Politeknik i Tiran\u00ebs<\/title>\n<meta name=\"robots\" content=\"index, follow, max-snippet:-1, max-image-preview:large, max-video-preview:-1\" \/>\n<link rel=\"canonical\" href=\"https:\/\/fie.edu.al\/en\/dekani\/\" \/>\n<meta property=\"og:locale\" content=\"en_GB\" \/>\n<meta property=\"og:type\" content=\"article\" \/>\n<meta property=\"og:title\" content=\"Dekani - Fakulteti i Inxhinieris\u00eb Elektrike - Universiteti Politeknik i Tiran\u00ebs\" \/>\n<meta property=\"og:description\" content=\"DEKANI I FAKULTETIT T\u00cb INXHINIERIS\u00cb ELEKTRIKEProf. As. Dr. Astrit BARDHI Europass Curriculum Vitae Email: dekani@fie-upt.edu.al\u00a0 \u00a0\u00a0\" \/>\n<meta property=\"og:url\" content=\"https:\/\/fie.edu.al\/en\/dekani\/\" \/>\n<meta property=\"og:site_name\" content=\"Fakulteti i Inxhinieris\u00eb Elektrike - Universiteti Politeknik i Tiran\u00ebs\" \/>\n<meta property=\"article:publisher\" content=\"https:\/\/www.facebook.com\/p\/Fakulteti-Inxhinierise-Elektrike-100083035187224\/\" \/>\n<meta property=\"article:modified_time\" content=\"2024-11-14T11:33:20+00:00\" \/>\n<meta property=\"og:image\" content=\"https:\/\/fie.edu.al\/wp-content\/uploads\/2024\/10\/1aa1043f-e21c-4748-bfec-2f86481ca215-1-scaled.jpeg\" \/>\n\t<meta property=\"og:image:width\" content=\"2560\" \/>\n\t<meta property=\"og:image:height\" content=\"1920\" \/>\n\t<meta property=\"og:image:type\" content=\"image\/jpeg\" \/>\n<meta name=\"twitter:card\" content=\"summary_large_image\" \/>\n<meta name=\"twitter:label1\" content=\"Estimated reading time\" \/>\n\t<meta name=\"twitter:data1\" content=\"1 minute\" \/>\n<script type=\"application\/ld+json\" class=\"yoast-schema-graph\">{\"@context\":\"https:\/\/schema.org\",\"@graph\":[{\"@type\":\"WebPage\",\"@id\":\"https:\/\/fie.edu.al\/dekani\/\",\"url\":\"https:\/\/fie.edu.al\/dekani\/\",\"name\":\"Dekani - Fakulteti i Inxhinieris\u00eb Elektrike - Universiteti Politeknik i Tiran\u00ebs\",\"isPartOf\":{\"@id\":\"https:\/\/fie.edu.al\/#website\"},\"datePublished\":\"2024-10-06T17:56:40+00:00\",\"dateModified\":\"2024-11-14T11:33:20+00:00\",\"breadcrumb\":{\"@id\":\"https:\/\/fie.edu.al\/dekani\/#breadcrumb\"},\"inLanguage\":\"en-GB\",\"potentialAction\":[{\"@type\":\"ReadAction\",\"target\":[\"https:\/\/fie.edu.al\/dekani\/\"]}]},{\"@type\":\"BreadcrumbList\",\"@id\":\"https:\/\/fie.edu.al\/dekani\/#breadcrumb\",\"itemListElement\":[{\"@type\":\"ListItem\",\"position\":1,\"name\":\"Home\",\"item\":\"https:\/\/fie.edu.al\/\"},{\"@type\":\"ListItem\",\"position\":2,\"name\":\"Dekani\"}]},{\"@type\":\"WebSite\",\"@id\":\"https:\/\/fie.edu.al\/#website\",\"url\":\"https:\/\/fie.edu.al\/\",\"name\":\"Fakulteti i Inxhinieris\u00eb Elektronike - Universiteti Politeknik i Tiran\u00ebs\",\"description\":\"\",\"publisher\":{\"@id\":\"https:\/\/fie.edu.al\/#organization\"},\"potentialAction\":[{\"@type\":\"SearchAction\",\"target\":{\"@type\":\"EntryPoint\",\"urlTemplate\":\"https:\/\/fie.edu.al\/?s={search_term_string}\"},\"query-input\":{\"@type\":\"PropertyValueSpecification\",\"valueRequired\":true,\"valueName\":\"search_term_string\"}}],\"inLanguage\":\"en-GB\"},{\"@type\":\"Organization\",\"@id\":\"https:\/\/fie.edu.al\/#organization\",\"name\":\"Fakulteti i Inxhinieris\u00eb Elektronike - Universiteti Politeknik i Tiran\u00ebs\",\"url\":\"https:\/\/fie.edu.al\/\",\"logo\":{\"@type\":\"ImageObject\",\"inLanguage\":\"en-GB\",\"@id\":\"https:\/\/fie.edu.al\/#\/schema\/logo\/image\/\",\"url\":\"https:\/\/fie.edu.al\/wp-content\/uploads\/2024\/10\/favicon.png\",\"contentUrl\":\"https:\/\/fie.edu.al\/wp-content\/uploads\/2024\/10\/favicon.png\",\"width\":500,\"height\":500,\"caption\":\"Fakulteti i Inxhinieris\u00eb Elektronike - Universiteti Politeknik i Tiran\u00ebs\"},\"image\":{\"@id\":\"https:\/\/fie.edu.al\/#\/schema\/logo\/image\/\"},\"sameAs\":[\"https:\/\/www.facebook.com\/p\/Fakulteti-Inxhinierise-Elektrike-100083035187224\/\",\"https:\/\/www.instagram.com\/fie.upt.al\/?hl=en\"]}]}<\/script>\n<!-- \/ Yoast SEO plugin. -->","yoast_head_json":{"title":"Dekani - Fakulteti i Inxhinieris\u00eb Elektrike - Universiteti Politeknik i Tiran\u00ebs","robots":{"index":"index","follow":"follow","max-snippet":"max-snippet:-1","max-image-preview":"max-image-preview:large","max-video-preview":"max-video-preview:-1"},"canonical":"https:\/\/fie.edu.al\/en\/dekani\/","og_locale":"en_GB","og_type":"article","og_title":"Dekani - Fakulteti i Inxhinieris\u00eb Elektrike - Universiteti Politeknik i Tiran\u00ebs","og_description":"DEKANI I FAKULTETIT T\u00cb INXHINIERIS\u00cb ELEKTRIKEProf. As. Dr. Astrit BARDHI Europass Curriculum Vitae Email: dekani@fie-upt.edu.al\u00a0 \u00a0\u00a0","og_url":"https:\/\/fie.edu.al\/en\/dekani\/","og_site_name":"Fakulteti i Inxhinieris\u00eb Elektrike - Universiteti Politeknik i Tiran\u00ebs","article_publisher":"https:\/\/www.facebook.com\/p\/Fakulteti-Inxhinierise-Elektrike-100083035187224\/","article_modified_time":"2024-11-14T11:33:20+00:00","og_image":[{"width":2560,"height":1920,"url":"https:\/\/fie.edu.al\/wp-content\/uploads\/2024\/10\/1aa1043f-e21c-4748-bfec-2f86481ca215-1-scaled.jpeg","type":"image\/jpeg"}],"twitter_card":"summary_large_image","twitter_misc":{"Estimated reading time":"1 minute"},"schema":{"@context":"https:\/\/schema.org","@graph":[{"@type":"WebPage","@id":"https:\/\/fie.edu.al\/dekani\/","url":"https:\/\/fie.edu.al\/dekani\/","name":"Dekani - Fakulteti i Inxhinieris\u00eb Elektrike - Universiteti Politeknik i Tiran\u00ebs","isPartOf":{"@id":"https:\/\/fie.edu.al\/#website"},"datePublished":"2024-10-06T17:56:40+00:00","dateModified":"2024-11-14T11:33:20+00:00","breadcrumb":{"@id":"https:\/\/fie.edu.al\/dekani\/#breadcrumb"},"inLanguage":"en-GB","potentialAction":[{"@type":"ReadAction","target":["https:\/\/fie.edu.al\/dekani\/"]}]},{"@type":"BreadcrumbList","@id":"https:\/\/fie.edu.al\/dekani\/#breadcrumb","itemListElement":[{"@type":"ListItem","position":1,"name":"Home","item":"https:\/\/fie.edu.al\/"},{"@type":"ListItem","position":2,"name":"Dekani"}]},{"@type":"WebSite","@id":"https:\/\/fie.edu.al\/#website","url":"https:\/\/fie.edu.al\/","name":"Fakulteti i Inxhinieris\u00eb Elektronike - Universiteti Politeknik i Tiran\u00ebs","description":"","publisher":{"@id":"https:\/\/fie.edu.al\/#organization"},"potentialAction":[{"@type":"SearchAction","target":{"@type":"EntryPoint","urlTemplate":"https:\/\/fie.edu.al\/?s={search_term_string}"},"query-input":{"@type":"PropertyValueSpecification","valueRequired":true,"valueName":"search_term_string"}}],"inLanguage":"en-GB"},{"@type":"Organization","@id":"https:\/\/fie.edu.al\/#organization","name":"Fakulteti i Inxhinieris\u00eb Elektronike - Universiteti Politeknik i Tiran\u00ebs","url":"https:\/\/fie.edu.al\/","logo":{"@type":"ImageObject","inLanguage":"en-GB","@id":"https:\/\/fie.edu.al\/#\/schema\/logo\/image\/","url":"https:\/\/fie.edu.al\/wp-content\/uploads\/2024\/10\/favicon.png","contentUrl":"https:\/\/fie.edu.al\/wp-content\/uploads\/2024\/10\/favicon.png","width":500,"height":500,"caption":"Fakulteti i Inxhinieris\u00eb Elektronike - Universiteti Politeknik i Tiran\u00ebs"},"image":{"@id":"https:\/\/fie.edu.al\/#\/schema\/logo\/image\/"},"sameAs":["https:\/\/www.facebook.com\/p\/Fakulteti-Inxhinierise-Elektrike-100083035187224\/","https:\/\/www.instagram.com\/fie.upt.al\/?hl=en"]}]}},"_links":{"self":[{"href":"https:\/\/fie.edu.al\/en\/wp-json\/wp\/v2\/pages\/2","targetHints":{"allow":["GET"]}}],"collection":[{"href":"https:\/\/fie.edu.al\/en\/wp-json\/wp\/v2\/pages"}],"about":[{"href":"https:\/\/fie.edu.al\/en\/wp-json\/wp\/v2\/types\/page"}],"author":[{"embeddable":true,"href":"https:\/\/fie.edu.al\/en\/wp-json\/wp\/v2\/users\/1"}],"replies":[{"embeddable":true,"href":"https:\/\/fie.edu.al\/en\/wp-json\/wp\/v2\/comments?post=2"}],"version-history":[{"count":0,"href":"https:\/\/fie.edu.al\/en\/wp-json\/wp\/v2\/pages\/2\/revisions"}],"wp:attachment":[{"href":"https:\/\/fie.edu.al\/en\/wp-json\/wp\/v2\/media?parent=2"}],"curies":[{"name":"wp","href":"https:\/\/api.w.org\/{rel}","templated":true}]}}