{"id":12365,"date":"2024-11-13T08:18:16","date_gmt":"2024-11-13T08:18:16","guid":{"rendered":"https:\/\/fie.edu.al\/?page_id=12365"},"modified":"2025-04-11T11:58:03","modified_gmt":"2025-04-11T11:58:03","slug":"zyra-e-karrieres","status":"publish","type":"page","link":"https:\/\/fie.edu.al\/en\/zyra-e-karrieres\/","title":{"rendered":"Career Office"},"content":{"rendered":"<div data-elementor-type=\"wp-page\" data-elementor-id=\"12365\" class=\"elementor elementor-12365\" data-elementor-post-type=\"page\">\n\t\t\t\t<div class=\"elementor-element elementor-element-13e015fd e-flex e-con-boxed e-con e-parent\" data-id=\"13e015fd\" data-element_type=\"container\">\n\t\t\t\t\t<div class=\"e-con-inner\">\n\t\t\t\t<div class=\"elementor-element elementor-element-31bfa6ad elementor-widget elementor-widget-text-editor\" data-id=\"31bfa6ad\" data-element_type=\"widget\" data-widget_type=\"text-editor.default\">\n\t\t\t\t<div class=\"elementor-widget-container\">\n\t\t\t\t\t\t\t\t\t\r\n<p>Contact for the Career Office<\/p>\r\n<p>Email: <a href=\"mailto:karriera@fie-upt.edu.al\">karriera@fie-upt.edu.al\u00a0<\/a><\/p>\r\n\t\t\t\t\t\t\t\t<\/div>\n\t\t\t\t<\/div>\n\t\t\t\t<div class=\"elementor-element elementor-element-710e7bb elementor-widget thim-ekits-heading elementor-widget-thim-heading\" data-id=\"710e7bb\" data-element_type=\"widget\" data-widget_type=\"thim-heading.default\">\n\t\t\t\t<div class=\"elementor-widget-container\">\n\t\t\t\t\t<div class=\"sc_heading\"><h3 class=\"title\">Announcements <\/h3><span class=\"line\"><\/span><\/div>\t\t\t\t<\/div>\n\t\t\t\t<\/div>\n\t\t\t\t<div class=\"elementor-element elementor-element-64ac858 elementor-posts--thumbnail-none elementor-grid-3 elementor-grid-tablet-2 elementor-grid-mobile-1 elementor-card-shadow-yes elementor-posts__hover-gradient elementor-widget elementor-widget-posts\" data-id=\"64ac858\" data-element_type=\"widget\" data-settings=\"{&quot;cards_columns&quot;:&quot;3&quot;,&quot;cards_columns_tablet&quot;:&quot;2&quot;,&quot;cards_columns_mobile&quot;:&quot;1&quot;,&quot;cards_row_gap&quot;:{&quot;unit&quot;:&quot;px&quot;,&quot;size&quot;:35,&quot;sizes&quot;:[]},&quot;cards_row_gap_tablet&quot;:{&quot;unit&quot;:&quot;px&quot;,&quot;size&quot;:&quot;&quot;,&quot;sizes&quot;:[]},&quot;cards_row_gap_mobile&quot;:{&quot;unit&quot;:&quot;px&quot;,&quot;size&quot;:&quot;&quot;,&quot;sizes&quot;:[]}}\" data-widget_type=\"posts.cards\">\n\t\t\t\t<div class=\"elementor-widget-container\">\n\t\t\t\t\t\t\t<div class=\"elementor-posts-container elementor-posts elementor-posts--skin-cards elementor-grid\">\n\t\t\t\t<article class=\"elementor-post elementor-grid-item post-13532 post type-post status-publish format-standard hentry category-zyra-e-karrieres\">\n\t\t\t<div class=\"elementor-post__card\">\n\t\t\t\t<div class=\"elementor-post__text\">\n\t\t\t\t<h2 class=\"elementor-post__title\">\n\t\t\t<a href=\"https:\/\/fie.edu.al\/en\/sesion-informues-per-startup-grant-2026-nga-agjencia-shteterore-startup-albania\/\" >\n\t\t\t\tSesion Informues p\u00ebr Startup \u2013 Grant 2026 \u2013 nga Agjencia Shtet\u00ebrore Startup Albania\t\t\t<\/a>\n\t\t<\/h2>\n\t\t\t\t<div class=\"elementor-post__excerpt\">\n\t\t\t<p>https:\/\/upt.edu.al\/sesion-informues-per-startup-grant-2026-nga-agjencia-shteterore-startup-albania\/<\/p>\n\t\t<\/div>\n\t\t\t\t\t<div class=\"elementor-post__read-more-wrapper\">\n\t\t\n\t\t<a class=\"elementor-post__read-more\" href=\"https:\/\/fie.edu.al\/en\/sesion-informues-per-startup-grant-2026-nga-agjencia-shteterore-startup-albania\/\" aria-label=\"Read more about Sesion Informues p\u00ebr Startup \u2013 Grant 2026 \u2013 nga Agjencia Shtet\u00ebrore Startup Albania\" tabindex=\"-1\" >\n\t\t\tM\u00eb shum\u00eb\t\t<\/a>\n\n\t\t\t\t\t<\/div>\n\t\t\t\t<\/div>\n\t\t\t\t<div class=\"elementor-post__meta-data\">\n\t\t\t\t\t<span class=\"elementor-post-date\">\n\t\t\tMarch 2, 2026\t\t<\/span>\n\t\t\t\t<\/div>\n\t\t\t\t\t<\/div>\n\t\t<\/article>\n\t\t\t\t<article class=\"elementor-post elementor-grid-item post-13397 post type-post status-publish format-standard hentry category-njoftime category-zyra-e-karrieres\">\n\t\t\t<div class=\"elementor-post__card\">\n\t\t\t\t<div class=\"elementor-post__text\">\n\t\t\t\t<h2 class=\"elementor-post__title\">\n\t\t\t<a href=\"https:\/\/fie.edu.al\/en\/pyetesori_studentor\/\" >\n\t\t\t\tPyetesori_Studentor\t\t\t<\/a>\n\t\t<\/h2>\n\t\t\t\t<div class=\"elementor-post__excerpt\">\n\t\t\t<p>Pyetesori_Studentor<\/p>\n\t\t<\/div>\n\t\t\t\t\t<div class=\"elementor-post__read-more-wrapper\">\n\t\t\n\t\t<a class=\"elementor-post__read-more\" href=\"https:\/\/fie.edu.al\/en\/pyetesori_studentor\/\" aria-label=\"Read more about Pyetesori_Studentor\" tabindex=\"-1\" >\n\t\t\tM\u00eb shum\u00eb\t\t<\/a>\n\n\t\t\t\t\t<\/div>\n\t\t\t\t<\/div>\n\t\t\t\t<div class=\"elementor-post__meta-data\">\n\t\t\t\t\t<span class=\"elementor-post-date\">\n\t\t\tJanuary 20, 2026\t\t<\/span>\n\t\t\t\t<\/div>\n\t\t\t\t\t<\/div>\n\t\t<\/article>\n\t\t\t\t<article class=\"elementor-post elementor-grid-item post-12975 post type-post status-publish format-standard hentry category-zyra-e-karrieres\">\n\t\t\t<div class=\"elementor-post__card\">\n\t\t\t\t<div class=\"elementor-post__text\">\n\t\t\t\t<h2 class=\"elementor-post__title\">\n\t\t\t<a href=\"https:\/\/fie.edu.al\/en\/njoftim-per-panairin-e-karrieres\/\" >\n\t\t\t\tNjoftim per panairin e karrier\u00ebs\t\t\t<\/a>\n\t\t<\/h2>\n\t\t\t\t<div class=\"elementor-post__excerpt\">\n\t\t\t<p>Tiran\u00eb m\u00eb, 11\/04\/2025 NJOFTIM Fakulteti Inxhinieris\u00eb Elektrike ka k\u00ebnaq\u00ebsin\u00eb t\u2019ju ftoj\u00eb t\u00eb merrni pjes\u00eb n\u00eb panairin e karrier\u00ebs, q\u00eb do zhvillohet m\u00eb dat\u00eb 24 Prill, ora: 09:30 &#8211; 12:00 n\u00eb ambientet e Fakultetit t\u00eb Inxhinieris\u00eb Elektrike. Ky panair organizohet nga<\/p>\n\t\t<\/div>\n\t\t\t\t\t<div class=\"elementor-post__read-more-wrapper\">\n\t\t\n\t\t<a class=\"elementor-post__read-more\" href=\"https:\/\/fie.edu.al\/en\/njoftim-per-panairin-e-karrieres\/\" aria-label=\"Read more about Njoftim per panairin e karrier\u00ebs\" tabindex=\"-1\" >\n\t\t\tM\u00eb shum\u00eb\t\t<\/a>\n\n\t\t\t\t\t<\/div>\n\t\t\t\t<\/div>\n\t\t\t\t<div class=\"elementor-post__meta-data\">\n\t\t\t\t\t<span class=\"elementor-post-date\">\n\t\t\tApril 11, 2025\t\t<\/span>\n\t\t\t\t<\/div>\n\t\t\t\t\t<\/div>\n\t\t<\/article>\n\t\t\t\t<\/div>\n\t\t\n\t\t\t\t\t\t<\/div>\n\t\t\t\t<\/div>\n\t\t\t\t\t<\/div>\n\t\t\t\t<\/div>\n\t\t\t\t<\/div>","protected":false},"excerpt":{"rendered":"<p>Kontakt p\u00ebr Zyr\u00ebn e Karrier\u00ebs Email: karriera@fie-upt.edu.al\u00a0 Njoftime<\/p>","protected":false},"author":1,"featured_media":0,"parent":0,"menu_order":0,"comment_status":"closed","ping_status":"closed","template":"","meta":{"_acf_changed":false,"footnotes":""},"class_list":["post-12365","page","type-page","status-publish","hentry"],"acf":[],"yoast_head":"<!-- This site is optimized with the Yoast SEO plugin v24.4 - https:\/\/yoast.com\/wordpress\/plugins\/seo\/ -->\n<title>Zyra e Karrier\u00ebs - Fakulteti i Inxhinieris\u00eb Elektrike - Universiteti Politeknik i Tiran\u00ebs<\/title>\n<meta name=\"robots\" content=\"index, follow, max-snippet:-1, max-image-preview:large, max-video-preview:-1\" \/>\n<link rel=\"canonical\" href=\"https:\/\/fie.edu.al\/en\/zyra-e-karrieres\/\" \/>\n<meta property=\"og:locale\" content=\"en_GB\" \/>\n<meta property=\"og:type\" content=\"article\" \/>\n<meta property=\"og:title\" content=\"Zyra e Karrier\u00ebs - Fakulteti i Inxhinieris\u00eb Elektrike - Universiteti Politeknik i Tiran\u00ebs\" \/>\n<meta property=\"og:description\" content=\"Kontakt p\u00ebr Zyr\u00ebn e Karrier\u00ebs Email: karriera@fie-upt.edu.al\u00a0 Njoftime\" \/>\n<meta property=\"og:url\" content=\"https:\/\/fie.edu.al\/en\/zyra-e-karrieres\/\" \/>\n<meta property=\"og:site_name\" content=\"Fakulteti i Inxhinieris\u00eb Elektrike - Universiteti Politeknik i Tiran\u00ebs\" \/>\n<meta property=\"article:publisher\" content=\"https:\/\/www.facebook.com\/p\/Fakulteti-Inxhinierise-Elektrike-100083035187224\/\" \/>\n<meta property=\"article:modified_time\" content=\"2025-04-11T11:58:03+00:00\" \/>\n<meta property=\"og:image\" content=\"https:\/\/fie.edu.al\/wp-content\/uploads\/2024\/10\/1aa1043f-e21c-4748-bfec-2f86481ca215-1-scaled.jpeg\" \/>\n\t<meta property=\"og:image:width\" content=\"2560\" \/>\n\t<meta property=\"og:image:height\" content=\"1920\" \/>\n\t<meta property=\"og:image:type\" content=\"image\/jpeg\" \/>\n<meta name=\"twitter:card\" content=\"summary_large_image\" \/>\n<meta name=\"twitter:label1\" content=\"Estimated reading time\" \/>\n\t<meta name=\"twitter:data1\" content=\"1 minute\" \/>\n<script type=\"application\/ld+json\" class=\"yoast-schema-graph\">{\"@context\":\"https:\/\/schema.org\",\"@graph\":[{\"@type\":\"WebPage\",\"@id\":\"https:\/\/fie.edu.al\/zyra-e-karrieres\/\",\"url\":\"https:\/\/fie.edu.al\/zyra-e-karrieres\/\",\"name\":\"Zyra e Karrier\u00ebs - Fakulteti i Inxhinieris\u00eb Elektrike - Universiteti Politeknik i Tiran\u00ebs\",\"isPartOf\":{\"@id\":\"https:\/\/fie.edu.al\/#website\"},\"datePublished\":\"2024-11-13T08:18:16+00:00\",\"dateModified\":\"2025-04-11T11:58:03+00:00\",\"breadcrumb\":{\"@id\":\"https:\/\/fie.edu.al\/zyra-e-karrieres\/#breadcrumb\"},\"inLanguage\":\"en-GB\",\"potentialAction\":[{\"@type\":\"ReadAction\",\"target\":[\"https:\/\/fie.edu.al\/zyra-e-karrieres\/\"]}]},{\"@type\":\"BreadcrumbList\",\"@id\":\"https:\/\/fie.edu.al\/zyra-e-karrieres\/#breadcrumb\",\"itemListElement\":[{\"@type\":\"ListItem\",\"position\":1,\"name\":\"Home\",\"item\":\"https:\/\/fie.edu.al\/\"},{\"@type\":\"ListItem\",\"position\":2,\"name\":\"Zyra e Karrier\u00ebs\"}]},{\"@type\":\"WebSite\",\"@id\":\"https:\/\/fie.edu.al\/#website\",\"url\":\"https:\/\/fie.edu.al\/\",\"name\":\"Fakulteti i Inxhinieris\u00eb Elektronike - Universiteti Politeknik i Tiran\u00ebs\",\"description\":\"\",\"publisher\":{\"@id\":\"https:\/\/fie.edu.al\/#organization\"},\"potentialAction\":[{\"@type\":\"SearchAction\",\"target\":{\"@type\":\"EntryPoint\",\"urlTemplate\":\"https:\/\/fie.edu.al\/?s={search_term_string}\"},\"query-input\":{\"@type\":\"PropertyValueSpecification\",\"valueRequired\":true,\"valueName\":\"search_term_string\"}}],\"inLanguage\":\"en-GB\"},{\"@type\":\"Organization\",\"@id\":\"https:\/\/fie.edu.al\/#organization\",\"name\":\"Fakulteti i Inxhinieris\u00eb Elektronike - Universiteti Politeknik i Tiran\u00ebs\",\"url\":\"https:\/\/fie.edu.al\/\",\"logo\":{\"@type\":\"ImageObject\",\"inLanguage\":\"en-GB\",\"@id\":\"https:\/\/fie.edu.al\/#\/schema\/logo\/image\/\",\"url\":\"https:\/\/fie.edu.al\/wp-content\/uploads\/2024\/10\/favicon.png\",\"contentUrl\":\"https:\/\/fie.edu.al\/wp-content\/uploads\/2024\/10\/favicon.png\",\"width\":500,\"height\":500,\"caption\":\"Fakulteti i Inxhinieris\u00eb Elektronike - Universiteti Politeknik i Tiran\u00ebs\"},\"image\":{\"@id\":\"https:\/\/fie.edu.al\/#\/schema\/logo\/image\/\"},\"sameAs\":[\"https:\/\/www.facebook.com\/p\/Fakulteti-Inxhinierise-Elektrike-100083035187224\/\",\"https:\/\/www.instagram.com\/fie.upt.al\/?hl=en\"]}]}<\/script>\n<!-- \/ Yoast SEO plugin. -->","yoast_head_json":{"title":"Zyra e Karrier\u00ebs - Fakulteti i Inxhinieris\u00eb Elektrike - Universiteti Politeknik i Tiran\u00ebs","robots":{"index":"index","follow":"follow","max-snippet":"max-snippet:-1","max-image-preview":"max-image-preview:large","max-video-preview":"max-video-preview:-1"},"canonical":"https:\/\/fie.edu.al\/en\/zyra-e-karrieres\/","og_locale":"en_GB","og_type":"article","og_title":"Zyra e Karrier\u00ebs - Fakulteti i Inxhinieris\u00eb Elektrike - Universiteti Politeknik i Tiran\u00ebs","og_description":"Kontakt p\u00ebr Zyr\u00ebn e Karrier\u00ebs Email: karriera@fie-upt.edu.al\u00a0 Njoftime","og_url":"https:\/\/fie.edu.al\/en\/zyra-e-karrieres\/","og_site_name":"Fakulteti i Inxhinieris\u00eb Elektrike - Universiteti Politeknik i Tiran\u00ebs","article_publisher":"https:\/\/www.facebook.com\/p\/Fakulteti-Inxhinierise-Elektrike-100083035187224\/","article_modified_time":"2025-04-11T11:58:03+00:00","og_image":[{"width":2560,"height":1920,"url":"https:\/\/fie.edu.al\/wp-content\/uploads\/2024\/10\/1aa1043f-e21c-4748-bfec-2f86481ca215-1-scaled.jpeg","type":"image\/jpeg"}],"twitter_card":"summary_large_image","twitter_misc":{"Estimated reading time":"1 minute"},"schema":{"@context":"https:\/\/schema.org","@graph":[{"@type":"WebPage","@id":"https:\/\/fie.edu.al\/zyra-e-karrieres\/","url":"https:\/\/fie.edu.al\/zyra-e-karrieres\/","name":"Zyra e Karrier\u00ebs - Fakulteti i Inxhinieris\u00eb Elektrike - Universiteti Politeknik i Tiran\u00ebs","isPartOf":{"@id":"https:\/\/fie.edu.al\/#website"},"datePublished":"2024-11-13T08:18:16+00:00","dateModified":"2025-04-11T11:58:03+00:00","breadcrumb":{"@id":"https:\/\/fie.edu.al\/zyra-e-karrieres\/#breadcrumb"},"inLanguage":"en-GB","potentialAction":[{"@type":"ReadAction","target":["https:\/\/fie.edu.al\/zyra-e-karrieres\/"]}]},{"@type":"BreadcrumbList","@id":"https:\/\/fie.edu.al\/zyra-e-karrieres\/#breadcrumb","itemListElement":[{"@type":"ListItem","position":1,"name":"Home","item":"https:\/\/fie.edu.al\/"},{"@type":"ListItem","position":2,"name":"Zyra e Karrier\u00ebs"}]},{"@type":"WebSite","@id":"https:\/\/fie.edu.al\/#website","url":"https:\/\/fie.edu.al\/","name":"Fakulteti i Inxhinieris\u00eb Elektronike - Universiteti Politeknik i Tiran\u00ebs","description":"","publisher":{"@id":"https:\/\/fie.edu.al\/#organization"},"potentialAction":[{"@type":"SearchAction","target":{"@type":"EntryPoint","urlTemplate":"https:\/\/fie.edu.al\/?s={search_term_string}"},"query-input":{"@type":"PropertyValueSpecification","valueRequired":true,"valueName":"search_term_string"}}],"inLanguage":"en-GB"},{"@type":"Organization","@id":"https:\/\/fie.edu.al\/#organization","name":"Fakulteti i Inxhinieris\u00eb Elektronike - Universiteti Politeknik i Tiran\u00ebs","url":"https:\/\/fie.edu.al\/","logo":{"@type":"ImageObject","inLanguage":"en-GB","@id":"https:\/\/fie.edu.al\/#\/schema\/logo\/image\/","url":"https:\/\/fie.edu.al\/wp-content\/uploads\/2024\/10\/favicon.png","contentUrl":"https:\/\/fie.edu.al\/wp-content\/uploads\/2024\/10\/favicon.png","width":500,"height":500,"caption":"Fakulteti i Inxhinieris\u00eb Elektronike - Universiteti Politeknik i Tiran\u00ebs"},"image":{"@id":"https:\/\/fie.edu.al\/#\/schema\/logo\/image\/"},"sameAs":["https:\/\/www.facebook.com\/p\/Fakulteti-Inxhinierise-Elektrike-100083035187224\/","https:\/\/www.instagram.com\/fie.upt.al\/?hl=en"]}]}},"_links":{"self":[{"href":"https:\/\/fie.edu.al\/en\/wp-json\/wp\/v2\/pages\/12365","targetHints":{"allow":["GET"]}}],"collection":[{"href":"https:\/\/fie.edu.al\/en\/wp-json\/wp\/v2\/pages"}],"about":[{"href":"https:\/\/fie.edu.al\/en\/wp-json\/wp\/v2\/types\/page"}],"author":[{"embeddable":true,"href":"https:\/\/fie.edu.al\/en\/wp-json\/wp\/v2\/users\/1"}],"replies":[{"embeddable":true,"href":"https:\/\/fie.edu.al\/en\/wp-json\/wp\/v2\/comments?post=12365"}],"version-history":[{"count":10,"href":"https:\/\/fie.edu.al\/en\/wp-json\/wp\/v2\/pages\/12365\/revisions"}],"predecessor-version":[{"id":12986,"href":"https:\/\/fie.edu.al\/en\/wp-json\/wp\/v2\/pages\/12365\/revisions\/12986"}],"wp:attachment":[{"href":"https:\/\/fie.edu.al\/en\/wp-json\/wp\/v2\/media?parent=12365"}],"curies":[{"name":"wp","href":"https:\/\/api.w.org\/{rel}","templated":true}]}}