{"id":11808,"date":"2024-10-18T07:34:43","date_gmt":"2024-10-18T07:34:43","guid":{"rendered":"https:\/\/fie.edu.al\/?page_id=11808"},"modified":"2026-02-20T11:07:24","modified_gmt":"2026-02-20T11:07:24","slug":"orari-i-mesimeve","status":"publish","type":"page","link":"https:\/\/fie.edu.al\/en\/orari-i-mesimeve\/","title":{"rendered":"Lesson schedule"},"content":{"rendered":"<div data-elementor-type=\"wp-page\" data-elementor-id=\"11808\" class=\"elementor elementor-11808\" data-elementor-post-type=\"page\">\n\t\t\t\t\t\t<section class=\"elementor-section elementor-top-section elementor-element elementor-element-2e52e26d elementor-section-height-min-height elementor-section-stretched elementor-section-boxed elementor-section-height-default elementor-section-items-middle\" data-id=\"2e52e26d\" data-element_type=\"section\" data-settings=\"{&quot;stretch_section&quot;:&quot;section-stretched&quot;,&quot;background_background&quot;:&quot;classic&quot;}\">\n\t\t\t\t\t\t<div class=\"elementor-container elementor-column-gap-custom\">\n\t\t\t\t\t<div class=\"elementor-column elementor-col-100 elementor-top-column elementor-element elementor-element-7fd5a507\" data-id=\"7fd5a507\" data-element_type=\"column\">\n\t\t\t<div class=\"elementor-widget-wrap elementor-element-populated\">\n\t\t\t\t\t\t<div class=\"elementor-element elementor-element-6e310db5 elementor-widget elementor-widget-thim-ekits-breadcrumb\" data-id=\"6e310db5\" data-element_type=\"widget\" data-widget_type=\"thim-ekits-breadcrumb.default\">\n\t\t\t\t<div class=\"elementor-widget-container\">\n\t\t\t\t\t\n\t\t\t<div class=\"thim-ekit-breadcrumb\">\n\n\t\t\t\tHome\n\t\t\t<\/div>\n\n\t\t\t\t\t\t\t<\/div>\n\t\t\t\t<\/div>\n\t\t\t\t\t<\/div>\n\t\t<\/div>\n\t\t\t\t\t<\/div>\n\t\t<\/section>\n\t\t\t\t<section class=\"elementor-section elementor-top-section elementor-element elementor-element-37d02bab elementor-section-stretched elementor-section-boxed elementor-section-height-default elementor-section-height-default\" data-id=\"37d02bab\" data-element_type=\"section\" data-settings=\"{&quot;stretch_section&quot;:&quot;section-stretched&quot;}\">\n\t\t\t\t\t\t<div class=\"elementor-container elementor-column-gap-custom\">\n\t\t\t\t\t<div class=\"elementor-column elementor-col-100 elementor-top-column elementor-element elementor-element-533248f2\" data-id=\"533248f2\" data-element_type=\"column\">\n\t\t\t<div class=\"elementor-widget-wrap elementor-element-populated\">\n\t\t\t\t\t\t<div class=\"elementor-element elementor-element-7688a22a thim-ekits-heading-text-left elementor-widget thim-ekits-heading elementor-widget-thim-heading\" data-id=\"7688a22a\" data-element_type=\"widget\" data-widget_type=\"thim-heading.default\">\n\t\t\t\t<div class=\"elementor-widget-container\">\n\t\t\t\t\t<div class=\"sc_heading text-left\"><h1 class=\"title\">Lesson schedule <\/h1><\/div>\t\t\t\t<\/div>\n\t\t\t\t<\/div>\n\t\t\t\t\t<\/div>\n\t\t<\/div>\n\t\t\t\t\t<\/div>\n\t\t<\/section>\n\t\t\t\t<section class=\"elementor-section elementor-top-section elementor-element elementor-element-5bd3054d elementor-section-stretched elementor-section-boxed elementor-section-height-default elementor-section-height-default\" data-id=\"5bd3054d\" data-element_type=\"section\" data-settings=\"{&quot;stretch_section&quot;:&quot;section-stretched&quot;}\">\n\t\t\t\t\t\t<div class=\"elementor-container elementor-column-gap-custom\">\n\t\t\t\t\t<div class=\"elementor-column elementor-col-100 elementor-top-column elementor-element elementor-element-722a80d2\" data-id=\"722a80d2\" data-element_type=\"column\">\n\t\t\t<div class=\"elementor-widget-wrap elementor-element-populated\">\n\t\t\t\t\t\t<div class=\"elementor-element elementor-element-0dba332 elementor-widget elementor-widget-text-editor\" data-id=\"0dba332\" data-element_type=\"widget\" data-widget_type=\"text-editor.default\">\n\t\t\t\t<div class=\"elementor-widget-container\">\n\t\t\t\t\t\t\t\t\t<p><strong>LESSON SCHEDULE FIRST SEMESTER:<\/strong><\/p><p>\u00a0<strong>LESSON SCHEDULE FOR BACHELOR STUDY PROGRAM FIRST SEMESTER:<\/strong><\/p><ul><li><a href=\"https:\/\/fie.edu.al\/wp-content\/uploads\/2025\/10\/Orari-i-mesimit_Sem.I_VITI-I_BCH_2025-2026.pdf\">FIRST YEAR<\/a><\/li><\/ul><ul><li><a href=\"https:\/\/fie.edu.al\/wp-content\/uploads\/2025\/10\/Orari-i-mesimit_Sem.I_VITI-II_BCH_2025-2026.pdf\">SECOND YEAR<\/a><\/li><\/ul><ul><li><a href=\"https:\/\/fie.edu.al\/wp-content\/uploads\/2025\/10\/Orari-i-mesimit_Sem.I_VITI-III_BCH_2025-2026.pdf\">THIRD YEAR\u00a0<\/a><\/li><\/ul><p><strong>SCHEDULE OF LESSONS FOR THE PROFESSIONAL MASTER STUDY PROGRAM FIRST SEMESTER:<\/strong><\/p><ul><li><a href=\"https:\/\/fie.edu.al\/wp-content\/uploads\/2025\/10\/Orari-i-mesimit_Sem.I_MASTER-ENERGJITKE_2025-2026.pdf\">Professional Energy Master<\/a><\/li><\/ul><ul><li><a href=\"https:\/\/fie.edu.al\/wp-content\/uploads\/2025\/09\/Orari-i-mesimit_Sem.I_MASTER-AUTOMATIZIM-INDUSTRIE_2025-2026.pdf\">Industrial Automation Professional Master<\/a><\/li><\/ul><ul><li><a href=\"https:\/\/fie.edu.al\/wp-content\/uploads\/2025\/09\/Orari-i-mesimit_Sem.I_MASTER-INXHINIERI-MEKATRONIKE_2025-2026.pdf\">Mechatronics Professional Master<\/a><\/li><\/ul><p><strong>\u00a0<\/strong><strong>SCHEDULE OF LESSONS FOR THE SCIENTIFIC MASTER STUDY PROGRAM FIRST SEMESTER:<\/strong><\/p><ul><li><a href=\"https:\/\/fie.edu.al\/wp-content\/uploads\/2025\/09\/Orari-i-mesimit_Sem.I_MASTER-AUTOMATIZIM-INDUSTRIE_2025-2026.pdf\">Scientific Master Industrial Automation<\/a><\/li><\/ul><ul><li><a href=\"https:\/\/fie.edu.al\/wp-content\/uploads\/2025\/10\/Orari-i-mesimit_Sem.I_MASTER-ENERGJITKE_2025-2026.pdf\">Master of Science in Energy<\/a><\/li><li><a href=\"https:\/\/fie.edu.al\/wp-content\/uploads\/2025\/09\/Orari-i-mesimit_Sem.I_MASTER-INXHINIERI-MEKATRONIKE_2025-2026.pdf\">Master of Science Mechatronics<\/a><\/li><\/ul><p>\u00a0<strong>CLASS SCHEDULE SECOND SEMESTER:<\/strong><\/p><p>\u00a0<strong>CLASS SCHEDULE FOR THE BACHELOR STUDY PROGRAM SECOND SEMESTER:<\/strong><\/p><ul><li><a href=\"https:\/\/fie.edu.al\/wp-content\/uploads\/2026\/02\/Viti-I-S2-1.pdf\">FIRST YEAR<\/a><\/li><\/ul><ul><li><a href=\"https:\/\/fie.edu.al\/wp-content\/uploads\/2026\/02\/Viti-II-S2.pdf\">SECOND YEAR<\/a><\/li><\/ul><ul><li><a href=\"https:\/\/fie.edu.al\/wp-content\/uploads\/2026\/02\/Viti-III-S2.pdf\">THIRD YEAR<\/a><\/li><\/ul><p><strong>\u00a0CLASS SCHEDULE FOR THE SECOND SEMESTER PROFESSIONAL MASTER STUDY PROGRAM:<\/strong><\/p><ul><li><a href=\"https:\/\/fie.edu.al\/wp-content\/uploads\/2026\/02\/Master-Shkencor-dhe-Profesional-Energjitke-S2.pdf\">Professional Master in Energy<\/a><\/li><\/ul><ul><li><a href=\"https:\/\/fie.edu.al\/wp-content\/uploads\/2026\/02\/Master-Shkencor-dhe-Profesional-Aut_Industrie-S2.pdf\">Industrial Automation Professional Master<\/a><\/li><\/ul><ul><li><a href=\"https:\/\/fie.edu.al\/wp-content\/uploads\/2026\/02\/Master-Shkencor-dhe-Profesional-Mekatronike-S2.pdf\">Master Professional Mechatronics<\/a><\/li><\/ul><p><strong>\u00a0<\/strong><strong>CLASS SCHEDULE FOR THE MASTER OF SCIENTIFIC STUDY PROGRAM SECOND SEMESTER:<\/strong><\/p><ul><li><a href=\"https:\/\/fie.edu.al\/wp-content\/uploads\/2026\/02\/Master-Shkencor-dhe-Profesional-Aut_Industrie-S2.pdf\">Scientific Master Industrial Automation<\/a><\/li><\/ul><ul><li><a href=\"https:\/\/fie.edu.al\/wp-content\/uploads\/2026\/02\/Master-Shkencor-dhe-Profesional-Energjitke-S2.pdf\">Master of Science in Energy<\/a><\/li><\/ul><ul><li><a href=\"https:\/\/fie.edu.al\/wp-content\/uploads\/2026\/02\/Master-Shkencor-dhe-Profesional-Mekatronike-S2.pdf\">Master of Science Mechatronics<\/a><\/li><\/ul>\t\t\t\t\t\t\t\t<\/div>\n\t\t\t\t<\/div>\n\t\t\t\t\t<\/div>\n\t\t<\/div>\n\t\t\t\t\t<\/div>\n\t\t<\/section>\n\t\t\t\t<\/div>","protected":false},"excerpt":{"rendered":"<p>Home Orari i m\u00ebsimeve ORARI I M\u00cbSIMEVE SEMESTRI I PAR\u00cb: \u00a0ORARI I M\u00cbSIMEVE P\u00cbR PROGRAMIN E STUDIMIT BACHELOR SEMESTRI I PAR\u00cb: VITI i PAR\u00cb VITI i DYT\u00cb VITI i TRET\u00cb\u00a0 ORARI I M\u00cbSIMEVE P\u00cbR PROGRAMIN E STUDIMIT MASTER PROFESIONAL SEMESTRI &hellip; <\/p>","protected":false},"author":1,"featured_media":0,"parent":0,"menu_order":0,"comment_status":"closed","ping_status":"closed","template":"elementor_header_footer","meta":{"_acf_changed":false,"footnotes":""},"class_list":["post-11808","page","type-page","status-publish","hentry"],"acf":[],"yoast_head":"<!-- This site is optimized with the Yoast SEO plugin v24.4 - https:\/\/yoast.com\/wordpress\/plugins\/seo\/ -->\n<title>Orari i m\u00ebsimeve - Fakulteti i Inxhinieris\u00eb Elektrike - Universiteti Politeknik i Tiran\u00ebs<\/title>\n<meta name=\"robots\" content=\"index, follow, max-snippet:-1, max-image-preview:large, max-video-preview:-1\" \/>\n<link rel=\"canonical\" href=\"https:\/\/fie.edu.al\/en\/orari-i-mesimeve\/\" \/>\n<meta property=\"og:locale\" content=\"en_GB\" \/>\n<meta property=\"og:type\" content=\"article\" \/>\n<meta property=\"og:title\" content=\"Orari i m\u00ebsimeve - Fakulteti i Inxhinieris\u00eb Elektrike - Universiteti Politeknik i Tiran\u00ebs\" \/>\n<meta property=\"og:description\" content=\"Home Orari i m\u00ebsimeve ORARI I M\u00cbSIMEVE SEMESTRI I PAR\u00cb: \u00a0ORARI I M\u00cbSIMEVE P\u00cbR PROGRAMIN E STUDIMIT BACHELOR SEMESTRI I PAR\u00cb: VITI i PAR\u00cb VITI i DYT\u00cb VITI i TRET\u00cb\u00a0 ORARI I M\u00cbSIMEVE P\u00cbR PROGRAMIN E STUDIMIT MASTER PROFESIONAL SEMESTRI &hellip;\" \/>\n<meta property=\"og:url\" content=\"https:\/\/fie.edu.al\/en\/orari-i-mesimeve\/\" \/>\n<meta property=\"og:site_name\" content=\"Fakulteti i Inxhinieris\u00eb Elektrike - Universiteti Politeknik i Tiran\u00ebs\" \/>\n<meta property=\"article:publisher\" content=\"https:\/\/www.facebook.com\/p\/Fakulteti-Inxhinierise-Elektrike-100083035187224\/\" \/>\n<meta property=\"article:modified_time\" content=\"2026-02-20T11:07:24+00:00\" \/>\n<meta property=\"og:image\" content=\"https:\/\/fie.edu.al\/wp-content\/uploads\/2024\/10\/1aa1043f-e21c-4748-bfec-2f86481ca215-1-scaled.jpeg\" \/>\n\t<meta property=\"og:image:width\" content=\"2560\" \/>\n\t<meta property=\"og:image:height\" content=\"1920\" \/>\n\t<meta property=\"og:image:type\" content=\"image\/jpeg\" \/>\n<meta name=\"twitter:card\" content=\"summary_large_image\" \/>\n<meta name=\"twitter:label1\" content=\"Estimated reading time\" \/>\n\t<meta name=\"twitter:data1\" content=\"1 minute\" \/>\n<script type=\"application\/ld+json\" class=\"yoast-schema-graph\">{\"@context\":\"https:\/\/schema.org\",\"@graph\":[{\"@type\":\"WebPage\",\"@id\":\"https:\/\/fie.edu.al\/orari-i-mesimeve\/\",\"url\":\"https:\/\/fie.edu.al\/orari-i-mesimeve\/\",\"name\":\"Orari i m\u00ebsimeve - Fakulteti i Inxhinieris\u00eb Elektrike - Universiteti Politeknik i Tiran\u00ebs\",\"isPartOf\":{\"@id\":\"https:\/\/fie.edu.al\/#website\"},\"datePublished\":\"2024-10-18T07:34:43+00:00\",\"dateModified\":\"2026-02-20T11:07:24+00:00\",\"breadcrumb\":{\"@id\":\"https:\/\/fie.edu.al\/orari-i-mesimeve\/#breadcrumb\"},\"inLanguage\":\"en-GB\",\"potentialAction\":[{\"@type\":\"ReadAction\",\"target\":[\"https:\/\/fie.edu.al\/orari-i-mesimeve\/\"]}]},{\"@type\":\"BreadcrumbList\",\"@id\":\"https:\/\/fie.edu.al\/orari-i-mesimeve\/#breadcrumb\",\"itemListElement\":[{\"@type\":\"ListItem\",\"position\":1,\"name\":\"Home\",\"item\":\"https:\/\/fie.edu.al\/\"},{\"@type\":\"ListItem\",\"position\":2,\"name\":\"Orari i m\u00ebsimeve\"}]},{\"@type\":\"WebSite\",\"@id\":\"https:\/\/fie.edu.al\/#website\",\"url\":\"https:\/\/fie.edu.al\/\",\"name\":\"Fakulteti i Inxhinieris\u00eb Elektronike - Universiteti Politeknik i Tiran\u00ebs\",\"description\":\"\",\"publisher\":{\"@id\":\"https:\/\/fie.edu.al\/#organization\"},\"potentialAction\":[{\"@type\":\"SearchAction\",\"target\":{\"@type\":\"EntryPoint\",\"urlTemplate\":\"https:\/\/fie.edu.al\/?s={search_term_string}\"},\"query-input\":{\"@type\":\"PropertyValueSpecification\",\"valueRequired\":true,\"valueName\":\"search_term_string\"}}],\"inLanguage\":\"en-GB\"},{\"@type\":\"Organization\",\"@id\":\"https:\/\/fie.edu.al\/#organization\",\"name\":\"Fakulteti i Inxhinieris\u00eb Elektronike - Universiteti Politeknik i Tiran\u00ebs\",\"url\":\"https:\/\/fie.edu.al\/\",\"logo\":{\"@type\":\"ImageObject\",\"inLanguage\":\"en-GB\",\"@id\":\"https:\/\/fie.edu.al\/#\/schema\/logo\/image\/\",\"url\":\"https:\/\/fie.edu.al\/wp-content\/uploads\/2024\/10\/favicon.png\",\"contentUrl\":\"https:\/\/fie.edu.al\/wp-content\/uploads\/2024\/10\/favicon.png\",\"width\":500,\"height\":500,\"caption\":\"Fakulteti i Inxhinieris\u00eb Elektronike - Universiteti Politeknik i Tiran\u00ebs\"},\"image\":{\"@id\":\"https:\/\/fie.edu.al\/#\/schema\/logo\/image\/\"},\"sameAs\":[\"https:\/\/www.facebook.com\/p\/Fakulteti-Inxhinierise-Elektrike-100083035187224\/\",\"https:\/\/www.instagram.com\/fie.upt.al\/?hl=en\"]}]}<\/script>\n<!-- \/ Yoast SEO plugin. -->","yoast_head_json":{"title":"Orari i m\u00ebsimeve - Fakulteti i Inxhinieris\u00eb Elektrike - Universiteti Politeknik i Tiran\u00ebs","robots":{"index":"index","follow":"follow","max-snippet":"max-snippet:-1","max-image-preview":"max-image-preview:large","max-video-preview":"max-video-preview:-1"},"canonical":"https:\/\/fie.edu.al\/en\/orari-i-mesimeve\/","og_locale":"en_GB","og_type":"article","og_title":"Orari i m\u00ebsimeve - Fakulteti i Inxhinieris\u00eb Elektrike - Universiteti Politeknik i Tiran\u00ebs","og_description":"Home Orari i m\u00ebsimeve ORARI I M\u00cbSIMEVE SEMESTRI I PAR\u00cb: \u00a0ORARI I M\u00cbSIMEVE P\u00cbR PROGRAMIN E STUDIMIT BACHELOR SEMESTRI I PAR\u00cb: VITI i PAR\u00cb VITI i DYT\u00cb VITI i TRET\u00cb\u00a0 ORARI I M\u00cbSIMEVE P\u00cbR PROGRAMIN E STUDIMIT MASTER PROFESIONAL SEMESTRI &hellip;","og_url":"https:\/\/fie.edu.al\/en\/orari-i-mesimeve\/","og_site_name":"Fakulteti i Inxhinieris\u00eb Elektrike - Universiteti Politeknik i Tiran\u00ebs","article_publisher":"https:\/\/www.facebook.com\/p\/Fakulteti-Inxhinierise-Elektrike-100083035187224\/","article_modified_time":"2026-02-20T11:07:24+00:00","og_image":[{"width":2560,"height":1920,"url":"https:\/\/fie.edu.al\/wp-content\/uploads\/2024\/10\/1aa1043f-e21c-4748-bfec-2f86481ca215-1-scaled.jpeg","type":"image\/jpeg"}],"twitter_card":"summary_large_image","twitter_misc":{"Estimated reading time":"1 minute"},"schema":{"@context":"https:\/\/schema.org","@graph":[{"@type":"WebPage","@id":"https:\/\/fie.edu.al\/orari-i-mesimeve\/","url":"https:\/\/fie.edu.al\/orari-i-mesimeve\/","name":"Orari i m\u00ebsimeve - Fakulteti i Inxhinieris\u00eb Elektrike - Universiteti Politeknik i Tiran\u00ebs","isPartOf":{"@id":"https:\/\/fie.edu.al\/#website"},"datePublished":"2024-10-18T07:34:43+00:00","dateModified":"2026-02-20T11:07:24+00:00","breadcrumb":{"@id":"https:\/\/fie.edu.al\/orari-i-mesimeve\/#breadcrumb"},"inLanguage":"en-GB","potentialAction":[{"@type":"ReadAction","target":["https:\/\/fie.edu.al\/orari-i-mesimeve\/"]}]},{"@type":"BreadcrumbList","@id":"https:\/\/fie.edu.al\/orari-i-mesimeve\/#breadcrumb","itemListElement":[{"@type":"ListItem","position":1,"name":"Home","item":"https:\/\/fie.edu.al\/"},{"@type":"ListItem","position":2,"name":"Orari i m\u00ebsimeve"}]},{"@type":"WebSite","@id":"https:\/\/fie.edu.al\/#website","url":"https:\/\/fie.edu.al\/","name":"Fakulteti i Inxhinieris\u00eb Elektronike - Universiteti Politeknik i Tiran\u00ebs","description":"","publisher":{"@id":"https:\/\/fie.edu.al\/#organization"},"potentialAction":[{"@type":"SearchAction","target":{"@type":"EntryPoint","urlTemplate":"https:\/\/fie.edu.al\/?s={search_term_string}"},"query-input":{"@type":"PropertyValueSpecification","valueRequired":true,"valueName":"search_term_string"}}],"inLanguage":"en-GB"},{"@type":"Organization","@id":"https:\/\/fie.edu.al\/#organization","name":"Fakulteti i Inxhinieris\u00eb Elektronike - Universiteti Politeknik i Tiran\u00ebs","url":"https:\/\/fie.edu.al\/","logo":{"@type":"ImageObject","inLanguage":"en-GB","@id":"https:\/\/fie.edu.al\/#\/schema\/logo\/image\/","url":"https:\/\/fie.edu.al\/wp-content\/uploads\/2024\/10\/favicon.png","contentUrl":"https:\/\/fie.edu.al\/wp-content\/uploads\/2024\/10\/favicon.png","width":500,"height":500,"caption":"Fakulteti i Inxhinieris\u00eb Elektronike - Universiteti Politeknik i Tiran\u00ebs"},"image":{"@id":"https:\/\/fie.edu.al\/#\/schema\/logo\/image\/"},"sameAs":["https:\/\/www.facebook.com\/p\/Fakulteti-Inxhinierise-Elektrike-100083035187224\/","https:\/\/www.instagram.com\/fie.upt.al\/?hl=en"]}]}},"_links":{"self":[{"href":"https:\/\/fie.edu.al\/en\/wp-json\/wp\/v2\/pages\/11808","targetHints":{"allow":["GET"]}}],"collection":[{"href":"https:\/\/fie.edu.al\/en\/wp-json\/wp\/v2\/pages"}],"about":[{"href":"https:\/\/fie.edu.al\/en\/wp-json\/wp\/v2\/types\/page"}],"author":[{"embeddable":true,"href":"https:\/\/fie.edu.al\/en\/wp-json\/wp\/v2\/users\/1"}],"replies":[{"embeddable":true,"href":"https:\/\/fie.edu.al\/en\/wp-json\/wp\/v2\/comments?post=11808"}],"version-history":[{"count":48,"href":"https:\/\/fie.edu.al\/en\/wp-json\/wp\/v2\/pages\/11808\/revisions"}],"predecessor-version":[{"id":13517,"href":"https:\/\/fie.edu.al\/en\/wp-json\/wp\/v2\/pages\/11808\/revisions\/13517"}],"wp:attachment":[{"href":"https:\/\/fie.edu.al\/en\/wp-json\/wp\/v2\/media?parent=11808"}],"curies":[{"name":"wp","href":"https:\/\/api.w.org\/{rel}","templated":true}]}}