{"id":11700,"date":"2024-10-17T21:41:02","date_gmt":"2024-10-17T21:41:02","guid":{"rendered":"https:\/\/fie.edu.al\/?page_id=11700"},"modified":"2024-10-17T21:41:24","modified_gmt":"2024-10-17T21:41:24","slug":"modalitetet-e-diplomimit","status":"publish","type":"page","link":"https:\/\/fie.edu.al\/en\/modalitetet-e-diplomimit\/","title":{"rendered":"Graduation modalities"},"content":{"rendered":"<div data-elementor-type=\"wp-page\" data-elementor-id=\"11700\" class=\"elementor elementor-11700\" data-elementor-post-type=\"page\">\n\t\t\t\t\t\t<section class=\"elementor-section elementor-top-section elementor-element elementor-element-2e52e26d elementor-section-height-min-height elementor-section-stretched elementor-section-boxed elementor-section-height-default elementor-section-items-middle\" data-id=\"2e52e26d\" data-element_type=\"section\" data-settings=\"{&quot;stretch_section&quot;:&quot;section-stretched&quot;,&quot;background_background&quot;:&quot;classic&quot;}\">\n\t\t\t\t\t\t<div class=\"elementor-container elementor-column-gap-custom\">\n\t\t\t\t\t<div class=\"elementor-column elementor-col-100 elementor-top-column elementor-element elementor-element-7fd5a507\" data-id=\"7fd5a507\" data-element_type=\"column\">\n\t\t\t<div class=\"elementor-widget-wrap elementor-element-populated\">\n\t\t\t\t\t\t<div class=\"elementor-element elementor-element-6e310db5 elementor-widget elementor-widget-thim-ekits-breadcrumb\" data-id=\"6e310db5\" data-element_type=\"widget\" data-widget_type=\"thim-ekits-breadcrumb.default\">\n\t\t\t\t<div class=\"elementor-widget-container\">\n\t\t\t\t\t\n\t\t\t<div class=\"thim-ekit-breadcrumb\">\n\n\t\t\t\tHome\n\t\t\t<\/div>\n\n\t\t\t\t\t\t\t<\/div>\n\t\t\t\t<\/div>\n\t\t\t\t\t<\/div>\n\t\t<\/div>\n\t\t\t\t\t<\/div>\n\t\t<\/section>\n\t\t\t\t<section class=\"elementor-section elementor-top-section elementor-element elementor-element-37d02bab elementor-section-stretched elementor-section-boxed elementor-section-height-default elementor-section-height-default\" data-id=\"37d02bab\" data-element_type=\"section\" data-settings=\"{&quot;stretch_section&quot;:&quot;section-stretched&quot;}\">\n\t\t\t\t\t\t<div class=\"elementor-container elementor-column-gap-custom\">\n\t\t\t\t\t<div class=\"elementor-column elementor-col-100 elementor-top-column elementor-element elementor-element-533248f2\" data-id=\"533248f2\" data-element_type=\"column\">\n\t\t\t<div class=\"elementor-widget-wrap elementor-element-populated\">\n\t\t\t\t\t\t<div class=\"elementor-element elementor-element-7688a22a thim-ekits-heading-text-left elementor-widget thim-ekits-heading elementor-widget-thim-heading\" data-id=\"7688a22a\" data-element_type=\"widget\" data-widget_type=\"thim-heading.default\">\n\t\t\t\t<div class=\"elementor-widget-container\">\n\t\t\t\t\t<div class=\"sc_heading text-left\"><h1 class=\"title\">Graduation modalities <\/h1><\/div>\t\t\t\t<\/div>\n\t\t\t\t<\/div>\n\t\t\t\t\t<\/div>\n\t\t<\/div>\n\t\t\t\t\t<\/div>\n\t\t<\/section>\n\t\t\t\t<section class=\"elementor-section elementor-top-section elementor-element elementor-element-5bd3054d elementor-section-stretched elementor-section-boxed elementor-section-height-default elementor-section-height-default\" data-id=\"5bd3054d\" data-element_type=\"section\" data-settings=\"{&quot;stretch_section&quot;:&quot;section-stretched&quot;}\">\n\t\t\t\t\t\t<div class=\"elementor-container elementor-column-gap-custom\">\n\t\t\t\t\t<div class=\"elementor-column elementor-col-100 elementor-top-column elementor-element elementor-element-722a80d2\" data-id=\"722a80d2\" data-element_type=\"column\">\n\t\t\t<div class=\"elementor-widget-wrap elementor-element-populated\">\n\t\t\t\t\t\t<div class=\"elementor-element elementor-element-0dba332 elementor-widget elementor-widget-text-editor\" data-id=\"0dba332\" data-element_type=\"widget\" data-widget_type=\"text-editor.default\">\n\t\t\t\t<div class=\"elementor-widget-container\">\n\t\t\t\t\t\t\t\t\t<p>1. N\u00eb p\u00ebrfundim t\u00eb kursit t\u00eb plot\u00eb t\u00eb programit t\u00eb studimit, student\u00ebt kan\u00eb t\u00eb drejt\u00eb t\u00eb diplomohen p\u00ebr t\u00eb fituar titullin p\u00ebrkat\u00ebs profesional t\u00eb p\u00ebrcaktuar n\u00eb statut. Diplomimi b\u00ebhet si rregull n\u00ebp\u00ebrmjet: p\u00ebrgatitjes dhe mbrojtjes s\u00eb nj\u00eb teze diplome. N\u00eb raste t\u00eb ve\u00e7anta, vet\u00ebm p\u00ebr programet e studimit t\u00eb ciklit t\u00eb par\u00eb, diplomimi mund t\u00eb b\u00ebhet me provim formimi n\u00eb p\u00ebrputhje me kurrikulat m\u00ebsimore t\u00eb programeve t\u00eb studimit.<\/p><p>2. Studenti nuk mund t\u00eb mbroj\u00eb tem\u00ebn e diplom\u00ebs \/ t\u00eb jap\u00eb provimin e formimit pa shlyer m\u00eb par\u00eb t\u00eb gjitha detyrimet dhe pa fituar numrin e krediteve t\u00eb parashikuara n\u00eb planet m\u00ebsimore t\u00eb programit p\u00ebrkat\u00ebs t\u00eb studimit.<\/p><p>3. Studenti, para mbrojtjes s\u00eb punimit t\u00eb diplom\u00ebs\/dh\u00ebnies s\u00eb provimit t\u00eb formimit, duhet t\u00eb ket\u00eb likuiduar t\u00eb gjitha detyrimet financiare dhe materiale q\u00eb mund t\u00eb ket\u00eb me universitetin, bibliotek\u00ebn shkencore, bibliotek\u00ebn komb\u00ebtare, konviktet, etj.<\/p><p>4. Fakultetet p\u00ebrkat\u00ebse, brenda nj\u00eb muaji nga dita e fillimit t\u00eb vitit shkollor, u b\u00ebjn\u00eb t\u00eb njohur student\u00ebve t\u00eb vitit t\u00eb fundit programet e provimeve t\u00eb formimit dhe\/ose tezat e diplom\u00ebs.<\/p><p><strong>Teza e diplom\u00ebs t\u00eb nivelit t\u00eb par\u00eb<\/strong><\/p><p>1. Teza e diplom\u00ebs t\u00eb nivelit t\u00eb par\u00eb \u00ebsht\u00eb nj\u00eb punim, n\u00eb form\u00ebn e nj\u00eb projekti apo p\u00ebrmbledhjeje punimesh t\u00eb kryera n\u00eb fushat e programit p\u00ebrkat\u00ebs t\u00eb studimit. Teza e<br \/>diplom\u00ebs p\u00ebrmban k\u00ebrkesa, m\u00ebnyra e shtrimit t\u00eb t\u00eb cilave i jep mund\u00ebsi studentit, q\u00eb n\u00ebp\u00ebrmjet njohurive t\u00eb fituara gjat\u00eb periudh\u00ebs s\u00eb shkollimit, t\u00eb tregoj\u00eb aft\u00ebsit\u00eb e tij p\u00ebr t\u00eb zgjidhur element\u00eb t\u00eb ve\u00e7ant\u00eb t\u00eb detyrave projektuese, probleme t\u00eb prodhimit apo p\u00ebr t\u00eb punuar me literatur\u00ebn n\u00eb fush\u00ebn p\u00ebrkat\u00ebse.<br \/>2. Teza e diplom\u00ebs esht\u00eb e lidhur me disiplina t\u00eb p\u00ebraf\u00ebrta dhe mund t\u00eb jet\u00eb individuale ose kolektive (dy-tre student\u00eb). N\u00eb rastet e punimeve kolektive, studentet kan\u00eb t\u00eb ndar\u00eb \u00e7\u00ebshtjet q\u00eb do t\u00eb trajtojn\u00eb, duke respektuar nj\u00eb ndarje af\u00ebrsisht t\u00eb barabart\u00eb t\u00eb volumit t\u00eb pun\u00ebs q\u00eb do t\u00eb kryejn\u00eb.<br \/>3. Tezat e diplom\u00ebs dhe specialist\u00ebt q\u00eb do t\u00eb udh\u00ebheqin punimin e tyre, p\u00ebrcaktohen nga departamenti p\u00ebrkat\u00ebs dhe miratohen nga dekani i fakultetit. N\u00eb p\u00ebrcaktimin e tezave t\u00eb diplom\u00ebs, departamentet dhe fakultetet bashk\u00ebpunojn\u00eb me institutet k\u00ebrkimore shkencore t\u00eb UPT si dhe me institucione t\u00eb tjera publike apo private q\u00eb punojn\u00eb n\u00eb fushat p\u00ebrkat\u00ebse.<br \/>4. Studenti ka t\u00eb drejt\u00eb t\u00eb shpreh\u00eb d\u00ebshir\u00ebn e tij n\u00eb lidhje me tez\u00ebn e diplom\u00ebs q\u00eb k\u00ebrkon t\u00eb zhvilloj\u00eb, dhe udh\u00ebheq\u00ebsin e tij. Ai mund t\u00eb propozoj\u00eb edhe vet\u00eb nj\u00eb tez\u00eb tjet\u00ebr diplome s\u00ebbashku me udh\u00ebheq\u00ebsin p\u00ebrkat\u00ebs. Departamenti shqyrton t\u00eb gjitha k\u00ebrkesat specifike t\u00eb student\u00ebve, duke i harmonizuar ato me kushtet aktuale.<br \/><br \/><strong>Teza e diplom\u00ebs s\u00eb nivelit t\u00eb dyt\u00eb dhe e diplomave t\u00eb integruara t\u00eb nivelit t\u00eb dyt\u00eb<\/strong><\/p><p>1. Teza e diplom\u00ebs s\u00eb nivelit t\u00eb dyt\u00eb dhe e diplomave t\u00eb integruara t\u00eb nivelit t\u00eb dyt\u00eb \u00ebsht\u00eb nj\u00eb pun\u00eb e pavarur dhe krijuese e studentit n\u00eb form\u00ebn e nj\u00eb projekti apo studimi me karakter p\u00ebrgjith\u00ebsues n\u00eb fush\u00ebn e programit t\u00eb studimit q\u00eb ka kryer. Teza e diplom\u00ebs p\u00ebrmban nj\u00eb s\u00ebr\u00eb detyrash e k\u00ebrkesash, m\u00ebnyra e shtrimit e t\u00eb cilave i jep mund\u00ebsi studentit, q\u00eb n\u00ebp\u00ebrmjet njohurive t\u00eb fituara gjat\u00eb periudh\u00ebs s\u00eb shkollimit dhe pun\u00ebs konkrete studimore e projektuese, t\u00eb tregoj\u00eb aft\u00ebsit\u00eb e tij profesionale dhe kompetenc\u00ebn p\u00ebr t\u00eb kryer studime e projektime n\u00eb fushat p\u00ebrkat\u00ebse.<br \/>2. Teza e diplom\u00ebs \u00ebsht\u00eb e lidhur me disa disiplina t\u00eb p\u00ebraf\u00ebrta dhe mund t\u00eb jet\u00eb individuale ose kolektive (dy-tre student\u00eb), n\u00eb rastet e tezave studimore komplekse. N\u00eb rastet e punimeve kolektive, student\u00ebt kan\u00eb t\u00eb ndar\u00eb \u00e7\u00ebshtjet q\u00eb do t\u00eb trajtojn\u00eb, duke respektuar nj\u00eb ndarje af\u00ebrsisht t\u00eb barabart\u00eb t\u00eb volumit t\u00eb pun\u00ebs q\u00eb do t\u00eb kryejn\u00eb.<br \/>3. Tezat e diplom\u00ebs dhe caktimi i specialist\u00ebve q\u00eb do t\u00eb udh\u00ebheqin pun\u00ebn e tezave t\u00eb diplom\u00ebs, p\u00ebrcaktohen nga departamenti p\u00ebrkat\u00ebs dhe miratohen nga dekani i fakultetit. N\u00eb p\u00ebrcaktimin e tezave t\u00eb diplom\u00ebs, departamentet dhe fakultetet bashk\u00ebpunojn\u00eb me Institutet k\u00ebrkimore shkencore t\u00eb UPT si dhe me institucione t\u00eb tjera publike apo private q\u00eb punojn\u00eb n\u00eb fushat p\u00ebrkat\u00ebse.<br \/>4. Studenti ka t\u00eb drejt\u00eb t\u00eb shpreh\u00eb d\u00ebshir\u00ebn e tij n\u00eb lidhje me tez\u00ebn e diplom\u00ebs q\u00eb k\u00ebrkon t\u00eb zhvilloj\u00eb, udh\u00ebheq\u00ebsin dhe konsulentin e tij. Ai mund t\u00eb propozoj\u00eb edhe vet\u00eb nj\u00eb tez\u00eb tjet\u00ebr diplome s\u00eb bashku me udh\u00ebheq\u00ebsin p\u00ebrkat\u00ebs. Departamenti shqyrton t\u00eb gjitha k\u00ebrkesat specifike t\u00eb student\u00ebve, duke i harmonizuar ato me kushtet aktuale, pa c\u00ebnuar nivelin e cil\u00ebsin\u00eb e punimeve t\u00eb diplomave.<br \/><br \/><strong>P\u00ebrgatitja e punimit t\u00eb diplom\u00ebs s\u00eb nivelit t\u00eb par\u00eb<\/strong><\/p><p>1. Udh\u00ebheq\u00ebsi i tem\u00ebs s\u00eb diplom\u00ebs p\u00ebrgatit programin e pun\u00ebs s\u00eb studentit, duke vendosur edhe afatet e p\u00ebraf\u00ebrta t\u00eb realizimit t\u00eb tij. Studenti duhet t\u00eb respektoj\u00eb afatet e vendosura p\u00ebr t\u00eb b\u00ebr\u00eb t\u00eb mundur mbrojtjen me sukses t\u00eb tem\u00ebs n\u00eb sesionin normal t\u00eb mbrojtjes s\u00eb diplom\u00ebs.<br \/>2. Udh\u00ebheq\u00ebsi p\u00ebrcakton grafikun e konsultimeve t\u00eb programuara me studentin, p\u00ebrgjat\u00eb t\u00eb cilave konsultohet dhe kontrollohet puna e b\u00ebr\u00eb sipas programit t\u00eb miratuar. Grafiku i konsultimeve \u00ebsht\u00eb i detyruesh\u00ebm t\u00eb zbatohet nga studenti.<br \/>3. Departamenti organizon dy kontrolle t\u00eb nd\u00ebrmjet\u00ebm, n\u00ebp\u00ebrmjet t\u00eb cil\u00ebve kontrollohet volumi i pun\u00ebs s\u00eb kryer dhe cil\u00ebsia e saj. P\u00ebrgjat\u00eb k\u00ebtyre kontrolleve mund t\u00eb<br \/>rekomandohen edhe ndryshime apo p\u00ebrmir\u00ebsime t\u00eb programit t\u00eb tem\u00ebs, t\u00eb cilat nuk p\u00ebrmbysin thelbin e punimit. Studenti dhe udh\u00ebheq\u00ebsi duhet t\u2019i marrin parasysh rekomandimet e komisionit t\u00eb kontrollit.<br \/>4. Studenti fiton t\u00eb drejt\u00ebn p\u00ebr t\u00eb mbrojtur diplom\u00ebn, kur ai ka p\u00ebrfunduar t\u00eb gjith\u00eb programin e pun\u00ebs dhe ka kryer kontrollin n\u00eb departament. Para mbrojtjes s\u00eb tez\u00ebs s\u00eb diplom\u00ebs, udh\u00ebheq\u00ebsi rishikon dhe miraton punimin e kryer nga studenti dhe lejon mbrojtjen e punimit duke firmosur tez\u00ebn e diplom\u00ebs. P\u00ebrgjegj\u00ebsi i departamentit plot\u00ebson flet\u00ebn e kontrollit t\u00eb tez\u00ebs s\u00eb diplom\u00ebs, n\u00eb t\u00eb cil\u00ebn regjistrohet kontrolli i kryer dhe vler\u00ebsimi me fjal\u00eb p\u00ebr t\u00eb.<br \/><br \/><strong>P\u00ebrgatitja e punimit t\u00eb diplom\u00ebs s\u00eb nivelit t\u00eb dyt\u00eb dhe e diplomave t\u00eb integruara t\u00eb nivelit<\/strong><strong>\u00a0t\u00eb dyt\u00eb<\/strong><\/p><p>1. Udh\u00ebheq\u00ebsi i tem\u00ebs s\u00eb diplom\u00ebs p\u00ebrgatit programin e pun\u00ebs s\u00eb diplomantit, duke vendosur edhe afatet e p\u00ebraf\u00ebrta t\u00eb p\u00ebrfundimit t\u00eb \u00e7do pike t\u00eb programit. Studenti duhet t\u00eb respektoj\u00eb afatet e vendosura p\u00ebr t\u00eb b\u00ebr\u00eb t\u00eb mundur mbrojtjen me sukses t\u00eb tem\u00ebs n\u00eb sesionin normal<br \/>t\u00eb mbrojtjes s\u00eb diplom\u00ebs.<br \/>2. Udh\u00ebheq\u00ebsi p\u00ebrcakton grafikun e konsultimeve t\u00eb programuara me studentin, p\u00ebrgjat\u00eb t\u00eb cilit konsultohet dhe kontrollohet puna e b\u00ebr\u00eb sipas programit t\u00eb miratuar. Grafiku i konsultimeve \u00ebsht\u00eb i detyruesh\u00ebm t\u00eb zbatohet nga studenti.<br \/>3. Departamenti organizon tre kontrolle periodike, n\u00eb t\u00eb cilat kontrollohet volumi i pun\u00ebs s\u00eb kryer dhe cil\u00ebsia e saj. P\u00ebrgjat\u00eb k\u00ebtyre kontrolleve mund t\u00eb rekomandohen edhe ndryshime apo p\u00ebrmir\u00ebsime t\u00eb programit t\u00eb tez\u00ebs, t\u00eb cilat nuk p\u00ebrmbysin thelbin e punimit. Studenti dhe udh\u00ebheq\u00ebsi duhet t\u2019i marrin parasysh rekomandimet e komisionit t\u00eb kontrollit.<br \/>4. Studenti fiton t\u00eb drejt\u00ebn p\u00ebr t\u00eb mbrojtur diplom\u00ebn, kur ai ka p\u00ebrfunduar t\u00eb gjith\u00eb programin e pun\u00ebs dhe ka kryer t\u00eb gjitha kontrollet n\u00eb departament. Para mbrojtjes s\u00eb tez\u00ebs s\u00eb diplom\u00ebs, udh\u00ebheq\u00ebsi rishikon dhe miraton punimin e kryer nga studenti. Ai jep mendimin e tij me shkrim, ku deklarohet realizimi i programit t\u00eb pun\u00ebs t\u00eb tez\u00ebs s\u00eb diplom\u00ebs, niveli cil\u00ebsor, element\u00ebt e pun\u00ebs krijuese t\u00eb studentit dhe lejimi i mbrojtjes s\u00eb punimit.<br \/>P\u00ebrgjegj\u00ebsi i departamentit plot\u00ebson flet\u00ebn e kontrollit t\u00eb tez\u00ebs s\u00eb diplom\u00ebs, n\u00eb t\u00eb cil\u00ebn regjistrohen kontrollet e kryera dhe vler\u00ebsimet me fjal\u00eb p\u00ebr secil\u00ebn prej tyre.<\/p><p><strong>Vler\u00ebsimi i punimit.<\/strong><\/p><p>N\u00eb rast se studenti vler\u00ebsohet me not\u00eb negative n\u00eb mbrojtjen q\u00eb i b\u00ebn tez\u00ebs s\u00eb tij, ai mund t\u00eb rimbroj\u00eb t\u00eb njejt\u00ebn tez\u00eb ose t\u00eb mbroj\u00eb nj\u00eb tez\u00eb t\u00eb re brenda nj\u00eb periudhe jo m\u00eb von\u00eb se tre vjet.<br \/>3. Gjat\u00eb periudh\u00ebs tre vje\u00e7are nga koha e p\u00ebrfundimit t\u00eb studimeve t\u00eb plota, diplomanti ka t\u00eb drejt\u00eb t\u00eb mbroj\u00eb tez\u00ebn e tij deri n\u00eb dy her\u00eb.<br \/>4. N\u00ebse n\u00eb t\u00eb dy rastet diplomanti \u00ebsht\u00eb vler\u00ebsuar nga komisioni me not\u00eb negative ose ai nuk paraqitet p\u00ebr t\u00eb b\u00ebr\u00eb mbrojtjen e punimit brenda afateve maksimale (tre vje\u00e7are), at\u00ebhere studenti humb t\u00eb drejt\u00ebn e diplomimit.<\/p>\t\t\t\t\t\t\t\t<\/div>\n\t\t\t\t<\/div>\n\t\t\t\t\t<\/div>\n\t\t<\/div>\n\t\t\t\t\t<\/div>\n\t\t<\/section>\n\t\t\t\t<\/div>","protected":false},"excerpt":{"rendered":"<p>Home Modalitetet e diplomimit 1. N\u00eb p\u00ebrfundim t\u00eb kursit t\u00eb plot\u00eb t\u00eb programit t\u00eb studimit, student\u00ebt kan\u00eb t\u00eb drejt\u00eb t\u00eb diplomohen p\u00ebr t\u00eb fituar titullin p\u00ebrkat\u00ebs profesional t\u00eb p\u00ebrcaktuar n\u00eb statut. Diplomimi b\u00ebhet si rregull n\u00ebp\u00ebrmjet: p\u00ebrgatitjes dhe mbrojtjes s\u00eb &hellip; <\/p>","protected":false},"author":1,"featured_media":0,"parent":0,"menu_order":0,"comment_status":"closed","ping_status":"closed","template":"elementor_header_footer","meta":{"_acf_changed":false,"footnotes":""},"class_list":["post-11700","page","type-page","status-publish","hentry"],"acf":[],"yoast_head":"<!-- This site is optimized with the Yoast SEO plugin v24.4 - https:\/\/yoast.com\/wordpress\/plugins\/seo\/ -->\n<title>Modalitetet e diplomimit - Fakulteti i Inxhinieris\u00eb Elektrike - Universiteti Politeknik i Tiran\u00ebs<\/title>\n<meta name=\"robots\" content=\"index, follow, max-snippet:-1, max-image-preview:large, max-video-preview:-1\" \/>\n<link rel=\"canonical\" href=\"https:\/\/fie.edu.al\/en\/modalitetet-e-diplomimit\/\" \/>\n<meta property=\"og:locale\" content=\"en_GB\" \/>\n<meta property=\"og:type\" content=\"article\" \/>\n<meta property=\"og:title\" content=\"Modalitetet e diplomimit - Fakulteti i Inxhinieris\u00eb Elektrike - Universiteti Politeknik i Tiran\u00ebs\" \/>\n<meta property=\"og:description\" content=\"Home Modalitetet e diplomimit 1. N\u00eb p\u00ebrfundim t\u00eb kursit t\u00eb plot\u00eb t\u00eb programit t\u00eb studimit, student\u00ebt kan\u00eb t\u00eb drejt\u00eb t\u00eb diplomohen p\u00ebr t\u00eb fituar titullin p\u00ebrkat\u00ebs profesional t\u00eb p\u00ebrcaktuar n\u00eb statut. Diplomimi b\u00ebhet si rregull n\u00ebp\u00ebrmjet: p\u00ebrgatitjes dhe mbrojtjes s\u00eb &hellip;\" \/>\n<meta property=\"og:url\" content=\"https:\/\/fie.edu.al\/en\/modalitetet-e-diplomimit\/\" \/>\n<meta property=\"og:site_name\" content=\"Fakulteti i Inxhinieris\u00eb Elektrike - Universiteti Politeknik i Tiran\u00ebs\" \/>\n<meta property=\"article:publisher\" content=\"https:\/\/www.facebook.com\/p\/Fakulteti-Inxhinierise-Elektrike-100083035187224\/\" \/>\n<meta property=\"article:modified_time\" content=\"2024-10-17T21:41:24+00:00\" \/>\n<meta property=\"og:image\" content=\"https:\/\/fie.edu.al\/wp-content\/uploads\/2024\/10\/1aa1043f-e21c-4748-bfec-2f86481ca215-1-scaled.jpeg\" \/>\n\t<meta property=\"og:image:width\" content=\"2560\" \/>\n\t<meta property=\"og:image:height\" content=\"1920\" \/>\n\t<meta property=\"og:image:type\" content=\"image\/jpeg\" \/>\n<meta name=\"twitter:card\" content=\"summary_large_image\" \/>\n<meta name=\"twitter:label1\" content=\"Estimated reading time\" \/>\n\t<meta name=\"twitter:data1\" content=\"8 minutes\" \/>\n<script type=\"application\/ld+json\" class=\"yoast-schema-graph\">{\"@context\":\"https:\/\/schema.org\",\"@graph\":[{\"@type\":\"WebPage\",\"@id\":\"https:\/\/fie.edu.al\/modalitetet-e-diplomimit\/\",\"url\":\"https:\/\/fie.edu.al\/modalitetet-e-diplomimit\/\",\"name\":\"Modalitetet e diplomimit - Fakulteti i Inxhinieris\u00eb Elektrike - Universiteti Politeknik i Tiran\u00ebs\",\"isPartOf\":{\"@id\":\"https:\/\/fie.edu.al\/#website\"},\"datePublished\":\"2024-10-17T21:41:02+00:00\",\"dateModified\":\"2024-10-17T21:41:24+00:00\",\"breadcrumb\":{\"@id\":\"https:\/\/fie.edu.al\/modalitetet-e-diplomimit\/#breadcrumb\"},\"inLanguage\":\"en-GB\",\"potentialAction\":[{\"@type\":\"ReadAction\",\"target\":[\"https:\/\/fie.edu.al\/modalitetet-e-diplomimit\/\"]}]},{\"@type\":\"BreadcrumbList\",\"@id\":\"https:\/\/fie.edu.al\/modalitetet-e-diplomimit\/#breadcrumb\",\"itemListElement\":[{\"@type\":\"ListItem\",\"position\":1,\"name\":\"Home\",\"item\":\"https:\/\/fie.edu.al\/\"},{\"@type\":\"ListItem\",\"position\":2,\"name\":\"Modalitetet e diplomimit\"}]},{\"@type\":\"WebSite\",\"@id\":\"https:\/\/fie.edu.al\/#website\",\"url\":\"https:\/\/fie.edu.al\/\",\"name\":\"Fakulteti i Inxhinieris\u00eb Elektronike - Universiteti Politeknik i Tiran\u00ebs\",\"description\":\"\",\"publisher\":{\"@id\":\"https:\/\/fie.edu.al\/#organization\"},\"potentialAction\":[{\"@type\":\"SearchAction\",\"target\":{\"@type\":\"EntryPoint\",\"urlTemplate\":\"https:\/\/fie.edu.al\/?s={search_term_string}\"},\"query-input\":{\"@type\":\"PropertyValueSpecification\",\"valueRequired\":true,\"valueName\":\"search_term_string\"}}],\"inLanguage\":\"en-GB\"},{\"@type\":\"Organization\",\"@id\":\"https:\/\/fie.edu.al\/#organization\",\"name\":\"Fakulteti i Inxhinieris\u00eb Elektronike - Universiteti Politeknik i Tiran\u00ebs\",\"url\":\"https:\/\/fie.edu.al\/\",\"logo\":{\"@type\":\"ImageObject\",\"inLanguage\":\"en-GB\",\"@id\":\"https:\/\/fie.edu.al\/#\/schema\/logo\/image\/\",\"url\":\"https:\/\/fie.edu.al\/wp-content\/uploads\/2024\/10\/favicon.png\",\"contentUrl\":\"https:\/\/fie.edu.al\/wp-content\/uploads\/2024\/10\/favicon.png\",\"width\":500,\"height\":500,\"caption\":\"Fakulteti i Inxhinieris\u00eb Elektronike - Universiteti Politeknik i Tiran\u00ebs\"},\"image\":{\"@id\":\"https:\/\/fie.edu.al\/#\/schema\/logo\/image\/\"},\"sameAs\":[\"https:\/\/www.facebook.com\/p\/Fakulteti-Inxhinierise-Elektrike-100083035187224\/\",\"https:\/\/www.instagram.com\/fie.upt.al\/?hl=en\"]}]}<\/script>\n<!-- \/ Yoast SEO plugin. -->","yoast_head_json":{"title":"Modalitetet e diplomimit - Fakulteti i Inxhinieris\u00eb Elektrike - Universiteti Politeknik i Tiran\u00ebs","robots":{"index":"index","follow":"follow","max-snippet":"max-snippet:-1","max-image-preview":"max-image-preview:large","max-video-preview":"max-video-preview:-1"},"canonical":"https:\/\/fie.edu.al\/en\/modalitetet-e-diplomimit\/","og_locale":"en_GB","og_type":"article","og_title":"Modalitetet e diplomimit - Fakulteti i Inxhinieris\u00eb Elektrike - Universiteti Politeknik i Tiran\u00ebs","og_description":"Home Modalitetet e diplomimit 1. N\u00eb p\u00ebrfundim t\u00eb kursit t\u00eb plot\u00eb t\u00eb programit t\u00eb studimit, student\u00ebt kan\u00eb t\u00eb drejt\u00eb t\u00eb diplomohen p\u00ebr t\u00eb fituar titullin p\u00ebrkat\u00ebs profesional t\u00eb p\u00ebrcaktuar n\u00eb statut. Diplomimi b\u00ebhet si rregull n\u00ebp\u00ebrmjet: p\u00ebrgatitjes dhe mbrojtjes s\u00eb &hellip;","og_url":"https:\/\/fie.edu.al\/en\/modalitetet-e-diplomimit\/","og_site_name":"Fakulteti i Inxhinieris\u00eb Elektrike - Universiteti Politeknik i Tiran\u00ebs","article_publisher":"https:\/\/www.facebook.com\/p\/Fakulteti-Inxhinierise-Elektrike-100083035187224\/","article_modified_time":"2024-10-17T21:41:24+00:00","og_image":[{"width":2560,"height":1920,"url":"https:\/\/fie.edu.al\/wp-content\/uploads\/2024\/10\/1aa1043f-e21c-4748-bfec-2f86481ca215-1-scaled.jpeg","type":"image\/jpeg"}],"twitter_card":"summary_large_image","twitter_misc":{"Estimated reading time":"8 minutes"},"schema":{"@context":"https:\/\/schema.org","@graph":[{"@type":"WebPage","@id":"https:\/\/fie.edu.al\/modalitetet-e-diplomimit\/","url":"https:\/\/fie.edu.al\/modalitetet-e-diplomimit\/","name":"Modalitetet e diplomimit - Fakulteti i Inxhinieris\u00eb Elektrike - Universiteti Politeknik i Tiran\u00ebs","isPartOf":{"@id":"https:\/\/fie.edu.al\/#website"},"datePublished":"2024-10-17T21:41:02+00:00","dateModified":"2024-10-17T21:41:24+00:00","breadcrumb":{"@id":"https:\/\/fie.edu.al\/modalitetet-e-diplomimit\/#breadcrumb"},"inLanguage":"en-GB","potentialAction":[{"@type":"ReadAction","target":["https:\/\/fie.edu.al\/modalitetet-e-diplomimit\/"]}]},{"@type":"BreadcrumbList","@id":"https:\/\/fie.edu.al\/modalitetet-e-diplomimit\/#breadcrumb","itemListElement":[{"@type":"ListItem","position":1,"name":"Home","item":"https:\/\/fie.edu.al\/"},{"@type":"ListItem","position":2,"name":"Modalitetet e diplomimit"}]},{"@type":"WebSite","@id":"https:\/\/fie.edu.al\/#website","url":"https:\/\/fie.edu.al\/","name":"Fakulteti i Inxhinieris\u00eb Elektronike - Universiteti Politeknik i Tiran\u00ebs","description":"","publisher":{"@id":"https:\/\/fie.edu.al\/#organization"},"potentialAction":[{"@type":"SearchAction","target":{"@type":"EntryPoint","urlTemplate":"https:\/\/fie.edu.al\/?s={search_term_string}"},"query-input":{"@type":"PropertyValueSpecification","valueRequired":true,"valueName":"search_term_string"}}],"inLanguage":"en-GB"},{"@type":"Organization","@id":"https:\/\/fie.edu.al\/#organization","name":"Fakulteti i Inxhinieris\u00eb Elektronike - Universiteti Politeknik i Tiran\u00ebs","url":"https:\/\/fie.edu.al\/","logo":{"@type":"ImageObject","inLanguage":"en-GB","@id":"https:\/\/fie.edu.al\/#\/schema\/logo\/image\/","url":"https:\/\/fie.edu.al\/wp-content\/uploads\/2024\/10\/favicon.png","contentUrl":"https:\/\/fie.edu.al\/wp-content\/uploads\/2024\/10\/favicon.png","width":500,"height":500,"caption":"Fakulteti i Inxhinieris\u00eb Elektronike - Universiteti Politeknik i Tiran\u00ebs"},"image":{"@id":"https:\/\/fie.edu.al\/#\/schema\/logo\/image\/"},"sameAs":["https:\/\/www.facebook.com\/p\/Fakulteti-Inxhinierise-Elektrike-100083035187224\/","https:\/\/www.instagram.com\/fie.upt.al\/?hl=en"]}]}},"_links":{"self":[{"href":"https:\/\/fie.edu.al\/en\/wp-json\/wp\/v2\/pages\/11700","targetHints":{"allow":["GET"]}}],"collection":[{"href":"https:\/\/fie.edu.al\/en\/wp-json\/wp\/v2\/pages"}],"about":[{"href":"https:\/\/fie.edu.al\/en\/wp-json\/wp\/v2\/types\/page"}],"author":[{"embeddable":true,"href":"https:\/\/fie.edu.al\/en\/wp-json\/wp\/v2\/users\/1"}],"replies":[{"embeddable":true,"href":"https:\/\/fie.edu.al\/en\/wp-json\/wp\/v2\/comments?post=11700"}],"version-history":[{"count":0,"href":"https:\/\/fie.edu.al\/en\/wp-json\/wp\/v2\/pages\/11700\/revisions"}],"wp:attachment":[{"href":"https:\/\/fie.edu.al\/en\/wp-json\/wp\/v2\/media?parent=11700"}],"curies":[{"name":"wp","href":"https:\/\/api.w.org\/{rel}","templated":true}]}}