{"id":11695,"date":"2024-10-17T21:38:49","date_gmt":"2024-10-17T21:38:49","guid":{"rendered":"https:\/\/fie.edu.al\/?page_id=11695"},"modified":"2024-10-17T21:39:06","modified_gmt":"2024-10-17T21:39:06","slug":"nderprerja-e-studimeve","status":"publish","type":"page","link":"https:\/\/fie.edu.al\/en\/nderprerja-e-studimeve\/","title":{"rendered":"Interruption of studies"},"content":{"rendered":"<div data-elementor-type=\"wp-page\" data-elementor-id=\"11695\" class=\"elementor elementor-11695\" data-elementor-post-type=\"page\">\n\t\t\t\t\t\t<section class=\"elementor-section elementor-top-section elementor-element elementor-element-2e52e26d elementor-section-height-min-height elementor-section-stretched elementor-section-boxed elementor-section-height-default elementor-section-items-middle\" data-id=\"2e52e26d\" data-element_type=\"section\" data-settings=\"{&quot;stretch_section&quot;:&quot;section-stretched&quot;,&quot;background_background&quot;:&quot;classic&quot;}\">\n\t\t\t\t\t\t<div class=\"elementor-container elementor-column-gap-custom\">\n\t\t\t\t\t<div class=\"elementor-column elementor-col-100 elementor-top-column elementor-element elementor-element-7fd5a507\" data-id=\"7fd5a507\" data-element_type=\"column\">\n\t\t\t<div class=\"elementor-widget-wrap elementor-element-populated\">\n\t\t\t\t\t\t<div class=\"elementor-element elementor-element-6e310db5 elementor-widget elementor-widget-thim-ekits-breadcrumb\" data-id=\"6e310db5\" data-element_type=\"widget\" data-widget_type=\"thim-ekits-breadcrumb.default\">\n\t\t\t\t<div class=\"elementor-widget-container\">\n\t\t\t\t\t\n\t\t\t<div class=\"thim-ekit-breadcrumb\">\n\n\t\t\t\tHome\n\t\t\t<\/div>\n\n\t\t\t\t\t\t\t<\/div>\n\t\t\t\t<\/div>\n\t\t\t\t\t<\/div>\n\t\t<\/div>\n\t\t\t\t\t<\/div>\n\t\t<\/section>\n\t\t\t\t<section class=\"elementor-section elementor-top-section elementor-element elementor-element-37d02bab elementor-section-stretched elementor-section-boxed elementor-section-height-default elementor-section-height-default\" data-id=\"37d02bab\" data-element_type=\"section\" data-settings=\"{&quot;stretch_section&quot;:&quot;section-stretched&quot;}\">\n\t\t\t\t\t\t<div class=\"elementor-container elementor-column-gap-custom\">\n\t\t\t\t\t<div class=\"elementor-column elementor-col-100 elementor-top-column elementor-element elementor-element-533248f2\" data-id=\"533248f2\" data-element_type=\"column\">\n\t\t\t<div class=\"elementor-widget-wrap elementor-element-populated\">\n\t\t\t\t\t\t<div class=\"elementor-element elementor-element-7688a22a thim-ekits-heading-text-left elementor-widget thim-ekits-heading elementor-widget-thim-heading\" data-id=\"7688a22a\" data-element_type=\"widget\" data-widget_type=\"thim-heading.default\">\n\t\t\t\t<div class=\"elementor-widget-container\">\n\t\t\t\t\t<div class=\"sc_heading text-left\"><h1 class=\"title\">Nd\u00ebrprerja e studimeve, largimi <\/h1><\/div>\t\t\t\t<\/div>\n\t\t\t\t<\/div>\n\t\t\t\t\t<\/div>\n\t\t<\/div>\n\t\t\t\t\t<\/div>\n\t\t<\/section>\n\t\t\t\t<section class=\"elementor-section elementor-top-section elementor-element elementor-element-5bd3054d elementor-section-stretched elementor-section-boxed elementor-section-height-default elementor-section-height-default\" data-id=\"5bd3054d\" data-element_type=\"section\" data-settings=\"{&quot;stretch_section&quot;:&quot;section-stretched&quot;}\">\n\t\t\t\t\t\t<div class=\"elementor-container elementor-column-gap-custom\">\n\t\t\t\t\t<div class=\"elementor-column elementor-col-100 elementor-top-column elementor-element elementor-element-722a80d2\" data-id=\"722a80d2\" data-element_type=\"column\">\n\t\t\t<div class=\"elementor-widget-wrap elementor-element-populated\">\n\t\t\t\t\t\t<div class=\"elementor-element elementor-element-0dba332 elementor-widget elementor-widget-text-editor\" data-id=\"0dba332\" data-element_type=\"widget\" data-widget_type=\"text-editor.default\">\n\t\t\t\t<div class=\"elementor-widget-container\">\n\t\t\t\t\t\t\t\t\t<p>1. Studenti mund t\u00eb nd\u00ebrpres\u00eb studimet p\u00ebr nj\u00eb periudh\u00eb kohore t\u00eb caktuar. N\u00eb k\u00ebt\u00eb rast ai duhet t\u00eb b\u00ebj\u00eb nj\u00eb k\u00ebrkes\u00eb pran\u00eb sekretaris\u00eb, n\u00eb t\u00eb cil\u00ebn duhet t\u00eb p\u00ebrcaktoj\u00eb koh\u00ebn e nd\u00ebrprerjes s\u00eb studimeve.<\/p><p>2. Me rifillimin e studimeve, studenti duhet t\u00eb shlyej\u00eb detyrimet e reja q\u00eb lindin p\u00ebr shkak t\u00eb ndryshimit t\u00eb planit dhe programeve m\u00ebsimore t\u00eb l\u00ebnd\u00ebve.<\/p><p>3. Rifillimi i studimeve b\u00ebhet vet\u00ebm n\u00eb fillim t\u00eb vitit akademik dhe jo m\u00eb von\u00eb se dy jav\u00eb nga fillimi i tij. Rifillimi ose ripranimi i studentit b\u00ebhet mbi baz\u00ebn e nj\u00eb k\u00ebrkese dhe dokumentacionit t\u00eb nevojsh\u00ebm t\u00eb dor\u00ebzuar prej tij n\u00eb sekretarin\u00eb e fakultetit.<\/p><p>4. Studenti mund t\u00eb largohet nga universiteti, duke u \u00e7regjistruar p\u00ebrfundimisht. P\u00ebr k\u00ebt\u00eb ai b\u00ebn nj\u00eb k\u00ebrkes\u00eb me shkrim ku shpreh arsyet e largimit. Sekretaria m\u00ebsimore, pranon k\u00ebrkes\u00ebn dhe ia paraqet dekanit t\u00eb fakultetit p\u00ebr t\u00eb marr\u00eb vendimin. Me marrjen e vendimit, sekretaria m\u00ebsimore b\u00ebn \u00e7regjistrimin e studentit, duke regjistruar n\u00eb regjistrin themeltar dat\u00ebn e \u00e7`regjistrimit dhe firm\u00ebn e studentit. Studenti t\u00ebrheq dokumentat e tij.<br \/>\u00c7regjistrimi i studentit b\u00ebhet me vullnetin e tij t\u00eb lir\u00eb (p\u00ebrve\u00e7 rasteve t\u00eb p\u00ebrjashtimit nga shkolla), n\u00eb prani t\u00eb studentit. Dokumentat origjinale i dor\u00ebzohen studentit.<\/p>\t\t\t\t\t\t\t\t<\/div>\n\t\t\t\t<\/div>\n\t\t\t\t\t<\/div>\n\t\t<\/div>\n\t\t\t\t\t<\/div>\n\t\t<\/section>\n\t\t\t\t<\/div>","protected":false},"excerpt":{"rendered":"<p>Home Nd\u00ebrprerja e studimeve, largimi 1. Studenti mund t\u00eb nd\u00ebrpres\u00eb studimet p\u00ebr nj\u00eb periudh\u00eb kohore t\u00eb caktuar. N\u00eb k\u00ebt\u00eb rast ai duhet t\u00eb b\u00ebj\u00eb nj\u00eb k\u00ebrkes\u00eb pran\u00eb sekretaris\u00eb, n\u00eb t\u00eb cil\u00ebn duhet t\u00eb p\u00ebrcaktoj\u00eb koh\u00ebn e nd\u00ebrprerjes s\u00eb studimeve. 2. &hellip; <\/p>","protected":false},"author":1,"featured_media":0,"parent":0,"menu_order":0,"comment_status":"closed","ping_status":"closed","template":"elementor_header_footer","meta":{"_acf_changed":false,"footnotes":""},"class_list":["post-11695","page","type-page","status-publish","hentry"],"acf":[],"yoast_head":"<!-- This site is optimized with the Yoast SEO plugin v24.4 - https:\/\/yoast.com\/wordpress\/plugins\/seo\/ -->\n<title>Nd\u00ebrprerja e studimeve - Fakulteti i Inxhinieris\u00eb Elektrike - Universiteti Politeknik i Tiran\u00ebs<\/title>\n<meta name=\"robots\" content=\"index, follow, max-snippet:-1, max-image-preview:large, max-video-preview:-1\" \/>\n<link rel=\"canonical\" href=\"https:\/\/fie.edu.al\/en\/nderprerja-e-studimeve\/\" \/>\n<meta property=\"og:locale\" content=\"en_GB\" \/>\n<meta property=\"og:type\" content=\"article\" \/>\n<meta property=\"og:title\" content=\"Nd\u00ebrprerja e studimeve - Fakulteti i Inxhinieris\u00eb Elektrike - Universiteti Politeknik i Tiran\u00ebs\" \/>\n<meta property=\"og:description\" content=\"Home Nd\u00ebrprerja e studimeve, largimi 1. Studenti mund t\u00eb nd\u00ebrpres\u00eb studimet p\u00ebr nj\u00eb periudh\u00eb kohore t\u00eb caktuar. N\u00eb k\u00ebt\u00eb rast ai duhet t\u00eb b\u00ebj\u00eb nj\u00eb k\u00ebrkes\u00eb pran\u00eb sekretaris\u00eb, n\u00eb t\u00eb cil\u00ebn duhet t\u00eb p\u00ebrcaktoj\u00eb koh\u00ebn e nd\u00ebrprerjes s\u00eb studimeve. 2. &hellip;\" \/>\n<meta property=\"og:url\" content=\"https:\/\/fie.edu.al\/en\/nderprerja-e-studimeve\/\" \/>\n<meta property=\"og:site_name\" content=\"Fakulteti i Inxhinieris\u00eb Elektrike - Universiteti Politeknik i Tiran\u00ebs\" \/>\n<meta property=\"article:publisher\" content=\"https:\/\/www.facebook.com\/p\/Fakulteti-Inxhinierise-Elektrike-100083035187224\/\" \/>\n<meta property=\"article:modified_time\" content=\"2024-10-17T21:39:06+00:00\" \/>\n<meta property=\"og:image\" content=\"https:\/\/fie.edu.al\/wp-content\/uploads\/2024\/10\/1aa1043f-e21c-4748-bfec-2f86481ca215-1-scaled.jpeg\" \/>\n\t<meta property=\"og:image:width\" content=\"2560\" \/>\n\t<meta property=\"og:image:height\" content=\"1920\" \/>\n\t<meta property=\"og:image:type\" content=\"image\/jpeg\" \/>\n<meta name=\"twitter:card\" content=\"summary_large_image\" \/>\n<meta name=\"twitter:label1\" content=\"Estimated reading time\" \/>\n\t<meta name=\"twitter:data1\" content=\"1 minute\" \/>\n<script type=\"application\/ld+json\" class=\"yoast-schema-graph\">{\"@context\":\"https:\/\/schema.org\",\"@graph\":[{\"@type\":\"WebPage\",\"@id\":\"https:\/\/fie.edu.al\/nderprerja-e-studimeve\/\",\"url\":\"https:\/\/fie.edu.al\/nderprerja-e-studimeve\/\",\"name\":\"Nd\u00ebrprerja e studimeve - Fakulteti i Inxhinieris\u00eb Elektrike - Universiteti Politeknik i Tiran\u00ebs\",\"isPartOf\":{\"@id\":\"https:\/\/fie.edu.al\/#website\"},\"datePublished\":\"2024-10-17T21:38:49+00:00\",\"dateModified\":\"2024-10-17T21:39:06+00:00\",\"breadcrumb\":{\"@id\":\"https:\/\/fie.edu.al\/nderprerja-e-studimeve\/#breadcrumb\"},\"inLanguage\":\"en-GB\",\"potentialAction\":[{\"@type\":\"ReadAction\",\"target\":[\"https:\/\/fie.edu.al\/nderprerja-e-studimeve\/\"]}]},{\"@type\":\"BreadcrumbList\",\"@id\":\"https:\/\/fie.edu.al\/nderprerja-e-studimeve\/#breadcrumb\",\"itemListElement\":[{\"@type\":\"ListItem\",\"position\":1,\"name\":\"Home\",\"item\":\"https:\/\/fie.edu.al\/\"},{\"@type\":\"ListItem\",\"position\":2,\"name\":\"Nd\u00ebrprerja e studimeve\"}]},{\"@type\":\"WebSite\",\"@id\":\"https:\/\/fie.edu.al\/#website\",\"url\":\"https:\/\/fie.edu.al\/\",\"name\":\"Fakulteti i Inxhinieris\u00eb Elektronike - Universiteti Politeknik i Tiran\u00ebs\",\"description\":\"\",\"publisher\":{\"@id\":\"https:\/\/fie.edu.al\/#organization\"},\"potentialAction\":[{\"@type\":\"SearchAction\",\"target\":{\"@type\":\"EntryPoint\",\"urlTemplate\":\"https:\/\/fie.edu.al\/?s={search_term_string}\"},\"query-input\":{\"@type\":\"PropertyValueSpecification\",\"valueRequired\":true,\"valueName\":\"search_term_string\"}}],\"inLanguage\":\"en-GB\"},{\"@type\":\"Organization\",\"@id\":\"https:\/\/fie.edu.al\/#organization\",\"name\":\"Fakulteti i Inxhinieris\u00eb Elektronike - Universiteti Politeknik i Tiran\u00ebs\",\"url\":\"https:\/\/fie.edu.al\/\",\"logo\":{\"@type\":\"ImageObject\",\"inLanguage\":\"en-GB\",\"@id\":\"https:\/\/fie.edu.al\/#\/schema\/logo\/image\/\",\"url\":\"https:\/\/fie.edu.al\/wp-content\/uploads\/2024\/10\/favicon.png\",\"contentUrl\":\"https:\/\/fie.edu.al\/wp-content\/uploads\/2024\/10\/favicon.png\",\"width\":500,\"height\":500,\"caption\":\"Fakulteti i Inxhinieris\u00eb Elektronike - Universiteti Politeknik i Tiran\u00ebs\"},\"image\":{\"@id\":\"https:\/\/fie.edu.al\/#\/schema\/logo\/image\/\"},\"sameAs\":[\"https:\/\/www.facebook.com\/p\/Fakulteti-Inxhinierise-Elektrike-100083035187224\/\",\"https:\/\/www.instagram.com\/fie.upt.al\/?hl=en\"]}]}<\/script>\n<!-- \/ Yoast SEO plugin. -->","yoast_head_json":{"title":"Nd\u00ebrprerja e studimeve - Fakulteti i Inxhinieris\u00eb Elektrike - Universiteti Politeknik i Tiran\u00ebs","robots":{"index":"index","follow":"follow","max-snippet":"max-snippet:-1","max-image-preview":"max-image-preview:large","max-video-preview":"max-video-preview:-1"},"canonical":"https:\/\/fie.edu.al\/en\/nderprerja-e-studimeve\/","og_locale":"en_GB","og_type":"article","og_title":"Nd\u00ebrprerja e studimeve - Fakulteti i Inxhinieris\u00eb Elektrike - Universiteti Politeknik i Tiran\u00ebs","og_description":"Home Nd\u00ebrprerja e studimeve, largimi 1. Studenti mund t\u00eb nd\u00ebrpres\u00eb studimet p\u00ebr nj\u00eb periudh\u00eb kohore t\u00eb caktuar. N\u00eb k\u00ebt\u00eb rast ai duhet t\u00eb b\u00ebj\u00eb nj\u00eb k\u00ebrkes\u00eb pran\u00eb sekretaris\u00eb, n\u00eb t\u00eb cil\u00ebn duhet t\u00eb p\u00ebrcaktoj\u00eb koh\u00ebn e nd\u00ebrprerjes s\u00eb studimeve. 2. &hellip;","og_url":"https:\/\/fie.edu.al\/en\/nderprerja-e-studimeve\/","og_site_name":"Fakulteti i Inxhinieris\u00eb Elektrike - Universiteti Politeknik i Tiran\u00ebs","article_publisher":"https:\/\/www.facebook.com\/p\/Fakulteti-Inxhinierise-Elektrike-100083035187224\/","article_modified_time":"2024-10-17T21:39:06+00:00","og_image":[{"width":2560,"height":1920,"url":"https:\/\/fie.edu.al\/wp-content\/uploads\/2024\/10\/1aa1043f-e21c-4748-bfec-2f86481ca215-1-scaled.jpeg","type":"image\/jpeg"}],"twitter_card":"summary_large_image","twitter_misc":{"Estimated reading time":"1 minute"},"schema":{"@context":"https:\/\/schema.org","@graph":[{"@type":"WebPage","@id":"https:\/\/fie.edu.al\/nderprerja-e-studimeve\/","url":"https:\/\/fie.edu.al\/nderprerja-e-studimeve\/","name":"Nd\u00ebrprerja e studimeve - Fakulteti i Inxhinieris\u00eb Elektrike - Universiteti Politeknik i Tiran\u00ebs","isPartOf":{"@id":"https:\/\/fie.edu.al\/#website"},"datePublished":"2024-10-17T21:38:49+00:00","dateModified":"2024-10-17T21:39:06+00:00","breadcrumb":{"@id":"https:\/\/fie.edu.al\/nderprerja-e-studimeve\/#breadcrumb"},"inLanguage":"en-GB","potentialAction":[{"@type":"ReadAction","target":["https:\/\/fie.edu.al\/nderprerja-e-studimeve\/"]}]},{"@type":"BreadcrumbList","@id":"https:\/\/fie.edu.al\/nderprerja-e-studimeve\/#breadcrumb","itemListElement":[{"@type":"ListItem","position":1,"name":"Home","item":"https:\/\/fie.edu.al\/"},{"@type":"ListItem","position":2,"name":"Nd\u00ebrprerja e studimeve"}]},{"@type":"WebSite","@id":"https:\/\/fie.edu.al\/#website","url":"https:\/\/fie.edu.al\/","name":"Fakulteti i Inxhinieris\u00eb Elektronike - Universiteti Politeknik i Tiran\u00ebs","description":"","publisher":{"@id":"https:\/\/fie.edu.al\/#organization"},"potentialAction":[{"@type":"SearchAction","target":{"@type":"EntryPoint","urlTemplate":"https:\/\/fie.edu.al\/?s={search_term_string}"},"query-input":{"@type":"PropertyValueSpecification","valueRequired":true,"valueName":"search_term_string"}}],"inLanguage":"en-GB"},{"@type":"Organization","@id":"https:\/\/fie.edu.al\/#organization","name":"Fakulteti i Inxhinieris\u00eb Elektronike - Universiteti Politeknik i Tiran\u00ebs","url":"https:\/\/fie.edu.al\/","logo":{"@type":"ImageObject","inLanguage":"en-GB","@id":"https:\/\/fie.edu.al\/#\/schema\/logo\/image\/","url":"https:\/\/fie.edu.al\/wp-content\/uploads\/2024\/10\/favicon.png","contentUrl":"https:\/\/fie.edu.al\/wp-content\/uploads\/2024\/10\/favicon.png","width":500,"height":500,"caption":"Fakulteti i Inxhinieris\u00eb Elektronike - Universiteti Politeknik i Tiran\u00ebs"},"image":{"@id":"https:\/\/fie.edu.al\/#\/schema\/logo\/image\/"},"sameAs":["https:\/\/www.facebook.com\/p\/Fakulteti-Inxhinierise-Elektrike-100083035187224\/","https:\/\/www.instagram.com\/fie.upt.al\/?hl=en"]}]}},"_links":{"self":[{"href":"https:\/\/fie.edu.al\/en\/wp-json\/wp\/v2\/pages\/11695","targetHints":{"allow":["GET"]}}],"collection":[{"href":"https:\/\/fie.edu.al\/en\/wp-json\/wp\/v2\/pages"}],"about":[{"href":"https:\/\/fie.edu.al\/en\/wp-json\/wp\/v2\/types\/page"}],"author":[{"embeddable":true,"href":"https:\/\/fie.edu.al\/en\/wp-json\/wp\/v2\/users\/1"}],"replies":[{"embeddable":true,"href":"https:\/\/fie.edu.al\/en\/wp-json\/wp\/v2\/comments?post=11695"}],"version-history":[{"count":0,"href":"https:\/\/fie.edu.al\/en\/wp-json\/wp\/v2\/pages\/11695\/revisions"}],"wp:attachment":[{"href":"https:\/\/fie.edu.al\/en\/wp-json\/wp\/v2\/media?parent=11695"}],"curies":[{"name":"wp","href":"https:\/\/api.w.org\/{rel}","templated":true}]}}