{"id":11663,"date":"2024-10-17T21:23:52","date_gmt":"2024-10-17T21:23:52","guid":{"rendered":"https:\/\/fie.edu.al\/?page_id=11663"},"modified":"2024-10-17T21:24:12","modified_gmt":"2024-10-17T21:24:12","slug":"te-drejta-dhe-detyra","status":"publish","type":"page","link":"https:\/\/fie.edu.al\/en\/te-drejta-dhe-detyra\/","title":{"rendered":"Rights and duties"},"content":{"rendered":"<div data-elementor-type=\"wp-page\" data-elementor-id=\"11663\" class=\"elementor elementor-11663\" data-elementor-post-type=\"page\">\n\t\t\t\t\t\t<section class=\"elementor-section elementor-top-section elementor-element elementor-element-2e52e26d elementor-section-height-min-height elementor-section-stretched elementor-section-boxed elementor-section-height-default elementor-section-items-middle\" data-id=\"2e52e26d\" data-element_type=\"section\" data-settings=\"{&quot;stretch_section&quot;:&quot;section-stretched&quot;,&quot;background_background&quot;:&quot;classic&quot;}\">\n\t\t\t\t\t\t<div class=\"elementor-container elementor-column-gap-custom\">\n\t\t\t\t\t<div class=\"elementor-column elementor-col-100 elementor-top-column elementor-element elementor-element-7fd5a507\" data-id=\"7fd5a507\" data-element_type=\"column\">\n\t\t\t<div class=\"elementor-widget-wrap elementor-element-populated\">\n\t\t\t\t\t\t<div class=\"elementor-element elementor-element-6e310db5 elementor-widget elementor-widget-thim-ekits-breadcrumb\" data-id=\"6e310db5\" data-element_type=\"widget\" data-widget_type=\"thim-ekits-breadcrumb.default\">\n\t\t\t\t<div class=\"elementor-widget-container\">\n\t\t\t\t\t\n\t\t\t<div class=\"thim-ekit-breadcrumb\">\n\n\t\t\t\tHome\n\t\t\t<\/div>\n\n\t\t\t\t\t\t\t<\/div>\n\t\t\t\t<\/div>\n\t\t\t\t\t<\/div>\n\t\t<\/div>\n\t\t\t\t\t<\/div>\n\t\t<\/section>\n\t\t\t\t<section class=\"elementor-section elementor-top-section elementor-element elementor-element-37d02bab elementor-section-stretched elementor-section-boxed elementor-section-height-default elementor-section-height-default\" data-id=\"37d02bab\" data-element_type=\"section\" data-settings=\"{&quot;stretch_section&quot;:&quot;section-stretched&quot;}\">\n\t\t\t\t\t\t<div class=\"elementor-container elementor-column-gap-custom\">\n\t\t\t\t\t<div class=\"elementor-column elementor-col-100 elementor-top-column elementor-element elementor-element-533248f2\" data-id=\"533248f2\" data-element_type=\"column\">\n\t\t\t<div class=\"elementor-widget-wrap elementor-element-populated\">\n\t\t\t\t\t\t<div class=\"elementor-element elementor-element-7688a22a thim-ekits-heading-text-left elementor-widget thim-ekits-heading elementor-widget-thim-heading\" data-id=\"7688a22a\" data-element_type=\"widget\" data-widget_type=\"thim-heading.default\">\n\t\t\t\t<div class=\"elementor-widget-container\">\n\t\t\t\t\t<div class=\"sc_heading text-left\"><h1 class=\"title\">Rights and duties <\/h1><\/div>\t\t\t\t<\/div>\n\t\t\t\t<\/div>\n\t\t\t\t\t<\/div>\n\t\t<\/div>\n\t\t\t\t\t<\/div>\n\t\t<\/section>\n\t\t\t\t<section class=\"elementor-section elementor-top-section elementor-element elementor-element-5bd3054d elementor-section-stretched elementor-section-boxed elementor-section-height-default elementor-section-height-default\" data-id=\"5bd3054d\" data-element_type=\"section\" data-settings=\"{&quot;stretch_section&quot;:&quot;section-stretched&quot;}\">\n\t\t\t\t\t\t<div class=\"elementor-container elementor-column-gap-custom\">\n\t\t\t\t\t<div class=\"elementor-column elementor-col-100 elementor-top-column elementor-element elementor-element-722a80d2\" data-id=\"722a80d2\" data-element_type=\"column\">\n\t\t\t<div class=\"elementor-widget-wrap elementor-element-populated\">\n\t\t\t\t\t\t<div class=\"elementor-element elementor-element-0dba332 elementor-widget elementor-widget-text-editor\" data-id=\"0dba332\" data-element_type=\"widget\" data-widget_type=\"text-editor.default\">\n\t\t\t\t<div class=\"elementor-widget-container\">\n\t\t\t\t\t\t\t\t\t<ol><li class=\"kontaktbox1\"><p><strong>T\u00eb drejtat dhe detyrat e studentit<\/strong><br \/><br \/><strong>Studenti ka t\u00eb drejt\u00eb:<\/strong><\/p><p>a. t\u00eb p\u00ebrdor\u00eb pajisjet e shkoll\u00ebs, sipas rregullave p\u00ebrkat\u00ebse, p\u00ebr t\u00eb realizuar programin m\u00ebsimor dhe pun\u00ebn e programuar n\u00eb aktivitetin e tij shkencor, laboratoret, bibliotek\u00ebn dhe mjediset sportive e kulturore t\u00eb Fakulteteve t\u00eb Universitetit;<\/p><p>b. t\u00eb organizohet n\u00eb shoqata t\u00eb ndryshme jopolitike dhe joekonomike n\u00eb p\u00ebrputhje me Ligjin e Arsimit t\u00eb Lart\u00eb, statutin e Universitetit, aktet ligjore e n\u00ebnligjore p\u00ebrkat\u00ebse.<\/p><p>c. T\u00eb p\u00ebrfaq\u00ebsohet n\u00eb senatin akademik dhe k\u00ebshillat e fakulteteve n\u00eb p\u00ebrputhje me statutin e Universitetit Politeknik<\/p><p>d. T\u00eb k\u00ebrkoj\u00eb respektimin e procesit m\u00ebsimor dhe t\u00eb procedurave si\u00e7 parashikohen n\u00eb Statut dhe rregulloren e brendshme te fakultetit.<\/p><p>e. T\u00eb shpreh\u00eb opinionet e veta p\u00ebr cil\u00ebsin\u00eb e m\u00ebsimdh\u00ebnies dhe pun\u00ebn e personelit akademik<\/p><p>f. T\u00eb ndjek\u00eb leksione, seminare\/ushtrime dhe t\u00eb gjitha veprimtarit\u00eb e tjera m\u00ebsimore t\u00eb organizuara n\u00eb p\u00ebrputhje me statusin e tyre.<\/p><p>g. T\u00eb ankohet n\u00eb instancat p\u00ebrkat\u00ebse t\u00eb universitetit p\u00ebr \u00e7do shkelje t\u00eb t\u00eb drejtave t\u00eb tij.<\/p><p>h. T\u00eb pajiset me kart\u00ebn e studentit, e cila \u00ebsht\u00eb nj\u00eb dokument unik me an\u00eb t\u00eb s\u00eb cil\u00ebs student\u00ebt p\u00ebrfitojn\u00eb sh\u00ebrbime me \u00e7mime t\u00eb reduktuara. Kriteret dhe procedurat p\u00ebr p\u00ebrgatitjen dhe l\u00ebshimin e e kart\u00ebs s\u00eb studentit p\u00ebrcaktohen nga MASH. Kategorit\u00eb e sh\u00ebrbimeve, q\u00eb ofrojn\u00eb entet shtet\u00ebrore b\u00ebhen me vendim t\u00eb K\u00ebshillit t\u00eb Ministrave dhe me marr\u00ebveshje me organizma q\u00eb kan\u00eb objekt t\u00eb tyre interesat studentore dhe me persona juridik privat q\u00eb ofrojn\u00eb sh\u00ebrbime t\u00eb ndryshme.<\/p><p><strong>Bursa p\u00ebr studime<\/strong><\/p><p>Student\u00ebt e institucioneve publike t\u00eb arsimit t\u00eb lart\u00eb p\u00ebrfitojn\u00eb bursa si mb\u00ebshtetje ekonomike p\u00ebr studimet e tyre, si dhe stimuj material\u00eb p\u00ebr rezultate t\u00eb shk\u00eblqyera.<\/p><p>Institucionet e arsimit t\u00eb lart\u00eb p\u00ebrcaktojn\u00eb n\u00eb statutet e tyre kritere dhe procedura p\u00ebr shp\u00ebrblime t\u00eb student\u00ebve, q\u00eb p\u00ebrballohen nga vet\u00eb institucionet.<\/p><p>Me propozimin e Ministris\u00eb s\u00eb Arsimit dhe Shkenc\u00ebs, K\u00ebshilli i Ministrave konsideron dhe raste t\u00eb tjera p\u00ebr dh\u00ebnie bursash, si dhe bursa p\u00ebr student\u00eb t\u00eb shk\u00eblqyer dhe shkenc\u00ebtar\u00eb.<\/p><p><strong>Tarifat<\/strong><\/p><p>Tarifat e studimeve p\u00ebrfshijn\u00eb tarif\u00ebn e regjistrimit dhe tarif\u00ebn e shkollimit.<\/p><p>Student\u00ebt e shk\u00eblqyer nuk e paguajn\u00eb tarif\u00ebn e shkollimit n\u00eb vitin akademik pasardh\u00ebs.<\/p><p><br \/><strong>Studenti \u00ebsht\u00eb i detyruar:<\/strong><\/p><p>a. T\u00eb njoh\u00eb me holl\u00ebsi rregullat e shkoll\u00ebs, e detyrimet e tij dhe t\u00eb jet\u00eb i vet\u00ebdijsh\u00ebm p\u00ebr zbatimin e tyre; n\u00eb t\u00eb kund\u00ebrt, shkolla nuk mban p\u00ebrgjegj\u00ebsi p\u00ebr pasojat q\u00eb mund t\u00eb rrjedhin nga mosnjohja e tyre.<\/p><p>b. T\u00eb zbatoj\u00eb t\u00eb gjitha rregullat q\u00eb rrjedhin nga Statuti i Universitetit Politeknik, nga kjo Rregullore dhe nga \u00e7do akt tjet\u00ebr ligjor e n\u00ebnligjor p\u00ebr Arsimin e Lart\u00eb.<\/p><p>c. T\u00eb shlyej\u00eb t\u00eb gjitha detyrimet e p\u00ebrcaktuara n\u00eb planin m\u00ebsimor dhe programet e l\u00ebnd\u00ebve.<\/p><p>d. T\u00eb mbaj\u00eb p\u00ebrgjegj\u00ebsi p\u00ebr shkeljet e rregullave t\u00eb shkoll\u00ebs nga ana e tij; d\u00ebmi material q\u00eb ai mund t\u00eb ket\u00eb b\u00ebre, zhd\u00ebmtohet sipas ligjeve n\u00eb fuqi.<\/p><p>e. T\u00eb respektoj\u00eb etik\u00ebn e paraqitjes s\u00eb jashtme n\u00eb p\u00ebrputhje me karakterin akademik t\u00eb Universitetit.<\/p><p>f. T\u00eb ruaj\u00eb e t\u00eb respektoj\u00eb etik\u00ebn e sjelljes me stafin akademik, stafin joakademik, stafin e sh\u00ebrbimit, me student\u00ebt e tjer\u00eb, n\u00eb mjediset e Universitetit, n\u00eb or\u00ebt e m\u00ebsimit, n\u00eb praktikat m\u00ebsimore dhe n\u00eb \u00e7do aktivitet tjet\u00ebr t\u00eb organizuar nga Universiteti.<\/p><p>g. T\u00eb ruaj\u00eb e t\u00eb respektoj paprekshm\u00ebrin\u00eb e or\u00ebs s\u00eb m\u00ebsimit dhe t\u00eb pedagogut n\u00eb m\u00ebsim.<\/p><p>\u00a0<\/p><p><strong>Shkelja e rregullave<\/strong><\/p><p>1. Shkelje e rregullave t\u00eb shkoll\u00ebs konsiderohen t\u00eb gjitha veprimet e kryera nga ana e studentit q\u00eb c\u00ebnojn\u00eb personalitetin e m\u00ebsimdh\u00ebn\u00ebsit dhe t\u00eb \u00e7do punonj\u00ebsi tjet\u00ebr t\u00eb shkoll\u00ebs, normat etiko-morale t\u00eb shoq\u00ebris\u00eb si kopjimi n\u00eb provime, falsifikimi i dokumentave t\u00eb ndryshme, mosrespektimi i rregullave t\u00eb citimit q\u00eb sanksionojn\u00eb pron\u00ebsin\u00eb intelektuale, aktet e vjedhjes s\u00eb t\u00eb drejt\u00ebs s\u00eb autorit, aktet e rruga\u00e7\u00ebris\u00eb, t\u00eb vjedhjes etj., kur k\u00ebto veprime nuk bartin elemente t\u00eb vepr\u00ebs penale.<\/p><p>2. Ndaj studentit q\u00eb kryen k\u00ebto veprime, merren k\u00ebto masa disiplinore<\/p><p>a. v\u00ebrejtje me shkrim;<br \/>b. p\u00ebrjashtim nga Universiteti p\u00ebr nj\u00eb vit;<br \/>c. p\u00ebrjashtim nga Universiteti ,<\/p><p>Vendimin p\u00ebr masat disiplinore dhe p\u00ebrjashtimin e studentit e merr Rektorati me propozim t\u00eb dekanit t\u00eb fakultetit.<\/p><\/li><li class=\"dep_elektroteknikes_shpegime\">\u00a0<\/li><\/ol>\t\t\t\t\t\t\t\t<\/div>\n\t\t\t\t<\/div>\n\t\t\t\t\t<\/div>\n\t\t<\/div>\n\t\t\t\t\t<\/div>\n\t\t<\/section>\n\t\t\t\t<\/div>","protected":false},"excerpt":{"rendered":"<p>Home T\u00eb drejta dhe detyra T\u00eb drejtat dhe detyrat e studentit Studenti ka t\u00eb drejt\u00eb: a. t\u00eb p\u00ebrdor\u00eb pajisjet e shkoll\u00ebs, sipas rregullave p\u00ebrkat\u00ebse, p\u00ebr t\u00eb realizuar programin m\u00ebsimor dhe pun\u00ebn e programuar n\u00eb aktivitetin e tij shkencor, laboratoret, bibliotek\u00ebn &hellip; <\/p>","protected":false},"author":1,"featured_media":0,"parent":0,"menu_order":0,"comment_status":"closed","ping_status":"closed","template":"elementor_header_footer","meta":{"_acf_changed":false,"footnotes":""},"class_list":["post-11663","page","type-page","status-publish","hentry"],"acf":[],"yoast_head":"<!-- This site is optimized with the Yoast SEO plugin v24.4 - https:\/\/yoast.com\/wordpress\/plugins\/seo\/ -->\n<title>T\u00eb drejta dhe detyra - Fakulteti i Inxhinieris\u00eb Elektrike - Universiteti Politeknik i Tiran\u00ebs<\/title>\n<meta name=\"robots\" content=\"index, follow, max-snippet:-1, max-image-preview:large, max-video-preview:-1\" \/>\n<link rel=\"canonical\" href=\"https:\/\/fie.edu.al\/en\/te-drejta-dhe-detyra\/\" \/>\n<meta property=\"og:locale\" content=\"en_GB\" \/>\n<meta property=\"og:type\" content=\"article\" \/>\n<meta property=\"og:title\" content=\"T\u00eb drejta dhe detyra - Fakulteti i Inxhinieris\u00eb Elektrike - Universiteti Politeknik i Tiran\u00ebs\" \/>\n<meta property=\"og:description\" content=\"Home T\u00eb drejta dhe detyra T\u00eb drejtat dhe detyrat e studentit Studenti ka t\u00eb drejt\u00eb: a. t\u00eb p\u00ebrdor\u00eb pajisjet e shkoll\u00ebs, sipas rregullave p\u00ebrkat\u00ebse, p\u00ebr t\u00eb realizuar programin m\u00ebsimor dhe pun\u00ebn e programuar n\u00eb aktivitetin e tij shkencor, laboratoret, bibliotek\u00ebn &hellip;\" \/>\n<meta property=\"og:url\" content=\"https:\/\/fie.edu.al\/en\/te-drejta-dhe-detyra\/\" \/>\n<meta property=\"og:site_name\" content=\"Fakulteti i Inxhinieris\u00eb Elektrike - Universiteti Politeknik i Tiran\u00ebs\" \/>\n<meta property=\"article:publisher\" content=\"https:\/\/www.facebook.com\/p\/Fakulteti-Inxhinierise-Elektrike-100083035187224\/\" \/>\n<meta property=\"article:modified_time\" content=\"2024-10-17T21:24:12+00:00\" \/>\n<meta property=\"og:image\" content=\"https:\/\/fie.edu.al\/wp-content\/uploads\/2024\/10\/1aa1043f-e21c-4748-bfec-2f86481ca215-1-scaled.jpeg\" \/>\n\t<meta property=\"og:image:width\" content=\"2560\" \/>\n\t<meta property=\"og:image:height\" content=\"1920\" \/>\n\t<meta property=\"og:image:type\" content=\"image\/jpeg\" \/>\n<meta name=\"twitter:card\" content=\"summary_large_image\" \/>\n<meta name=\"twitter:label1\" content=\"Estimated reading time\" \/>\n\t<meta name=\"twitter:data1\" content=\"4 minutes\" \/>\n<script type=\"application\/ld+json\" class=\"yoast-schema-graph\">{\"@context\":\"https:\/\/schema.org\",\"@graph\":[{\"@type\":\"WebPage\",\"@id\":\"https:\/\/fie.edu.al\/te-drejta-dhe-detyra\/\",\"url\":\"https:\/\/fie.edu.al\/te-drejta-dhe-detyra\/\",\"name\":\"T\u00eb drejta dhe detyra - Fakulteti i Inxhinieris\u00eb Elektrike - Universiteti Politeknik i Tiran\u00ebs\",\"isPartOf\":{\"@id\":\"https:\/\/fie.edu.al\/#website\"},\"datePublished\":\"2024-10-17T21:23:52+00:00\",\"dateModified\":\"2024-10-17T21:24:12+00:00\",\"breadcrumb\":{\"@id\":\"https:\/\/fie.edu.al\/te-drejta-dhe-detyra\/#breadcrumb\"},\"inLanguage\":\"en-GB\",\"potentialAction\":[{\"@type\":\"ReadAction\",\"target\":[\"https:\/\/fie.edu.al\/te-drejta-dhe-detyra\/\"]}]},{\"@type\":\"BreadcrumbList\",\"@id\":\"https:\/\/fie.edu.al\/te-drejta-dhe-detyra\/#breadcrumb\",\"itemListElement\":[{\"@type\":\"ListItem\",\"position\":1,\"name\":\"Home\",\"item\":\"https:\/\/fie.edu.al\/\"},{\"@type\":\"ListItem\",\"position\":2,\"name\":\"T\u00eb drejta dhe detyra\"}]},{\"@type\":\"WebSite\",\"@id\":\"https:\/\/fie.edu.al\/#website\",\"url\":\"https:\/\/fie.edu.al\/\",\"name\":\"Fakulteti i Inxhinieris\u00eb Elektronike - Universiteti Politeknik i Tiran\u00ebs\",\"description\":\"\",\"publisher\":{\"@id\":\"https:\/\/fie.edu.al\/#organization\"},\"potentialAction\":[{\"@type\":\"SearchAction\",\"target\":{\"@type\":\"EntryPoint\",\"urlTemplate\":\"https:\/\/fie.edu.al\/?s={search_term_string}\"},\"query-input\":{\"@type\":\"PropertyValueSpecification\",\"valueRequired\":true,\"valueName\":\"search_term_string\"}}],\"inLanguage\":\"en-GB\"},{\"@type\":\"Organization\",\"@id\":\"https:\/\/fie.edu.al\/#organization\",\"name\":\"Fakulteti i Inxhinieris\u00eb Elektronike - Universiteti Politeknik i Tiran\u00ebs\",\"url\":\"https:\/\/fie.edu.al\/\",\"logo\":{\"@type\":\"ImageObject\",\"inLanguage\":\"en-GB\",\"@id\":\"https:\/\/fie.edu.al\/#\/schema\/logo\/image\/\",\"url\":\"https:\/\/fie.edu.al\/wp-content\/uploads\/2024\/10\/favicon.png\",\"contentUrl\":\"https:\/\/fie.edu.al\/wp-content\/uploads\/2024\/10\/favicon.png\",\"width\":500,\"height\":500,\"caption\":\"Fakulteti i Inxhinieris\u00eb Elektronike - Universiteti Politeknik i Tiran\u00ebs\"},\"image\":{\"@id\":\"https:\/\/fie.edu.al\/#\/schema\/logo\/image\/\"},\"sameAs\":[\"https:\/\/www.facebook.com\/p\/Fakulteti-Inxhinierise-Elektrike-100083035187224\/\",\"https:\/\/www.instagram.com\/fie.upt.al\/?hl=en\"]}]}<\/script>\n<!-- \/ Yoast SEO plugin. -->","yoast_head_json":{"title":"T\u00eb drejta dhe detyra - Fakulteti i Inxhinieris\u00eb Elektrike - Universiteti Politeknik i Tiran\u00ebs","robots":{"index":"index","follow":"follow","max-snippet":"max-snippet:-1","max-image-preview":"max-image-preview:large","max-video-preview":"max-video-preview:-1"},"canonical":"https:\/\/fie.edu.al\/en\/te-drejta-dhe-detyra\/","og_locale":"en_GB","og_type":"article","og_title":"T\u00eb drejta dhe detyra - Fakulteti i Inxhinieris\u00eb Elektrike - Universiteti Politeknik i Tiran\u00ebs","og_description":"Home T\u00eb drejta dhe detyra T\u00eb drejtat dhe detyrat e studentit Studenti ka t\u00eb drejt\u00eb: a. t\u00eb p\u00ebrdor\u00eb pajisjet e shkoll\u00ebs, sipas rregullave p\u00ebrkat\u00ebse, p\u00ebr t\u00eb realizuar programin m\u00ebsimor dhe pun\u00ebn e programuar n\u00eb aktivitetin e tij shkencor, laboratoret, bibliotek\u00ebn &hellip;","og_url":"https:\/\/fie.edu.al\/en\/te-drejta-dhe-detyra\/","og_site_name":"Fakulteti i Inxhinieris\u00eb Elektrike - Universiteti Politeknik i Tiran\u00ebs","article_publisher":"https:\/\/www.facebook.com\/p\/Fakulteti-Inxhinierise-Elektrike-100083035187224\/","article_modified_time":"2024-10-17T21:24:12+00:00","og_image":[{"width":2560,"height":1920,"url":"https:\/\/fie.edu.al\/wp-content\/uploads\/2024\/10\/1aa1043f-e21c-4748-bfec-2f86481ca215-1-scaled.jpeg","type":"image\/jpeg"}],"twitter_card":"summary_large_image","twitter_misc":{"Estimated reading time":"4 minutes"},"schema":{"@context":"https:\/\/schema.org","@graph":[{"@type":"WebPage","@id":"https:\/\/fie.edu.al\/te-drejta-dhe-detyra\/","url":"https:\/\/fie.edu.al\/te-drejta-dhe-detyra\/","name":"T\u00eb drejta dhe detyra - Fakulteti i Inxhinieris\u00eb Elektrike - Universiteti Politeknik i Tiran\u00ebs","isPartOf":{"@id":"https:\/\/fie.edu.al\/#website"},"datePublished":"2024-10-17T21:23:52+00:00","dateModified":"2024-10-17T21:24:12+00:00","breadcrumb":{"@id":"https:\/\/fie.edu.al\/te-drejta-dhe-detyra\/#breadcrumb"},"inLanguage":"en-GB","potentialAction":[{"@type":"ReadAction","target":["https:\/\/fie.edu.al\/te-drejta-dhe-detyra\/"]}]},{"@type":"BreadcrumbList","@id":"https:\/\/fie.edu.al\/te-drejta-dhe-detyra\/#breadcrumb","itemListElement":[{"@type":"ListItem","position":1,"name":"Home","item":"https:\/\/fie.edu.al\/"},{"@type":"ListItem","position":2,"name":"T\u00eb drejta dhe detyra"}]},{"@type":"WebSite","@id":"https:\/\/fie.edu.al\/#website","url":"https:\/\/fie.edu.al\/","name":"Fakulteti i Inxhinieris\u00eb Elektronike - Universiteti Politeknik i Tiran\u00ebs","description":"","publisher":{"@id":"https:\/\/fie.edu.al\/#organization"},"potentialAction":[{"@type":"SearchAction","target":{"@type":"EntryPoint","urlTemplate":"https:\/\/fie.edu.al\/?s={search_term_string}"},"query-input":{"@type":"PropertyValueSpecification","valueRequired":true,"valueName":"search_term_string"}}],"inLanguage":"en-GB"},{"@type":"Organization","@id":"https:\/\/fie.edu.al\/#organization","name":"Fakulteti i Inxhinieris\u00eb Elektronike - Universiteti Politeknik i Tiran\u00ebs","url":"https:\/\/fie.edu.al\/","logo":{"@type":"ImageObject","inLanguage":"en-GB","@id":"https:\/\/fie.edu.al\/#\/schema\/logo\/image\/","url":"https:\/\/fie.edu.al\/wp-content\/uploads\/2024\/10\/favicon.png","contentUrl":"https:\/\/fie.edu.al\/wp-content\/uploads\/2024\/10\/favicon.png","width":500,"height":500,"caption":"Fakulteti i Inxhinieris\u00eb Elektronike - Universiteti Politeknik i Tiran\u00ebs"},"image":{"@id":"https:\/\/fie.edu.al\/#\/schema\/logo\/image\/"},"sameAs":["https:\/\/www.facebook.com\/p\/Fakulteti-Inxhinierise-Elektrike-100083035187224\/","https:\/\/www.instagram.com\/fie.upt.al\/?hl=en"]}]}},"_links":{"self":[{"href":"https:\/\/fie.edu.al\/en\/wp-json\/wp\/v2\/pages\/11663","targetHints":{"allow":["GET"]}}],"collection":[{"href":"https:\/\/fie.edu.al\/en\/wp-json\/wp\/v2\/pages"}],"about":[{"href":"https:\/\/fie.edu.al\/en\/wp-json\/wp\/v2\/types\/page"}],"author":[{"embeddable":true,"href":"https:\/\/fie.edu.al\/en\/wp-json\/wp\/v2\/users\/1"}],"replies":[{"embeddable":true,"href":"https:\/\/fie.edu.al\/en\/wp-json\/wp\/v2\/comments?post=11663"}],"version-history":[{"count":0,"href":"https:\/\/fie.edu.al\/en\/wp-json\/wp\/v2\/pages\/11663\/revisions"}],"wp:attachment":[{"href":"https:\/\/fie.edu.al\/en\/wp-json\/wp\/v2\/media?parent=11663"}],"curies":[{"name":"wp","href":"https:\/\/api.w.org\/{rel}","templated":true}]}}