{"id":11653,"date":"2024-10-17T21:20:24","date_gmt":"2024-10-17T21:20:24","guid":{"rendered":"https:\/\/fie.edu.al\/?page_id=11653"},"modified":"2024-10-17T21:20:44","modified_gmt":"2024-10-17T21:20:44","slug":"pranime-ne-fie","status":"publish","type":"page","link":"https:\/\/fie.edu.al\/en\/pranime-ne-fie\/","title":{"rendered":"Pranime ne FIE"},"content":{"rendered":"<div data-elementor-type=\"wp-page\" data-elementor-id=\"11653\" class=\"elementor elementor-11653\" data-elementor-post-type=\"page\">\n\t\t\t\t\t\t<section class=\"elementor-section elementor-top-section elementor-element elementor-element-2e52e26d elementor-section-height-min-height elementor-section-stretched elementor-section-boxed elementor-section-height-default elementor-section-items-middle\" data-id=\"2e52e26d\" data-element_type=\"section\" data-settings=\"{&quot;stretch_section&quot;:&quot;section-stretched&quot;,&quot;background_background&quot;:&quot;classic&quot;}\">\n\t\t\t\t\t\t<div class=\"elementor-container elementor-column-gap-custom\">\n\t\t\t\t\t<div class=\"elementor-column elementor-col-100 elementor-top-column elementor-element elementor-element-7fd5a507\" data-id=\"7fd5a507\" data-element_type=\"column\">\n\t\t\t<div class=\"elementor-widget-wrap elementor-element-populated\">\n\t\t\t\t\t\t<div class=\"elementor-element elementor-element-6e310db5 elementor-widget elementor-widget-thim-ekits-breadcrumb\" data-id=\"6e310db5\" data-element_type=\"widget\" data-widget_type=\"thim-ekits-breadcrumb.default\">\n\t\t\t\t<div class=\"elementor-widget-container\">\n\t\t\t\t\t\n\t\t\t<div class=\"thim-ekit-breadcrumb\">\n\n\t\t\t\tHome\n\t\t\t<\/div>\n\n\t\t\t\t\t\t\t<\/div>\n\t\t\t\t<\/div>\n\t\t\t\t\t<\/div>\n\t\t<\/div>\n\t\t\t\t\t<\/div>\n\t\t<\/section>\n\t\t\t\t<section class=\"elementor-section elementor-top-section elementor-element elementor-element-37d02bab elementor-section-stretched elementor-section-boxed elementor-section-height-default elementor-section-height-default\" data-id=\"37d02bab\" data-element_type=\"section\" data-settings=\"{&quot;stretch_section&quot;:&quot;section-stretched&quot;}\">\n\t\t\t\t\t\t<div class=\"elementor-container elementor-column-gap-custom\">\n\t\t\t\t\t<div class=\"elementor-column elementor-col-100 elementor-top-column elementor-element elementor-element-533248f2\" data-id=\"533248f2\" data-element_type=\"column\">\n\t\t\t<div class=\"elementor-widget-wrap elementor-element-populated\">\n\t\t\t\t\t\t<div class=\"elementor-element elementor-element-7688a22a thim-ekits-heading-text-left elementor-widget thim-ekits-heading elementor-widget-thim-heading\" data-id=\"7688a22a\" data-element_type=\"widget\" data-widget_type=\"thim-heading.default\">\n\t\t\t\t<div class=\"elementor-widget-container\">\n\t\t\t\t\t<div class=\"sc_heading text-left\"><h1 class=\"title\">Pranime ne FIE <\/h1><\/div>\t\t\t\t<\/div>\n\t\t\t\t<\/div>\n\t\t\t\t\t<\/div>\n\t\t<\/div>\n\t\t\t\t\t<\/div>\n\t\t<\/section>\n\t\t\t\t<section class=\"elementor-section elementor-top-section elementor-element elementor-element-5bd3054d elementor-section-stretched elementor-section-boxed elementor-section-height-default elementor-section-height-default\" data-id=\"5bd3054d\" data-element_type=\"section\" data-settings=\"{&quot;stretch_section&quot;:&quot;section-stretched&quot;}\">\n\t\t\t\t\t\t<div class=\"elementor-container elementor-column-gap-custom\">\n\t\t\t\t\t<div class=\"elementor-column elementor-col-100 elementor-top-column elementor-element elementor-element-722a80d2\" data-id=\"722a80d2\" data-element_type=\"column\">\n\t\t\t<div class=\"elementor-widget-wrap elementor-element-populated\">\n\t\t\t\t\t\t<div class=\"elementor-element elementor-element-0dba332 elementor-widget elementor-widget-text-editor\" data-id=\"0dba332\" data-element_type=\"widget\" data-widget_type=\"text-editor.default\">\n\t\t\t\t<div class=\"elementor-widget-container\">\n\t\t\t\t\t\t\t\t\t<p align=\"justify\"><strong>Pranimi i student\u00ebve n\u00eb programet e studimit t\u00eb ciklit t\u00eb par\u00eb<\/strong><\/p><p>Kandidat\u00ebt fitojn\u00eb t\u00eb drejt\u00ebn p\u00ebr t\u2019u regjistruar n\u00eb nj\u00eb program studimi t\u00eb ciklit t\u00eb par\u00eb, n\u00ebse mbi baz\u00ebn e kritereve t\u00eb vendosura, renditen n\u00eb list\u00ebn e fituesve, p\u00ebr at\u00eb program.<\/p><p>Kandidat\u00ebt fitues, fitojn\u00eb statusin e studentit dhe kan\u00eb t\u00eb drejt\u00eb t\u00eb ndjekin studimet n\u00eb vitin akademik p\u00ebrkat\u00ebs, n\u00ebse regjistrohen n\u00eb sekretarin\u00eb m\u00ebsimore t\u00eb fakultetit brenda afateve kohore t\u00eb p\u00ebrcaktuara dhe t\u00eb shpallura paraprakisht.<\/p><p>\u00a0<\/p><p>Mb\u00ebshtetur n\u00eb Ligjin \u201cP\u00ebr Arsimin e Lart\u00eb n\u00eb Republik\u00ebn e Shqip\u00ebris\u00eb\u201d P\u00ebr t&#8217;u regjistruar, studenti paraqet vet\u00eb ose nj\u00eb person i autorizuar me PROKURE pran\u00eb sekretaris\u00eb m\u00ebsimore t\u00eb fakultetit me dokumentacionin e nevojsh\u00ebm, i cili p\u00ebrb\u00ebhet nga:<\/p><p>\u00a0<\/p><p>1. Studenti paraqet pran\u00eb sekretaris\u00eb m\u00ebsimore t\u00eb fakultetit p\u00ebrkat\u00ebs dokumentacionin e nevojsh\u00ebm, i cili p\u00ebrb\u00ebhet nga: d\u00ebftesa e matur\u00ebs (origjinale ose noterizuar), Karten e Identitetit dhe nje fotokopje te saje,dy fotografi 4&#215;6, si dhe fatur\u00ebn e pages\u00ebs s\u00eb tarif\u00ebs s\u00eb regjistrimit.<\/p><p>2. Studenti duhet t\u00eb paguaj\u00eb tarif\u00ebn vjetore t\u00eb shkollimit p\u00ebr vitin p\u00ebrkat\u00ebs akademik para fillimit t\u00eb sesionit t\u00eb provimeve t\u00eb dimrit. N\u00eb rast mospagese ai humbet t\u00eb drejt\u00ebn p\u00ebr t\u00eb hyr\u00eb n\u00eb provime.<\/p><p>3. Fakulteti i jep studentit numrin e tij t\u00eb matrikullimit, i cili \u00ebsht\u00eb unikal, brenda dy muajve nga koha e fitimit t\u00eb statusit t\u00eb studentit. Studenti e humbet statusin e tij me marrjen e diplom\u00ebs, me largimin vullnetar t\u00eb tij pa p\u00ebrfunduar studimet ose me p\u00ebrjashtimin e tij nga universiteti.<\/p><p><strong>Pranimi i student\u00ebve n\u00eb programet e studimit t\u00eb ciklit t\u00eb dyt\u00eb<\/strong><\/p><p>1. Mb\u00ebshtetur n\u00eb Ligjin \u201cP\u00ebr Arsimin e Lart\u00eb n\u00eb Republik\u00ebn e Shqip\u00ebris\u00eb\u201d P\u00ebr t&#8217;u regjistruar, studenti paraqet pran\u00eb sekretaris\u00eb m\u00ebsimore t\u00eb fakultetit me dokumentacionin e nevojsh\u00ebm, i cili p\u00ebrb\u00ebhet nga:<\/p><p>1. P\u00ebr t\u2019u pranuar n\u00eb nj\u00eb program studimi t\u00eb ciklit t\u00eb dyt\u00eb, kandidati duhet t\u00eb ket\u00eb nj\u00eb diplom\u00eb DNP n\u00eb fush\u00ebn p\u00ebrkat\u00ebse t\u00eb studimit ose n\u00eb fusha t\u00eb tjera t\u00eb p\u00ebraf\u00ebrta. N\u00eb \u00e7do program studimi t\u00eb ciklit t\u00eb dyt\u00eb p\u00ebrcaktohet lista e programeve t\u00eb studimit t\u00eb ciklit t\u00eb par\u00eb q\u00eb mund\u00ebsojn\u00eb pranimin n\u00eb t\u00eb si m\u00eb posht\u00eb:<br \/>a. Programe studimi t\u00eb ciklit t\u00eb par\u00eb q\u00eb lejojn\u00eb regjistrimin n\u00eb programin p\u00ebrkat\u00ebs t\u00eb studimit t\u00eb ciklit t\u00eb dyt\u00eb pa plot\u00ebsime shtes\u00eb (pa debite formimi)<br \/>b. Programe studimi t\u00eb ciklit t\u00eb par\u00eb q\u00eb lejojn\u00eb regjistrimin n\u00eb programin p\u00ebrkat\u00ebs t\u00eb studimit t\u00eb ciklit t\u00eb dyt\u00eb me plot\u00ebsime t\u00eb njohurive formuese (me debite formimi)<\/p><p>2. Student\u00ebt e pranuar n\u00eb programet e studimit t\u00eb ciklit t\u00eb dyt\u00eb me jo m\u00eb shum\u00eb se 30 kredite debite regjistrohen n\u00eb vitin e par\u00eb t\u00eb programit p\u00ebrkat\u00ebs t\u00eb studimit t\u00eb ciklit t\u00eb dyt\u00eb me detyrimin e plot\u00ebsimit t\u00eb k\u00ebtyre debiteve..<br \/><br \/>3. Student\u00ebt e pranuar n\u00eb programet e studimit t\u00eb ciklit t\u00eb dyt\u00eb me m\u00eb shum\u00eb se 30 kredite debite, duhet t\u2019i plot\u00ebsojn\u00eb ato para se t\u00eb regjistrohen n\u00eb vitin e par\u00eb t\u00eb programit p\u00ebrkat\u00ebs t\u00eb studimit t\u00eb ciklit t\u00eb dyt\u00eb. Fakulteti u krijon kushte p\u00ebr frekuentimin e disiplinave p\u00ebrkat\u00ebse dhe dh\u00ebnien e provimeve.<br \/><br \/>4. P\u00ebr \u00e7do program studimi t\u00eb ciklit t\u00eb dyt\u00eb, fakultetet propozojn\u00eb kriteret specifike t\u00eb pranimit. P\u00ebrzgjedhja e kandidat\u00ebve b\u00ebhet n\u00eb baz\u00eb t\u00eb kuotave t\u00eb miratuara dhe kritereve t\u00eb pranimit.<br \/><br \/>5. Kandidati fitues, fiton statusin e studentit dhe ka t\u00eb drejt\u00eb t\u00eb ndjek\u00eb studimet n\u00eb vitin akademik p\u00ebrkat\u00ebs, n\u00ebse regjistrohet n\u00eb sekretarin\u00eb m\u00ebsimore t\u00eb fakultetit brenda afateve kohore t\u00eb p\u00ebrcaktuara dhe t\u00eb shpallura paraprakisht. P\u00ebr t&#8217;u regjistruar, studenti paraqet pran\u00eb sekretaris\u00eb m\u00ebsimore t\u00eb fakultetit dokumentacionin e nevojsh\u00ebm, i cili p\u00ebrb\u00ebhet nga:<br \/>Diploma (ose fotokopje e noterizuar ) e DNP, suplementi i diplom\u00ebs (ose dokumenta t\u00eb tjer\u00eb ekuivalente me t\u00eb), Karten e ID, dy fotografi 4&#215;6 , formulari i plotesuar i aplikimit, Deftesa e shkolles se mesme, si dhe fatur\u00ebn e pages\u00ebs s\u00eb tarif\u00ebs s\u00eb regjistrimit<br \/><br \/>6. Fakulteti ka p\u00ebrgjegj\u00ebsin\u00eb e verifikimit t\u00eb origjinalitetit t\u00eb dokumentacionit t\u00eb paraqitur (diploma e nivelit t\u00eb par\u00eb dhe suplementi i diplom\u00ebs), brenda dy muajve nga koha e regjistrimit. N\u00eb rast t\u00eb konstatimit t\u00eb fallsifikimit t\u00eb dokumentave, studenti p\u00ebrjashtohet nga universiteti pa iu rimbursuar tarifa e paguar.<br \/><br \/>7. Studenti duhet t\u00eb paguaj\u00eb tarif\u00ebn vjetore t\u00eb shkollimit p\u00ebr vitin p\u00ebrkat\u00ebs akademik para fillimit t\u00eb sesionit t\u00eb provimeve t\u00eb dimrit. N\u00eb rast mospagese ai humbet t\u00eb drejt\u00ebn p\u00ebr t\u00eb hyr\u00eb n\u00eb provime.<\/p>\t\t\t\t\t\t\t\t<\/div>\n\t\t\t\t<\/div>\n\t\t\t\t\t<\/div>\n\t\t<\/div>\n\t\t\t\t\t<\/div>\n\t\t<\/section>\n\t\t\t\t<\/div>","protected":false},"excerpt":{"rendered":"<p>Home Pranime ne FIE Pranimi i student\u00ebve n\u00eb programet e studimit t\u00eb ciklit t\u00eb par\u00eb Kandidat\u00ebt fitojn\u00eb t\u00eb drejt\u00ebn p\u00ebr t\u2019u regjistruar n\u00eb nj\u00eb program studimi t\u00eb ciklit t\u00eb par\u00eb, n\u00ebse mbi baz\u00ebn e kritereve t\u00eb vendosura, renditen n\u00eb list\u00ebn &hellip; <\/p>","protected":false},"author":1,"featured_media":0,"parent":0,"menu_order":0,"comment_status":"closed","ping_status":"closed","template":"elementor_header_footer","meta":{"_acf_changed":false,"footnotes":""},"class_list":["post-11653","page","type-page","status-publish","hentry"],"acf":[],"yoast_head":"<!-- This site is optimized with the Yoast SEO plugin v24.4 - https:\/\/yoast.com\/wordpress\/plugins\/seo\/ -->\n<title>Pranime ne FIE - Fakulteti i Inxhinieris\u00eb Elektrike - Universiteti Politeknik i Tiran\u00ebs<\/title>\n<meta name=\"robots\" content=\"index, follow, max-snippet:-1, max-image-preview:large, max-video-preview:-1\" \/>\n<link rel=\"canonical\" href=\"https:\/\/fie.edu.al\/en\/pranime-ne-fie\/\" \/>\n<meta property=\"og:locale\" content=\"en_GB\" \/>\n<meta property=\"og:type\" content=\"article\" \/>\n<meta property=\"og:title\" content=\"Pranime ne FIE - Fakulteti i Inxhinieris\u00eb Elektrike - Universiteti Politeknik i Tiran\u00ebs\" \/>\n<meta property=\"og:description\" content=\"Home Pranime ne FIE Pranimi i student\u00ebve n\u00eb programet e studimit t\u00eb ciklit t\u00eb par\u00eb Kandidat\u00ebt fitojn\u00eb t\u00eb drejt\u00ebn p\u00ebr t\u2019u regjistruar n\u00eb nj\u00eb program studimi t\u00eb ciklit t\u00eb par\u00eb, n\u00ebse mbi baz\u00ebn e kritereve t\u00eb vendosura, renditen n\u00eb list\u00ebn &hellip;\" \/>\n<meta property=\"og:url\" content=\"https:\/\/fie.edu.al\/en\/pranime-ne-fie\/\" \/>\n<meta property=\"og:site_name\" content=\"Fakulteti i Inxhinieris\u00eb Elektrike - Universiteti Politeknik i Tiran\u00ebs\" \/>\n<meta property=\"article:publisher\" content=\"https:\/\/www.facebook.com\/p\/Fakulteti-Inxhinierise-Elektrike-100083035187224\/\" \/>\n<meta property=\"article:modified_time\" content=\"2024-10-17T21:20:44+00:00\" \/>\n<meta property=\"og:image\" content=\"https:\/\/fie.edu.al\/wp-content\/uploads\/2024\/10\/1aa1043f-e21c-4748-bfec-2f86481ca215-1-scaled.jpeg\" \/>\n\t<meta property=\"og:image:width\" content=\"2560\" \/>\n\t<meta property=\"og:image:height\" content=\"1920\" \/>\n\t<meta property=\"og:image:type\" content=\"image\/jpeg\" \/>\n<meta name=\"twitter:card\" content=\"summary_large_image\" \/>\n<meta name=\"twitter:label1\" content=\"Estimated reading time\" \/>\n\t<meta name=\"twitter:data1\" content=\"4 minutes\" \/>\n<script type=\"application\/ld+json\" class=\"yoast-schema-graph\">{\"@context\":\"https:\/\/schema.org\",\"@graph\":[{\"@type\":\"WebPage\",\"@id\":\"https:\/\/fie.edu.al\/pranime-ne-fie\/\",\"url\":\"https:\/\/fie.edu.al\/pranime-ne-fie\/\",\"name\":\"Pranime ne FIE - Fakulteti i Inxhinieris\u00eb Elektrike - Universiteti Politeknik i Tiran\u00ebs\",\"isPartOf\":{\"@id\":\"https:\/\/fie.edu.al\/#website\"},\"datePublished\":\"2024-10-17T21:20:24+00:00\",\"dateModified\":\"2024-10-17T21:20:44+00:00\",\"breadcrumb\":{\"@id\":\"https:\/\/fie.edu.al\/pranime-ne-fie\/#breadcrumb\"},\"inLanguage\":\"en-GB\",\"potentialAction\":[{\"@type\":\"ReadAction\",\"target\":[\"https:\/\/fie.edu.al\/pranime-ne-fie\/\"]}]},{\"@type\":\"BreadcrumbList\",\"@id\":\"https:\/\/fie.edu.al\/pranime-ne-fie\/#breadcrumb\",\"itemListElement\":[{\"@type\":\"ListItem\",\"position\":1,\"name\":\"Home\",\"item\":\"https:\/\/fie.edu.al\/\"},{\"@type\":\"ListItem\",\"position\":2,\"name\":\"Pranime ne FIE\"}]},{\"@type\":\"WebSite\",\"@id\":\"https:\/\/fie.edu.al\/#website\",\"url\":\"https:\/\/fie.edu.al\/\",\"name\":\"Fakulteti i Inxhinieris\u00eb Elektronike - Universiteti Politeknik i Tiran\u00ebs\",\"description\":\"\",\"publisher\":{\"@id\":\"https:\/\/fie.edu.al\/#organization\"},\"potentialAction\":[{\"@type\":\"SearchAction\",\"target\":{\"@type\":\"EntryPoint\",\"urlTemplate\":\"https:\/\/fie.edu.al\/?s={search_term_string}\"},\"query-input\":{\"@type\":\"PropertyValueSpecification\",\"valueRequired\":true,\"valueName\":\"search_term_string\"}}],\"inLanguage\":\"en-GB\"},{\"@type\":\"Organization\",\"@id\":\"https:\/\/fie.edu.al\/#organization\",\"name\":\"Fakulteti i Inxhinieris\u00eb Elektronike - Universiteti Politeknik i Tiran\u00ebs\",\"url\":\"https:\/\/fie.edu.al\/\",\"logo\":{\"@type\":\"ImageObject\",\"inLanguage\":\"en-GB\",\"@id\":\"https:\/\/fie.edu.al\/#\/schema\/logo\/image\/\",\"url\":\"https:\/\/fie.edu.al\/wp-content\/uploads\/2024\/10\/favicon.png\",\"contentUrl\":\"https:\/\/fie.edu.al\/wp-content\/uploads\/2024\/10\/favicon.png\",\"width\":500,\"height\":500,\"caption\":\"Fakulteti i Inxhinieris\u00eb Elektronike - Universiteti Politeknik i Tiran\u00ebs\"},\"image\":{\"@id\":\"https:\/\/fie.edu.al\/#\/schema\/logo\/image\/\"},\"sameAs\":[\"https:\/\/www.facebook.com\/p\/Fakulteti-Inxhinierise-Elektrike-100083035187224\/\",\"https:\/\/www.instagram.com\/fie.upt.al\/?hl=en\"]}]}<\/script>\n<!-- \/ Yoast SEO plugin. -->","yoast_head_json":{"title":"Pranime ne FIE - Fakulteti i Inxhinieris\u00eb Elektrike - Universiteti Politeknik i Tiran\u00ebs","robots":{"index":"index","follow":"follow","max-snippet":"max-snippet:-1","max-image-preview":"max-image-preview:large","max-video-preview":"max-video-preview:-1"},"canonical":"https:\/\/fie.edu.al\/en\/pranime-ne-fie\/","og_locale":"en_GB","og_type":"article","og_title":"Pranime ne FIE - Fakulteti i Inxhinieris\u00eb Elektrike - Universiteti Politeknik i Tiran\u00ebs","og_description":"Home Pranime ne FIE Pranimi i student\u00ebve n\u00eb programet e studimit t\u00eb ciklit t\u00eb par\u00eb Kandidat\u00ebt fitojn\u00eb t\u00eb drejt\u00ebn p\u00ebr t\u2019u regjistruar n\u00eb nj\u00eb program studimi t\u00eb ciklit t\u00eb par\u00eb, n\u00ebse mbi baz\u00ebn e kritereve t\u00eb vendosura, renditen n\u00eb list\u00ebn &hellip;","og_url":"https:\/\/fie.edu.al\/en\/pranime-ne-fie\/","og_site_name":"Fakulteti i Inxhinieris\u00eb Elektrike - Universiteti Politeknik i Tiran\u00ebs","article_publisher":"https:\/\/www.facebook.com\/p\/Fakulteti-Inxhinierise-Elektrike-100083035187224\/","article_modified_time":"2024-10-17T21:20:44+00:00","og_image":[{"width":2560,"height":1920,"url":"https:\/\/fie.edu.al\/wp-content\/uploads\/2024\/10\/1aa1043f-e21c-4748-bfec-2f86481ca215-1-scaled.jpeg","type":"image\/jpeg"}],"twitter_card":"summary_large_image","twitter_misc":{"Estimated reading time":"4 minutes"},"schema":{"@context":"https:\/\/schema.org","@graph":[{"@type":"WebPage","@id":"https:\/\/fie.edu.al\/pranime-ne-fie\/","url":"https:\/\/fie.edu.al\/pranime-ne-fie\/","name":"Pranime ne FIE - Fakulteti i Inxhinieris\u00eb Elektrike - Universiteti Politeknik i Tiran\u00ebs","isPartOf":{"@id":"https:\/\/fie.edu.al\/#website"},"datePublished":"2024-10-17T21:20:24+00:00","dateModified":"2024-10-17T21:20:44+00:00","breadcrumb":{"@id":"https:\/\/fie.edu.al\/pranime-ne-fie\/#breadcrumb"},"inLanguage":"en-GB","potentialAction":[{"@type":"ReadAction","target":["https:\/\/fie.edu.al\/pranime-ne-fie\/"]}]},{"@type":"BreadcrumbList","@id":"https:\/\/fie.edu.al\/pranime-ne-fie\/#breadcrumb","itemListElement":[{"@type":"ListItem","position":1,"name":"Home","item":"https:\/\/fie.edu.al\/"},{"@type":"ListItem","position":2,"name":"Pranime ne FIE"}]},{"@type":"WebSite","@id":"https:\/\/fie.edu.al\/#website","url":"https:\/\/fie.edu.al\/","name":"Fakulteti i Inxhinieris\u00eb Elektronike - Universiteti Politeknik i Tiran\u00ebs","description":"","publisher":{"@id":"https:\/\/fie.edu.al\/#organization"},"potentialAction":[{"@type":"SearchAction","target":{"@type":"EntryPoint","urlTemplate":"https:\/\/fie.edu.al\/?s={search_term_string}"},"query-input":{"@type":"PropertyValueSpecification","valueRequired":true,"valueName":"search_term_string"}}],"inLanguage":"en-GB"},{"@type":"Organization","@id":"https:\/\/fie.edu.al\/#organization","name":"Fakulteti i Inxhinieris\u00eb Elektronike - Universiteti Politeknik i Tiran\u00ebs","url":"https:\/\/fie.edu.al\/","logo":{"@type":"ImageObject","inLanguage":"en-GB","@id":"https:\/\/fie.edu.al\/#\/schema\/logo\/image\/","url":"https:\/\/fie.edu.al\/wp-content\/uploads\/2024\/10\/favicon.png","contentUrl":"https:\/\/fie.edu.al\/wp-content\/uploads\/2024\/10\/favicon.png","width":500,"height":500,"caption":"Fakulteti i Inxhinieris\u00eb Elektronike - Universiteti Politeknik i Tiran\u00ebs"},"image":{"@id":"https:\/\/fie.edu.al\/#\/schema\/logo\/image\/"},"sameAs":["https:\/\/www.facebook.com\/p\/Fakulteti-Inxhinierise-Elektrike-100083035187224\/","https:\/\/www.instagram.com\/fie.upt.al\/?hl=en"]}]}},"_links":{"self":[{"href":"https:\/\/fie.edu.al\/en\/wp-json\/wp\/v2\/pages\/11653","targetHints":{"allow":["GET"]}}],"collection":[{"href":"https:\/\/fie.edu.al\/en\/wp-json\/wp\/v2\/pages"}],"about":[{"href":"https:\/\/fie.edu.al\/en\/wp-json\/wp\/v2\/types\/page"}],"author":[{"embeddable":true,"href":"https:\/\/fie.edu.al\/en\/wp-json\/wp\/v2\/users\/1"}],"replies":[{"embeddable":true,"href":"https:\/\/fie.edu.al\/en\/wp-json\/wp\/v2\/comments?post=11653"}],"version-history":[{"count":0,"href":"https:\/\/fie.edu.al\/en\/wp-json\/wp\/v2\/pages\/11653\/revisions"}],"wp:attachment":[{"href":"https:\/\/fie.edu.al\/en\/wp-json\/wp\/v2\/media?parent=11653"}],"curies":[{"name":"wp","href":"https:\/\/api.w.org\/{rel}","templated":true}]}}