{"id":11613,"date":"2024-10-17T20:22:19","date_gmt":"2024-10-17T20:22:19","guid":{"rendered":"https:\/\/fie.edu.al\/?page_id=11613"},"modified":"2024-11-10T18:04:08","modified_gmt":"2024-11-10T18:04:08","slug":"sekretaria-mesimore","status":"publish","type":"page","link":"https:\/\/fie.edu.al\/en\/sekretaria-mesimore\/","title":{"rendered":"Educational Secretariat"},"content":{"rendered":"<div data-elementor-type=\"wp-page\" data-elementor-id=\"11613\" class=\"elementor elementor-11613\" data-elementor-post-type=\"page\">\n\t\t\t\t\t\t<section class=\"elementor-section elementor-top-section elementor-element elementor-element-2e52e26d elementor-section-height-min-height elementor-section-stretched elementor-section-boxed elementor-section-height-default elementor-section-items-middle\" data-id=\"2e52e26d\" data-element_type=\"section\" data-settings=\"{&quot;stretch_section&quot;:&quot;section-stretched&quot;,&quot;background_background&quot;:&quot;classic&quot;}\">\n\t\t\t\t\t\t<div class=\"elementor-container elementor-column-gap-custom\">\n\t\t\t\t\t<div class=\"elementor-column elementor-col-100 elementor-top-column elementor-element elementor-element-7fd5a507\" data-id=\"7fd5a507\" data-element_type=\"column\">\n\t\t\t<div class=\"elementor-widget-wrap elementor-element-populated\">\n\t\t\t\t\t\t<div class=\"elementor-element elementor-element-6e310db5 elementor-widget elementor-widget-thim-ekits-breadcrumb\" data-id=\"6e310db5\" data-element_type=\"widget\" data-widget_type=\"thim-ekits-breadcrumb.default\">\n\t\t\t\t<div class=\"elementor-widget-container\">\n\t\t\t\t\t\n\t\t\t<div class=\"thim-ekit-breadcrumb\">\n\n\t\t\t\tHome\n\t\t\t<\/div>\n\n\t\t\t\t\t\t\t<\/div>\n\t\t\t\t<\/div>\n\t\t\t\t\t<\/div>\n\t\t<\/div>\n\t\t\t\t\t<\/div>\n\t\t<\/section>\n\t\t\t\t<section class=\"elementor-section elementor-top-section elementor-element elementor-element-37d02bab elementor-section-stretched elementor-section-boxed elementor-section-height-default elementor-section-height-default\" data-id=\"37d02bab\" data-element_type=\"section\" data-settings=\"{&quot;stretch_section&quot;:&quot;section-stretched&quot;}\">\n\t\t\t\t\t\t<div class=\"elementor-container elementor-column-gap-custom\">\n\t\t\t\t\t<div class=\"elementor-column elementor-col-100 elementor-top-column elementor-element elementor-element-533248f2\" data-id=\"533248f2\" data-element_type=\"column\">\n\t\t\t<div class=\"elementor-widget-wrap elementor-element-populated\">\n\t\t\t\t\t\t<div class=\"elementor-element elementor-element-7688a22a thim-ekits-heading-text-left elementor-widget thim-ekits-heading elementor-widget-thim-heading\" data-id=\"7688a22a\" data-element_type=\"widget\" data-widget_type=\"thim-heading.default\">\n\t\t\t\t<div class=\"elementor-widget-container\">\n\t\t\t\t\t<div class=\"sc_heading text-left\"><h1 class=\"title\">Educational Secretariat <\/h1><\/div>\t\t\t\t<\/div>\n\t\t\t\t<\/div>\n\t\t\t\t<div class=\"elementor-element elementor-element-52c2f7b elementor-widget elementor-widget-text-editor\" data-id=\"52c2f7b\" data-element_type=\"widget\" data-widget_type=\"text-editor.default\">\n\t\t\t\t<div class=\"elementor-widget-container\">\n\t\t\t\t\t\t\t\t\t<p>Email: <a href=\"mailto:sekretariamesimore@fie-upt.edu.al\">sekretariamesimore@fie-upt.edu.al<\/a><\/p>\t\t\t\t\t\t\t\t<\/div>\n\t\t\t\t<\/div>\n\t\t\t\t\t<\/div>\n\t\t<\/div>\n\t\t\t\t\t<\/div>\n\t\t<\/section>\n\t\t<div class=\"elementor-element elementor-element-172cd7b e-grid e-con-boxed e-con e-parent\" data-id=\"172cd7b\" data-element_type=\"container\">\n\t\t\t\t\t<div class=\"e-con-inner\">\n\t\t<div class=\"elementor-element elementor-element-b6c1618 e-con-full e-flex e-con e-child\" data-id=\"b6c1618\" data-element_type=\"container\">\n\t\t\t\t<div class=\"elementor-element elementor-element-1d4370d elementor-widget__width-auto elementor-widget elementor-widget-image\" data-id=\"1d4370d\" data-element_type=\"widget\" data-widget_type=\"image.default\">\n\t\t\t\t<div class=\"elementor-widget-container\">\n\t\t\t\t\t\t\t\t\t\t\t\t<figure class=\"wp-caption\">\n\t\t\t\t\t\t\t\t\t\t\t<a href=\"https:\/\/bit-albania.com\/upt6.php\">\n\t\t\t\t\t\t\t<img fetchpriority=\"high\" decoding=\"async\" width=\"267\" height=\"214\" src=\"https:\/\/fie.edu.al\/wp-content\/uploads\/2024\/10\/info2.gif\" class=\"attachment-large size-large wp-image-12020\" alt=\"\" \/>\t\t\t\t\t\t\t\t<\/a>\n\t\t\t\t\t\t\t\t\t\t\t<figcaption class=\"widget-image-caption wp-caption-text\">Bit Albania<\/figcaption>\n\t\t\t\t\t\t\t\t\t\t<\/figure>\n\t\t\t\t\t\t\t\t\t<\/div>\n\t\t\t\t<\/div>\n\t\t\t\t<\/div>\n\t\t\t\t<div class=\"elementor-element elementor-element-6f297dd elementor-view-default elementor-position-top elementor-mobile-position-top elementor-widget elementor-widget-icon-box\" data-id=\"6f297dd\" data-element_type=\"widget\" data-widget_type=\"icon-box.default\">\n\t\t\t\t<div class=\"elementor-widget-container\">\n\t\t\t\t\t\t\t<div class=\"elementor-icon-box-wrapper\">\n\n\t\t\t\t\t\t<div class=\"elementor-icon-box-icon\">\n\t\t\t\t<a href=\"https:\/\/fie.edu.al\/en\/kerkese-e-re\/\" class=\"elementor-icon\" tabindex=\"-1\" aria-label=\"All requirements\">\n\t\t\t\t<i aria-hidden=\"true\" class=\"tk tk-website\"><\/i>\t\t\t\t<\/a>\n\t\t\t<\/div>\n\t\t\t\n\t\t\t\t\t\t<div class=\"elementor-icon-box-content\">\n\n\t\t\t\t\t\t\t\t\t<h3 class=\"elementor-icon-box-title\">\n\t\t\t\t\t\t<a href=\"https:\/\/fie.edu.al\/en\/kerkese-e-re\/\" >\n\t\t\t\t\t\t\tAll requirements\t\t\t\t\t\t<\/a>\n\t\t\t\t\t<\/h3>\n\t\t\t\t\n\t\t\t\t\n\t\t\t<\/div>\n\t\t\t\n\t\t<\/div>\n\t\t\t\t\t\t<\/div>\n\t\t\t\t<\/div>\n\t\t\t\t\t<\/div>\n\t\t\t\t<\/div>\n\t\t\t\t<section class=\"elementor-section elementor-top-section elementor-element elementor-element-5bd3054d elementor-section-stretched elementor-section-boxed elementor-section-height-default elementor-section-height-default\" data-id=\"5bd3054d\" data-element_type=\"section\" data-settings=\"{&quot;stretch_section&quot;:&quot;section-stretched&quot;}\">\n\t\t\t\t\t\t<div class=\"elementor-container elementor-column-gap-custom\">\n\t\t\t\t\t<div class=\"elementor-column elementor-col-100 elementor-top-column elementor-element elementor-element-722a80d2\" data-id=\"722a80d2\" data-element_type=\"column\">\n\t\t\t<div class=\"elementor-widget-wrap elementor-element-populated\">\n\t\t\t\t\t\t<div class=\"elementor-element elementor-element-cab5e7b elementor-widget elementor-widget-text-editor\" data-id=\"cab5e7b\" data-element_type=\"widget\" data-widget_type=\"text-editor.default\">\n\t\t\t\t<div class=\"elementor-widget-container\">\n\t\t\t\t\t\t\t\t\t<p><strong>The admission and registration procedures at FIE are based on the UPT study regulations - Chapter III<\/strong><br \/><strong>Admission of students to Bachelor study programs<\/strong><\/p><p>\u00a0<\/p><p>Based on Law 9741, dt. 21.05.2007, \"On Higher Education in the Republic of Albania\" as well as in the Instruction of MES No. 15, dt. 14, to be admitted to a first-cycle study program (bachelor) or an integrated second-cycle study program, the candidate must have successfully completed the State Matura, or possess another study degree obtained abroad, evaluated by MES equivalent to it, or possess a diploma issued by a Higher Education Institution. (Moreover study regulations)<\/p><p>\u00a0<\/p><p><strong>Admission of students to Professional Master's Programs<\/strong><br \/>To be admitted to a \"First Level Master's\" study program, the candidate must have completed at least one first-cycle study program in the relevant field of study or in other fields of study. approximate, defined in the MNP study program. The faculty responsible for the MNP study program may establish other specific criteria to enter the MNP, which are made public for each program before the start of admissions to them. These criteria are defined in the teaching regulations of the relevant study program. The selection of candidates is done through competition with files. (Moreover study regulations)<\/p><p>\u00a0<\/p><p><strong>Admission of students to Master of Science study programs<\/strong><br \/>To be admitted to a second-cycle study program, the candidate must have a DNP degree in the relevant field of study or in other related fields defined in the relevant study program of the second cycle. For each second cycle study program, the responsible faculties define specific criteria for DNP study programs that can be continued without or with formation credits, which are made public for each program before the start of admissions. These criteria are defined in the teaching regulations of the study program. The selection of candidates is based on the approved quotas and the results achieved.<br \/>Transfer conditions to the following year according to article 24 of chapter V of the UPT study regulations<\/p><ul><li>The academic year ends at the end of the fall term.<\/li><li>For all study programs, the first-year student moves to the second year if he has received no less than 50% of the credits (30 credits) of the first year.<\/li><li>The second year student moves on to the third year, if he has received no less than 80 credits of which 50 credits from the first year.<\/li><li>For integrated second-cycle study programs, the third-year student moves to the fourth year if he has received no less than 140 credits of which all first- and second-year credits.<\/li><li>The fourth-year student is transferred to the fifth year if he has taken at least 200 credits of which all the credits of the first, second and third years.<\/li><li>A student who does not meet the criteria to transfer to the next year has the following rights and obligations:<\/li><li>All paid obligations are recognized when the programs of the relevant subjects are acceptable for the following year.<\/li><li>He can attend the courses for which he has been assessed as outstanding and is obliged to attend the courses for which he is obliged to attend.<\/li><li>It must pay off the new obligations that arise due to the change in the curriculum plan.<\/li><li>Must pay tuition fee.<\/li><\/ul>\t\t\t\t\t\t\t\t<\/div>\n\t\t\t\t<\/div>\n\t\t\t\t\t<\/div>\n\t\t<\/div>\n\t\t\t\t\t<\/div>\n\t\t<\/section>\n\t\t\t\t<\/div>","protected":false},"excerpt":{"rendered":"<p>Home Sekretaria M\u00ebsimore Email: sekretariamesimore@fie-upt.edu.al Bit Albania T\u00eb gjith\u00eb k\u00ebrkesat Procedurat e pranimit dhe regjistrimit n\u00eb FIE bazohen n\u00eb rregulloren e studimit t\u00eb UPT \u2013 Kreu IIIPranimi i student\u00ebve n\u00eb Programet e studimit Bachelor \u00a0 Mb\u00ebshtetur n\u00eb Ligjin 9741, dt. &hellip; <\/p>","protected":false},"author":1,"featured_media":0,"parent":0,"menu_order":0,"comment_status":"closed","ping_status":"closed","template":"elementor_header_footer","meta":{"_acf_changed":false,"footnotes":""},"class_list":["post-11613","page","type-page","status-publish","hentry"],"acf":[],"yoast_head":"<!-- This site is optimized with the Yoast SEO plugin v24.4 - https:\/\/yoast.com\/wordpress\/plugins\/seo\/ -->\n<title>Sekretaria M\u00ebsimore - Fakulteti i Inxhinieris\u00eb Elektrike - Universiteti Politeknik i Tiran\u00ebs<\/title>\n<meta name=\"robots\" content=\"index, follow, max-snippet:-1, max-image-preview:large, max-video-preview:-1\" \/>\n<link rel=\"canonical\" href=\"https:\/\/fie.edu.al\/en\/sekretaria-mesimore\/\" \/>\n<meta property=\"og:locale\" content=\"en_GB\" \/>\n<meta property=\"og:type\" content=\"article\" \/>\n<meta property=\"og:title\" content=\"Sekretaria M\u00ebsimore - Fakulteti i Inxhinieris\u00eb Elektrike - Universiteti Politeknik i Tiran\u00ebs\" \/>\n<meta property=\"og:description\" content=\"Home Sekretaria M\u00ebsimore Email: sekretariamesimore@fie-upt.edu.al Bit Albania T\u00eb gjith\u00eb k\u00ebrkesat Procedurat e pranimit dhe regjistrimit n\u00eb FIE bazohen n\u00eb rregulloren e studimit t\u00eb UPT \u2013 Kreu IIIPranimi i student\u00ebve n\u00eb Programet e studimit Bachelor \u00a0 Mb\u00ebshtetur n\u00eb Ligjin 9741, dt. &hellip;\" \/>\n<meta property=\"og:url\" content=\"https:\/\/fie.edu.al\/en\/sekretaria-mesimore\/\" \/>\n<meta property=\"og:site_name\" content=\"Fakulteti i Inxhinieris\u00eb Elektrike - Universiteti Politeknik i Tiran\u00ebs\" \/>\n<meta property=\"article:publisher\" content=\"https:\/\/www.facebook.com\/p\/Fakulteti-Inxhinierise-Elektrike-100083035187224\/\" \/>\n<meta property=\"article:modified_time\" content=\"2024-11-10T18:04:08+00:00\" \/>\n<meta property=\"og:image\" content=\"https:\/\/fie.edu.al\/wp-content\/uploads\/2024\/10\/info2.gif\" \/>\n\t<meta property=\"og:image:width\" content=\"267\" \/>\n\t<meta property=\"og:image:height\" content=\"214\" \/>\n\t<meta property=\"og:image:type\" content=\"image\/gif\" \/>\n<meta name=\"twitter:card\" content=\"summary_large_image\" \/>\n<meta name=\"twitter:label1\" content=\"Estimated reading time\" \/>\n\t<meta name=\"twitter:data1\" content=\"4 minutes\" \/>\n<script type=\"application\/ld+json\" class=\"yoast-schema-graph\">{\"@context\":\"https:\/\/schema.org\",\"@graph\":[{\"@type\":\"WebPage\",\"@id\":\"https:\/\/fie.edu.al\/sekretaria-mesimore\/\",\"url\":\"https:\/\/fie.edu.al\/sekretaria-mesimore\/\",\"name\":\"Sekretaria M\u00ebsimore - Fakulteti i Inxhinieris\u00eb Elektrike - Universiteti Politeknik i Tiran\u00ebs\",\"isPartOf\":{\"@id\":\"https:\/\/fie.edu.al\/#website\"},\"primaryImageOfPage\":{\"@id\":\"https:\/\/fie.edu.al\/sekretaria-mesimore\/#primaryimage\"},\"image\":{\"@id\":\"https:\/\/fie.edu.al\/sekretaria-mesimore\/#primaryimage\"},\"thumbnailUrl\":\"https:\/\/fie.edu.al\/wp-content\/uploads\/2024\/10\/info2.gif\",\"datePublished\":\"2024-10-17T20:22:19+00:00\",\"dateModified\":\"2024-11-10T18:04:08+00:00\",\"breadcrumb\":{\"@id\":\"https:\/\/fie.edu.al\/sekretaria-mesimore\/#breadcrumb\"},\"inLanguage\":\"en-GB\",\"potentialAction\":[{\"@type\":\"ReadAction\",\"target\":[\"https:\/\/fie.edu.al\/sekretaria-mesimore\/\"]}]},{\"@type\":\"ImageObject\",\"inLanguage\":\"en-GB\",\"@id\":\"https:\/\/fie.edu.al\/sekretaria-mesimore\/#primaryimage\",\"url\":\"https:\/\/fie.edu.al\/wp-content\/uploads\/2024\/10\/info2.gif\",\"contentUrl\":\"https:\/\/fie.edu.al\/wp-content\/uploads\/2024\/10\/info2.gif\"},{\"@type\":\"BreadcrumbList\",\"@id\":\"https:\/\/fie.edu.al\/sekretaria-mesimore\/#breadcrumb\",\"itemListElement\":[{\"@type\":\"ListItem\",\"position\":1,\"name\":\"Home\",\"item\":\"https:\/\/fie.edu.al\/\"},{\"@type\":\"ListItem\",\"position\":2,\"name\":\"Sekretaria M\u00ebsimore\"}]},{\"@type\":\"WebSite\",\"@id\":\"https:\/\/fie.edu.al\/#website\",\"url\":\"https:\/\/fie.edu.al\/\",\"name\":\"Fakulteti i Inxhinieris\u00eb Elektronike - Universiteti Politeknik i Tiran\u00ebs\",\"description\":\"\",\"publisher\":{\"@id\":\"https:\/\/fie.edu.al\/#organization\"},\"potentialAction\":[{\"@type\":\"SearchAction\",\"target\":{\"@type\":\"EntryPoint\",\"urlTemplate\":\"https:\/\/fie.edu.al\/?s={search_term_string}\"},\"query-input\":{\"@type\":\"PropertyValueSpecification\",\"valueRequired\":true,\"valueName\":\"search_term_string\"}}],\"inLanguage\":\"en-GB\"},{\"@type\":\"Organization\",\"@id\":\"https:\/\/fie.edu.al\/#organization\",\"name\":\"Fakulteti i Inxhinieris\u00eb Elektronike - Universiteti Politeknik i Tiran\u00ebs\",\"url\":\"https:\/\/fie.edu.al\/\",\"logo\":{\"@type\":\"ImageObject\",\"inLanguage\":\"en-GB\",\"@id\":\"https:\/\/fie.edu.al\/#\/schema\/logo\/image\/\",\"url\":\"https:\/\/fie.edu.al\/wp-content\/uploads\/2024\/10\/favicon.png\",\"contentUrl\":\"https:\/\/fie.edu.al\/wp-content\/uploads\/2024\/10\/favicon.png\",\"width\":500,\"height\":500,\"caption\":\"Fakulteti i Inxhinieris\u00eb Elektronike - Universiteti Politeknik i Tiran\u00ebs\"},\"image\":{\"@id\":\"https:\/\/fie.edu.al\/#\/schema\/logo\/image\/\"},\"sameAs\":[\"https:\/\/www.facebook.com\/p\/Fakulteti-Inxhinierise-Elektrike-100083035187224\/\",\"https:\/\/www.instagram.com\/fie.upt.al\/?hl=en\"]}]}<\/script>\n<!-- \/ Yoast SEO plugin. -->","yoast_head_json":{"title":"Sekretaria M\u00ebsimore - Fakulteti i Inxhinieris\u00eb Elektrike - Universiteti Politeknik i Tiran\u00ebs","robots":{"index":"index","follow":"follow","max-snippet":"max-snippet:-1","max-image-preview":"max-image-preview:large","max-video-preview":"max-video-preview:-1"},"canonical":"https:\/\/fie.edu.al\/en\/sekretaria-mesimore\/","og_locale":"en_GB","og_type":"article","og_title":"Sekretaria M\u00ebsimore - Fakulteti i Inxhinieris\u00eb Elektrike - Universiteti Politeknik i Tiran\u00ebs","og_description":"Home Sekretaria M\u00ebsimore Email: sekretariamesimore@fie-upt.edu.al Bit Albania T\u00eb gjith\u00eb k\u00ebrkesat Procedurat e pranimit dhe regjistrimit n\u00eb FIE bazohen n\u00eb rregulloren e studimit t\u00eb UPT \u2013 Kreu IIIPranimi i student\u00ebve n\u00eb Programet e studimit Bachelor \u00a0 Mb\u00ebshtetur n\u00eb Ligjin 9741, dt. &hellip;","og_url":"https:\/\/fie.edu.al\/en\/sekretaria-mesimore\/","og_site_name":"Fakulteti i Inxhinieris\u00eb Elektrike - Universiteti Politeknik i Tiran\u00ebs","article_publisher":"https:\/\/www.facebook.com\/p\/Fakulteti-Inxhinierise-Elektrike-100083035187224\/","article_modified_time":"2024-11-10T18:04:08+00:00","og_image":[{"width":267,"height":214,"url":"https:\/\/fie.edu.al\/wp-content\/uploads\/2024\/10\/info2.gif","type":"image\/gif"}],"twitter_card":"summary_large_image","twitter_misc":{"Estimated reading time":"4 minutes"},"schema":{"@context":"https:\/\/schema.org","@graph":[{"@type":"WebPage","@id":"https:\/\/fie.edu.al\/sekretaria-mesimore\/","url":"https:\/\/fie.edu.al\/sekretaria-mesimore\/","name":"Sekretaria M\u00ebsimore - Fakulteti i Inxhinieris\u00eb Elektrike - Universiteti Politeknik i Tiran\u00ebs","isPartOf":{"@id":"https:\/\/fie.edu.al\/#website"},"primaryImageOfPage":{"@id":"https:\/\/fie.edu.al\/sekretaria-mesimore\/#primaryimage"},"image":{"@id":"https:\/\/fie.edu.al\/sekretaria-mesimore\/#primaryimage"},"thumbnailUrl":"https:\/\/fie.edu.al\/wp-content\/uploads\/2024\/10\/info2.gif","datePublished":"2024-10-17T20:22:19+00:00","dateModified":"2024-11-10T18:04:08+00:00","breadcrumb":{"@id":"https:\/\/fie.edu.al\/sekretaria-mesimore\/#breadcrumb"},"inLanguage":"en-GB","potentialAction":[{"@type":"ReadAction","target":["https:\/\/fie.edu.al\/sekretaria-mesimore\/"]}]},{"@type":"ImageObject","inLanguage":"en-GB","@id":"https:\/\/fie.edu.al\/sekretaria-mesimore\/#primaryimage","url":"https:\/\/fie.edu.al\/wp-content\/uploads\/2024\/10\/info2.gif","contentUrl":"https:\/\/fie.edu.al\/wp-content\/uploads\/2024\/10\/info2.gif"},{"@type":"BreadcrumbList","@id":"https:\/\/fie.edu.al\/sekretaria-mesimore\/#breadcrumb","itemListElement":[{"@type":"ListItem","position":1,"name":"Home","item":"https:\/\/fie.edu.al\/"},{"@type":"ListItem","position":2,"name":"Sekretaria M\u00ebsimore"}]},{"@type":"WebSite","@id":"https:\/\/fie.edu.al\/#website","url":"https:\/\/fie.edu.al\/","name":"Fakulteti i Inxhinieris\u00eb Elektronike - Universiteti Politeknik i Tiran\u00ebs","description":"","publisher":{"@id":"https:\/\/fie.edu.al\/#organization"},"potentialAction":[{"@type":"SearchAction","target":{"@type":"EntryPoint","urlTemplate":"https:\/\/fie.edu.al\/?s={search_term_string}"},"query-input":{"@type":"PropertyValueSpecification","valueRequired":true,"valueName":"search_term_string"}}],"inLanguage":"en-GB"},{"@type":"Organization","@id":"https:\/\/fie.edu.al\/#organization","name":"Fakulteti i Inxhinieris\u00eb Elektronike - Universiteti Politeknik i Tiran\u00ebs","url":"https:\/\/fie.edu.al\/","logo":{"@type":"ImageObject","inLanguage":"en-GB","@id":"https:\/\/fie.edu.al\/#\/schema\/logo\/image\/","url":"https:\/\/fie.edu.al\/wp-content\/uploads\/2024\/10\/favicon.png","contentUrl":"https:\/\/fie.edu.al\/wp-content\/uploads\/2024\/10\/favicon.png","width":500,"height":500,"caption":"Fakulteti i Inxhinieris\u00eb Elektronike - Universiteti Politeknik i Tiran\u00ebs"},"image":{"@id":"https:\/\/fie.edu.al\/#\/schema\/logo\/image\/"},"sameAs":["https:\/\/www.facebook.com\/p\/Fakulteti-Inxhinierise-Elektrike-100083035187224\/","https:\/\/www.instagram.com\/fie.upt.al\/?hl=en"]}]}},"_links":{"self":[{"href":"https:\/\/fie.edu.al\/en\/wp-json\/wp\/v2\/pages\/11613","targetHints":{"allow":["GET"]}}],"collection":[{"href":"https:\/\/fie.edu.al\/en\/wp-json\/wp\/v2\/pages"}],"about":[{"href":"https:\/\/fie.edu.al\/en\/wp-json\/wp\/v2\/types\/page"}],"author":[{"embeddable":true,"href":"https:\/\/fie.edu.al\/en\/wp-json\/wp\/v2\/users\/1"}],"replies":[{"embeddable":true,"href":"https:\/\/fie.edu.al\/en\/wp-json\/wp\/v2\/comments?post=11613"}],"version-history":[{"count":0,"href":"https:\/\/fie.edu.al\/en\/wp-json\/wp\/v2\/pages\/11613\/revisions"}],"wp:attachment":[{"href":"https:\/\/fie.edu.al\/en\/wp-json\/wp\/v2\/media?parent=11613"}],"curies":[{"name":"wp","href":"https:\/\/api.w.org\/{rel}","templated":true}]}}