{"id":11607,"date":"2024-10-17T20:20:11","date_gmt":"2024-10-17T20:20:11","guid":{"rendered":"https:\/\/fie.edu.al\/?page_id=11607"},"modified":"2024-11-10T17:56:49","modified_gmt":"2024-11-10T17:56:49","slug":"sistemi-online","status":"publish","type":"page","link":"https:\/\/fie.edu.al\/en\/sistemi-online\/","title":{"rendered":"Online system"},"content":{"rendered":"<div data-elementor-type=\"wp-page\" data-elementor-id=\"11607\" class=\"elementor elementor-11607\" data-elementor-post-type=\"page\">\n\t\t\t\t\t\t<section class=\"elementor-section elementor-top-section elementor-element elementor-element-2e52e26d elementor-section-height-min-height elementor-section-stretched elementor-section-boxed elementor-section-height-default elementor-section-items-middle\" data-id=\"2e52e26d\" data-element_type=\"section\" data-settings=\"{&quot;stretch_section&quot;:&quot;section-stretched&quot;,&quot;background_background&quot;:&quot;classic&quot;}\">\n\t\t\t\t\t\t<div class=\"elementor-container elementor-column-gap-custom\">\n\t\t\t\t\t<div class=\"elementor-column elementor-col-100 elementor-top-column elementor-element elementor-element-7fd5a507\" data-id=\"7fd5a507\" data-element_type=\"column\">\n\t\t\t<div class=\"elementor-widget-wrap elementor-element-populated\">\n\t\t\t\t\t\t<div class=\"elementor-element elementor-element-6e310db5 elementor-widget elementor-widget-thim-ekits-breadcrumb\" data-id=\"6e310db5\" data-element_type=\"widget\" data-widget_type=\"thim-ekits-breadcrumb.default\">\n\t\t\t\t<div class=\"elementor-widget-container\">\n\t\t\t\t\t\n\t\t\t<div class=\"thim-ekit-breadcrumb\">\n\n\t\t\t\tHome\n\t\t\t<\/div>\n\n\t\t\t\t\t\t\t<\/div>\n\t\t\t\t<\/div>\n\t\t\t\t\t<\/div>\n\t\t<\/div>\n\t\t\t\t\t<\/div>\n\t\t<\/section>\n\t\t\t\t<section class=\"elementor-section elementor-top-section elementor-element elementor-element-37d02bab elementor-section-stretched elementor-section-boxed elementor-section-height-default elementor-section-height-default\" data-id=\"37d02bab\" data-element_type=\"section\" data-settings=\"{&quot;stretch_section&quot;:&quot;section-stretched&quot;}\">\n\t\t\t\t\t\t<div class=\"elementor-container elementor-column-gap-custom\">\n\t\t\t\t\t<div class=\"elementor-column elementor-col-100 elementor-top-column elementor-element elementor-element-533248f2\" data-id=\"533248f2\" data-element_type=\"column\">\n\t\t\t<div class=\"elementor-widget-wrap elementor-element-populated\">\n\t\t\t\t\t\t<div class=\"elementor-element elementor-element-7688a22a thim-ekits-heading-text-left elementor-widget thim-ekits-heading elementor-widget-thim-heading\" data-id=\"7688a22a\" data-element_type=\"widget\" data-widget_type=\"thim-heading.default\">\n\t\t\t\t<div class=\"elementor-widget-container\">\n\t\t\t\t\t<div class=\"sc_heading text-left\"><h1 class=\"title\"> The Multimedia Study Library System of the Faculty of Electrical Engineering <\/h1><\/div>\t\t\t\t<\/div>\n\t\t\t\t<\/div>\n\t\t\t\t\t<\/div>\n\t\t<\/div>\n\t\t\t\t\t<\/div>\n\t\t<\/section>\n\t\t\t\t<section class=\"elementor-section elementor-top-section elementor-element elementor-element-5bd3054d elementor-section-stretched elementor-section-boxed elementor-section-height-default elementor-section-height-default\" data-id=\"5bd3054d\" data-element_type=\"section\" data-settings=\"{&quot;stretch_section&quot;:&quot;section-stretched&quot;}\">\n\t\t\t\t\t\t<div class=\"elementor-container elementor-column-gap-custom\">\n\t\t\t\t\t<div class=\"elementor-column elementor-col-100 elementor-top-column elementor-element elementor-element-722a80d2\" data-id=\"722a80d2\" data-element_type=\"column\">\n\t\t\t<div class=\"elementor-widget-wrap elementor-element-populated\">\n\t\t\t\t\t\t<div class=\"elementor-element elementor-element-0dba332 elementor-widget elementor-widget-text-editor\" data-id=\"0dba332\" data-element_type=\"widget\" data-widget_type=\"text-editor.default\">\n\t\t\t\t<div class=\"elementor-widget-container\">\n\t\t\t\t\t\t\t\t\t<p align=\"center\"><strong>CONTACT:<\/strong><\/p><div class=\"dep_elektroteknikes_shpegime\"><p><strong>\"STUDY MULTIMEDIA LIBRARY\" - LMS is the system that enables the exchange of teaching information in electronic form at the FACULTY OF ELECTRICAL ENGINEERING. Its mission is to serve as an information center for its users, students, postgraduates, lecturers and research-scientific researchers.<\/strong><\/p><p><strong>The library user has the right:<\/strong><\/p><ul type=\"disc\"><li>get information about electronic learning information<\/li><li>to help with the search and selection of requirements<\/li><li>use the LMS collections according to its regulations<\/li><li>the right to service and information is provided free of charge and equally to all LMS users<\/li><li>users are obliged to respect the regulation of authorship of materials<\/li><\/ul><p>Those who violate this regulation and cause material and economic damage shall repay it to the extent and in the appropriate form, according to the legislation in force.<\/p><p><strong>Membership is carried out on the basis of the following documentation:<u><\/u><\/strong><\/p><ul type=\"disc\"><li style=\"list-style-type: none;\"><ul type=\"disc\"><li>Identification document (identity card \/ passport)<\/li><li>Student Card<\/li><\/ul><\/li><\/ul><p><strong>CONTACT:<\/strong><\/p><p><a href=\"mailto:sekretariamesimore@fie-upt.edu.al\">sekretariamesimore@fie-upt.edu.al<\/a> - teaching secretariat, registration in the LMS<\/p><p><a href=\"mailto:administratori@fie-upt.edu.al\">administratori@fie-upt.edu.al <\/a>administrator<\/p><p><a href=\"mailto:dekani@fie-upt.edu.al\">dekani@fie-upt.edu.al<\/a> dean<\/p><p>All FIE staff can be contacted according to the standard: name.surname@fie-upt.edu.al<\/p><\/div>\t\t\t\t\t\t\t\t<\/div>\n\t\t\t\t<\/div>\n\t\t\t\t\t<\/div>\n\t\t<\/div>\n\t\t\t\t\t<\/div>\n\t\t<\/section>\n\t\t\t\t<\/div>","protected":false},"excerpt":{"rendered":"<p>Home Sistemi Libraria Multimediale E Studimit i Fakultetit T\u00eb Inxhinieris\u00eb Elektrike KONTAKT: \u201dLIBRARIA MULTIMEDILAE E STUDIMIT &#8221; &#8211; LMS \u00ebsht\u00eb sistemi q\u00eb mund\u00ebson shk\u00ebmbimin e informacionit t\u00eb m\u00ebsim\u00ebdh\u00ebnies n\u00eb form\u00eb elektroniek pran\u00eb FAKULTETIT T\u00cb INXHINIERISE ELEKTRIKE Misioni i saj \u00ebsht\u00eb &hellip; <\/p>","protected":false},"author":1,"featured_media":0,"parent":0,"menu_order":0,"comment_status":"closed","ping_status":"closed","template":"elementor_header_footer","meta":{"_acf_changed":false,"footnotes":""},"class_list":["post-11607","page","type-page","status-publish","hentry"],"acf":[],"yoast_head":"<!-- This site is optimized with the Yoast SEO plugin v24.4 - https:\/\/yoast.com\/wordpress\/plugins\/seo\/ -->\n<title>Sistemi Online - Fakulteti i Inxhinieris\u00eb Elektrike - Universiteti Politeknik i Tiran\u00ebs<\/title>\n<meta name=\"robots\" content=\"index, follow, max-snippet:-1, max-image-preview:large, max-video-preview:-1\" \/>\n<link rel=\"canonical\" href=\"https:\/\/fie.edu.al\/en\/sistemi-online\/\" \/>\n<meta property=\"og:locale\" content=\"en_GB\" \/>\n<meta property=\"og:type\" content=\"article\" \/>\n<meta property=\"og:title\" content=\"Sistemi Online - Fakulteti i Inxhinieris\u00eb Elektrike - Universiteti Politeknik i Tiran\u00ebs\" \/>\n<meta property=\"og:description\" content=\"Home Sistemi Libraria Multimediale E Studimit i Fakultetit T\u00eb Inxhinieris\u00eb Elektrike KONTAKT: \u201dLIBRARIA MULTIMEDILAE E STUDIMIT &#8221; &#8211; LMS \u00ebsht\u00eb sistemi q\u00eb mund\u00ebson shk\u00ebmbimin e informacionit t\u00eb m\u00ebsim\u00ebdh\u00ebnies n\u00eb form\u00eb elektroniek pran\u00eb FAKULTETIT T\u00cb INXHINIERISE ELEKTRIKE Misioni i saj \u00ebsht\u00eb &hellip;\" \/>\n<meta property=\"og:url\" content=\"https:\/\/fie.edu.al\/en\/sistemi-online\/\" \/>\n<meta property=\"og:site_name\" content=\"Fakulteti i Inxhinieris\u00eb Elektrike - Universiteti Politeknik i Tiran\u00ebs\" \/>\n<meta property=\"article:publisher\" content=\"https:\/\/www.facebook.com\/p\/Fakulteti-Inxhinierise-Elektrike-100083035187224\/\" \/>\n<meta property=\"article:modified_time\" content=\"2024-11-10T17:56:49+00:00\" \/>\n<meta property=\"og:image\" content=\"https:\/\/fie.edu.al\/wp-content\/uploads\/2024\/10\/1aa1043f-e21c-4748-bfec-2f86481ca215-1-scaled.jpeg\" \/>\n\t<meta property=\"og:image:width\" content=\"2560\" \/>\n\t<meta property=\"og:image:height\" content=\"1920\" \/>\n\t<meta property=\"og:image:type\" content=\"image\/jpeg\" \/>\n<meta name=\"twitter:card\" content=\"summary_large_image\" \/>\n<meta name=\"twitter:label1\" content=\"Estimated reading time\" \/>\n\t<meta name=\"twitter:data1\" content=\"1 minute\" \/>\n<script type=\"application\/ld+json\" class=\"yoast-schema-graph\">{\"@context\":\"https:\/\/schema.org\",\"@graph\":[{\"@type\":\"WebPage\",\"@id\":\"https:\/\/fie.edu.al\/sistemi-online\/\",\"url\":\"https:\/\/fie.edu.al\/sistemi-online\/\",\"name\":\"Sistemi Online - Fakulteti i Inxhinieris\u00eb Elektrike - Universiteti Politeknik i Tiran\u00ebs\",\"isPartOf\":{\"@id\":\"https:\/\/fie.edu.al\/#website\"},\"datePublished\":\"2024-10-17T20:20:11+00:00\",\"dateModified\":\"2024-11-10T17:56:49+00:00\",\"breadcrumb\":{\"@id\":\"https:\/\/fie.edu.al\/sistemi-online\/#breadcrumb\"},\"inLanguage\":\"en-GB\",\"potentialAction\":[{\"@type\":\"ReadAction\",\"target\":[\"https:\/\/fie.edu.al\/sistemi-online\/\"]}]},{\"@type\":\"BreadcrumbList\",\"@id\":\"https:\/\/fie.edu.al\/sistemi-online\/#breadcrumb\",\"itemListElement\":[{\"@type\":\"ListItem\",\"position\":1,\"name\":\"Home\",\"item\":\"https:\/\/fie.edu.al\/\"},{\"@type\":\"ListItem\",\"position\":2,\"name\":\"Sistemi Online\"}]},{\"@type\":\"WebSite\",\"@id\":\"https:\/\/fie.edu.al\/#website\",\"url\":\"https:\/\/fie.edu.al\/\",\"name\":\"Fakulteti i Inxhinieris\u00eb Elektronike - Universiteti Politeknik i Tiran\u00ebs\",\"description\":\"\",\"publisher\":{\"@id\":\"https:\/\/fie.edu.al\/#organization\"},\"potentialAction\":[{\"@type\":\"SearchAction\",\"target\":{\"@type\":\"EntryPoint\",\"urlTemplate\":\"https:\/\/fie.edu.al\/?s={search_term_string}\"},\"query-input\":{\"@type\":\"PropertyValueSpecification\",\"valueRequired\":true,\"valueName\":\"search_term_string\"}}],\"inLanguage\":\"en-GB\"},{\"@type\":\"Organization\",\"@id\":\"https:\/\/fie.edu.al\/#organization\",\"name\":\"Fakulteti i Inxhinieris\u00eb Elektronike - Universiteti Politeknik i Tiran\u00ebs\",\"url\":\"https:\/\/fie.edu.al\/\",\"logo\":{\"@type\":\"ImageObject\",\"inLanguage\":\"en-GB\",\"@id\":\"https:\/\/fie.edu.al\/#\/schema\/logo\/image\/\",\"url\":\"https:\/\/fie.edu.al\/wp-content\/uploads\/2024\/10\/favicon.png\",\"contentUrl\":\"https:\/\/fie.edu.al\/wp-content\/uploads\/2024\/10\/favicon.png\",\"width\":500,\"height\":500,\"caption\":\"Fakulteti i Inxhinieris\u00eb Elektronike - Universiteti Politeknik i Tiran\u00ebs\"},\"image\":{\"@id\":\"https:\/\/fie.edu.al\/#\/schema\/logo\/image\/\"},\"sameAs\":[\"https:\/\/www.facebook.com\/p\/Fakulteti-Inxhinierise-Elektrike-100083035187224\/\",\"https:\/\/www.instagram.com\/fie.upt.al\/?hl=en\"]}]}<\/script>\n<!-- \/ Yoast SEO plugin. -->","yoast_head_json":{"title":"Sistemi Online - Fakulteti i Inxhinieris\u00eb Elektrike - Universiteti Politeknik i Tiran\u00ebs","robots":{"index":"index","follow":"follow","max-snippet":"max-snippet:-1","max-image-preview":"max-image-preview:large","max-video-preview":"max-video-preview:-1"},"canonical":"https:\/\/fie.edu.al\/en\/sistemi-online\/","og_locale":"en_GB","og_type":"article","og_title":"Sistemi Online - Fakulteti i Inxhinieris\u00eb Elektrike - Universiteti Politeknik i Tiran\u00ebs","og_description":"Home Sistemi Libraria Multimediale E Studimit i Fakultetit T\u00eb Inxhinieris\u00eb Elektrike KONTAKT: \u201dLIBRARIA MULTIMEDILAE E STUDIMIT &#8221; &#8211; LMS \u00ebsht\u00eb sistemi q\u00eb mund\u00ebson shk\u00ebmbimin e informacionit t\u00eb m\u00ebsim\u00ebdh\u00ebnies n\u00eb form\u00eb elektroniek pran\u00eb FAKULTETIT T\u00cb INXHINIERISE ELEKTRIKE Misioni i saj \u00ebsht\u00eb &hellip;","og_url":"https:\/\/fie.edu.al\/en\/sistemi-online\/","og_site_name":"Fakulteti i Inxhinieris\u00eb Elektrike - Universiteti Politeknik i Tiran\u00ebs","article_publisher":"https:\/\/www.facebook.com\/p\/Fakulteti-Inxhinierise-Elektrike-100083035187224\/","article_modified_time":"2024-11-10T17:56:49+00:00","og_image":[{"width":2560,"height":1920,"url":"https:\/\/fie.edu.al\/wp-content\/uploads\/2024\/10\/1aa1043f-e21c-4748-bfec-2f86481ca215-1-scaled.jpeg","type":"image\/jpeg"}],"twitter_card":"summary_large_image","twitter_misc":{"Estimated reading time":"1 minute"},"schema":{"@context":"https:\/\/schema.org","@graph":[{"@type":"WebPage","@id":"https:\/\/fie.edu.al\/sistemi-online\/","url":"https:\/\/fie.edu.al\/sistemi-online\/","name":"Sistemi Online - Fakulteti i Inxhinieris\u00eb Elektrike - Universiteti Politeknik i Tiran\u00ebs","isPartOf":{"@id":"https:\/\/fie.edu.al\/#website"},"datePublished":"2024-10-17T20:20:11+00:00","dateModified":"2024-11-10T17:56:49+00:00","breadcrumb":{"@id":"https:\/\/fie.edu.al\/sistemi-online\/#breadcrumb"},"inLanguage":"en-GB","potentialAction":[{"@type":"ReadAction","target":["https:\/\/fie.edu.al\/sistemi-online\/"]}]},{"@type":"BreadcrumbList","@id":"https:\/\/fie.edu.al\/sistemi-online\/#breadcrumb","itemListElement":[{"@type":"ListItem","position":1,"name":"Home","item":"https:\/\/fie.edu.al\/"},{"@type":"ListItem","position":2,"name":"Sistemi Online"}]},{"@type":"WebSite","@id":"https:\/\/fie.edu.al\/#website","url":"https:\/\/fie.edu.al\/","name":"Fakulteti i Inxhinieris\u00eb Elektronike - Universiteti Politeknik i Tiran\u00ebs","description":"","publisher":{"@id":"https:\/\/fie.edu.al\/#organization"},"potentialAction":[{"@type":"SearchAction","target":{"@type":"EntryPoint","urlTemplate":"https:\/\/fie.edu.al\/?s={search_term_string}"},"query-input":{"@type":"PropertyValueSpecification","valueRequired":true,"valueName":"search_term_string"}}],"inLanguage":"en-GB"},{"@type":"Organization","@id":"https:\/\/fie.edu.al\/#organization","name":"Fakulteti i Inxhinieris\u00eb Elektronike - Universiteti Politeknik i Tiran\u00ebs","url":"https:\/\/fie.edu.al\/","logo":{"@type":"ImageObject","inLanguage":"en-GB","@id":"https:\/\/fie.edu.al\/#\/schema\/logo\/image\/","url":"https:\/\/fie.edu.al\/wp-content\/uploads\/2024\/10\/favicon.png","contentUrl":"https:\/\/fie.edu.al\/wp-content\/uploads\/2024\/10\/favicon.png","width":500,"height":500,"caption":"Fakulteti i Inxhinieris\u00eb Elektronike - Universiteti Politeknik i Tiran\u00ebs"},"image":{"@id":"https:\/\/fie.edu.al\/#\/schema\/logo\/image\/"},"sameAs":["https:\/\/www.facebook.com\/p\/Fakulteti-Inxhinierise-Elektrike-100083035187224\/","https:\/\/www.instagram.com\/fie.upt.al\/?hl=en"]}]}},"_links":{"self":[{"href":"https:\/\/fie.edu.al\/en\/wp-json\/wp\/v2\/pages\/11607","targetHints":{"allow":["GET"]}}],"collection":[{"href":"https:\/\/fie.edu.al\/en\/wp-json\/wp\/v2\/pages"}],"about":[{"href":"https:\/\/fie.edu.al\/en\/wp-json\/wp\/v2\/types\/page"}],"author":[{"embeddable":true,"href":"https:\/\/fie.edu.al\/en\/wp-json\/wp\/v2\/users\/1"}],"replies":[{"embeddable":true,"href":"https:\/\/fie.edu.al\/en\/wp-json\/wp\/v2\/comments?post=11607"}],"version-history":[{"count":0,"href":"https:\/\/fie.edu.al\/en\/wp-json\/wp\/v2\/pages\/11607\/revisions"}],"wp:attachment":[{"href":"https:\/\/fie.edu.al\/en\/wp-json\/wp\/v2\/media?parent=11607"}],"curies":[{"name":"wp","href":"https:\/\/api.w.org\/{rel}","templated":true}]}}