{"id":11601,"date":"2024-10-17T20:17:07","date_gmt":"2024-10-17T20:17:07","guid":{"rendered":"https:\/\/fie.edu.al\/?page_id=11601"},"modified":"2024-11-10T17:07:26","modified_gmt":"2024-11-10T17:07:26","slug":"aktivitete-te-tjera","status":"publish","type":"page","link":"https:\/\/fie.edu.al\/en\/aktivitete-te-tjera\/","title":{"rendered":"Aktivitete te tjera"},"content":{"rendered":"<div data-elementor-type=\"wp-page\" data-elementor-id=\"11601\" class=\"elementor elementor-11601\" data-elementor-post-type=\"page\">\n\t\t\t\t\t\t<section class=\"elementor-section elementor-top-section elementor-element elementor-element-2e52e26d elementor-section-height-min-height elementor-section-stretched elementor-section-boxed elementor-section-height-default elementor-section-items-middle\" data-id=\"2e52e26d\" data-element_type=\"section\" data-settings=\"{&quot;stretch_section&quot;:&quot;section-stretched&quot;,&quot;background_background&quot;:&quot;classic&quot;}\">\n\t\t\t\t\t\t<div class=\"elementor-container elementor-column-gap-custom\">\n\t\t\t\t\t<div class=\"elementor-column elementor-col-100 elementor-top-column elementor-element elementor-element-7fd5a507\" data-id=\"7fd5a507\" data-element_type=\"column\">\n\t\t\t<div class=\"elementor-widget-wrap elementor-element-populated\">\n\t\t\t\t\t\t<div class=\"elementor-element elementor-element-6e310db5 elementor-widget elementor-widget-thim-ekits-breadcrumb\" data-id=\"6e310db5\" data-element_type=\"widget\" data-widget_type=\"thim-ekits-breadcrumb.default\">\n\t\t\t\t<div class=\"elementor-widget-container\">\n\t\t\t\t\t\n\t\t\t<div class=\"thim-ekit-breadcrumb\">\n\n\t\t\t\tHome\n\t\t\t<\/div>\n\n\t\t\t\t\t\t\t<\/div>\n\t\t\t\t<\/div>\n\t\t\t\t\t<\/div>\n\t\t<\/div>\n\t\t\t\t\t<\/div>\n\t\t<\/section>\n\t\t\t\t<section class=\"elementor-section elementor-top-section elementor-element elementor-element-37d02bab elementor-section-stretched elementor-section-boxed elementor-section-height-default elementor-section-height-default\" data-id=\"37d02bab\" data-element_type=\"section\" data-settings=\"{&quot;stretch_section&quot;:&quot;section-stretched&quot;}\">\n\t\t\t\t\t\t<div class=\"elementor-container elementor-column-gap-custom\">\n\t\t\t\t\t<div class=\"elementor-column elementor-col-100 elementor-top-column elementor-element elementor-element-533248f2\" data-id=\"533248f2\" data-element_type=\"column\">\n\t\t\t<div class=\"elementor-widget-wrap elementor-element-populated\">\n\t\t\t\t\t\t<div class=\"elementor-element elementor-element-7688a22a thim-ekits-heading-text-left elementor-widget thim-ekits-heading elementor-widget-thim-heading\" data-id=\"7688a22a\" data-element_type=\"widget\" data-widget_type=\"thim-heading.default\">\n\t\t\t\t<div class=\"elementor-widget-container\">\n\t\t\t\t\t<div class=\"sc_heading text-left\"><h1 class=\"title\">Other activities <\/h1><\/div>\t\t\t\t<\/div>\n\t\t\t\t<\/div>\n\t\t\t\t\t<\/div>\n\t\t<\/div>\n\t\t\t\t\t<\/div>\n\t\t<\/section>\n\t\t\t\t<section class=\"elementor-section elementor-top-section elementor-element elementor-element-5bd3054d elementor-section-stretched elementor-section-boxed elementor-section-height-default elementor-section-height-default\" data-id=\"5bd3054d\" data-element_type=\"section\" data-settings=\"{&quot;stretch_section&quot;:&quot;section-stretched&quot;}\">\n\t\t\t\t\t\t<div class=\"elementor-container elementor-column-gap-custom\">\n\t\t\t\t\t<div class=\"elementor-column elementor-col-100 elementor-top-column elementor-element elementor-element-722a80d2\" data-id=\"722a80d2\" data-element_type=\"column\">\n\t\t\t<div class=\"elementor-widget-wrap elementor-element-populated\">\n\t\t\t\t\t\t<div class=\"elementor-element elementor-element-0dba332 elementor-widget elementor-widget-text-editor\" data-id=\"0dba332\" data-element_type=\"widget\" data-widget_type=\"text-editor.default\">\n\t\t\t\t<div class=\"elementor-widget-container\">\n\t\t\t\t\t\t\t\t\t<ol><li class=\"kontaktbox1\"><p><a href=\"https:\/\/fie.upt.al\/ALB_2021_Internship%20Programme%20of%20German%20Business.pdf\">INTERSHIP IN GERMANY<\/a><\/p><\/li><li><a href=\"https:\/\/fie.upt.al\/njoftim%20la%20som%20city.pdf\">Presentation of the project \"La Som City<\/a><\/li><li><a href=\"https:\/\/fie.upt.al\/Program%20Summer%20School%20-%20Universities%20as%20Drivers%20of%20Sustainability.pdf\">Program Summer School \u2013 Universities as Drivers of Sustainability<\/a><\/li><li><a href=\"https:\/\/fie.upt.al\/Albcontrol%20Sha,%20oferte%20punesimi.pdf\">ALBCONTROL Employment Application Form<\/a><\/li><li class=\"dep_elektroteknikes_shpegime\"><p><a href=\"https:\/\/fie.upt.al\/Praktike%20Profesionale_Gener%202.pdf\">INTERSHIP IN GENRE 2<\/a><\/p><\/li><\/ol>\t\t\t\t\t\t\t\t<\/div>\n\t\t\t\t<\/div>\n\t\t\t\t\t<\/div>\n\t\t<\/div>\n\t\t\t\t\t<\/div>\n\t\t<\/section>\n\t\t\t\t<\/div>","protected":false},"excerpt":{"rendered":"<p>Home Aktivitete t\u00eb tjera INTERSHIP N\u00cb GJERMAN Prezantimi i projektit \u201cLa Som City Program Summer School &#8211; Universities as Drivers of Sustainability Formulari i Aplikimit p\u00ebr pun\u00ebsim ALBCONTROL INTERSHIP N\u00cb\u00a0GENER 2<\/p>","protected":false},"author":1,"featured_media":0,"parent":0,"menu_order":0,"comment_status":"closed","ping_status":"closed","template":"elementor_header_footer","meta":{"_acf_changed":false,"footnotes":""},"class_list":["post-11601","page","type-page","status-publish","hentry"],"acf":[],"yoast_head":"<!-- This site is optimized with the Yoast SEO plugin v24.4 - https:\/\/yoast.com\/wordpress\/plugins\/seo\/ -->\n<title>Aktivitete te tjera - Fakulteti i Inxhinieris\u00eb Elektrike - Universiteti Politeknik i Tiran\u00ebs<\/title>\n<meta name=\"robots\" content=\"index, follow, max-snippet:-1, max-image-preview:large, max-video-preview:-1\" \/>\n<link rel=\"canonical\" href=\"https:\/\/fie.edu.al\/en\/aktivitete-te-tjera\/\" \/>\n<meta property=\"og:locale\" content=\"en_GB\" \/>\n<meta property=\"og:type\" content=\"article\" \/>\n<meta property=\"og:title\" content=\"Aktivitete te tjera - Fakulteti i Inxhinieris\u00eb Elektrike - Universiteti Politeknik i Tiran\u00ebs\" \/>\n<meta property=\"og:description\" content=\"Home Aktivitete t\u00eb tjera INTERSHIP N\u00cb GJERMAN Prezantimi i projektit \u201cLa Som City Program Summer School &#8211; Universities as Drivers of Sustainability Formulari i Aplikimit p\u00ebr pun\u00ebsim ALBCONTROL INTERSHIP N\u00cb\u00a0GENER 2\" \/>\n<meta property=\"og:url\" content=\"https:\/\/fie.edu.al\/en\/aktivitete-te-tjera\/\" \/>\n<meta property=\"og:site_name\" content=\"Fakulteti i Inxhinieris\u00eb Elektrike - Universiteti Politeknik i Tiran\u00ebs\" \/>\n<meta property=\"article:publisher\" content=\"https:\/\/www.facebook.com\/p\/Fakulteti-Inxhinierise-Elektrike-100083035187224\/\" \/>\n<meta property=\"article:modified_time\" content=\"2024-11-10T17:07:26+00:00\" \/>\n<meta property=\"og:image\" content=\"https:\/\/fie.edu.al\/wp-content\/uploads\/2024\/10\/1aa1043f-e21c-4748-bfec-2f86481ca215-1-scaled.jpeg\" \/>\n\t<meta property=\"og:image:width\" content=\"2560\" \/>\n\t<meta property=\"og:image:height\" content=\"1920\" \/>\n\t<meta property=\"og:image:type\" content=\"image\/jpeg\" \/>\n<meta name=\"twitter:card\" content=\"summary_large_image\" \/>\n<meta name=\"twitter:label1\" content=\"Estimated reading time\" \/>\n\t<meta name=\"twitter:data1\" content=\"1 minute\" \/>\n<script type=\"application\/ld+json\" class=\"yoast-schema-graph\">{\"@context\":\"https:\/\/schema.org\",\"@graph\":[{\"@type\":\"WebPage\",\"@id\":\"https:\/\/fie.edu.al\/aktivitete-te-tjera\/\",\"url\":\"https:\/\/fie.edu.al\/aktivitete-te-tjera\/\",\"name\":\"Aktivitete te tjera - Fakulteti i Inxhinieris\u00eb Elektrike - Universiteti Politeknik i Tiran\u00ebs\",\"isPartOf\":{\"@id\":\"https:\/\/fie.edu.al\/#website\"},\"datePublished\":\"2024-10-17T20:17:07+00:00\",\"dateModified\":\"2024-11-10T17:07:26+00:00\",\"breadcrumb\":{\"@id\":\"https:\/\/fie.edu.al\/aktivitete-te-tjera\/#breadcrumb\"},\"inLanguage\":\"en-GB\",\"potentialAction\":[{\"@type\":\"ReadAction\",\"target\":[\"https:\/\/fie.edu.al\/aktivitete-te-tjera\/\"]}]},{\"@type\":\"BreadcrumbList\",\"@id\":\"https:\/\/fie.edu.al\/aktivitete-te-tjera\/#breadcrumb\",\"itemListElement\":[{\"@type\":\"ListItem\",\"position\":1,\"name\":\"Home\",\"item\":\"https:\/\/fie.edu.al\/\"},{\"@type\":\"ListItem\",\"position\":2,\"name\":\"Aktivitete te tjera\"}]},{\"@type\":\"WebSite\",\"@id\":\"https:\/\/fie.edu.al\/#website\",\"url\":\"https:\/\/fie.edu.al\/\",\"name\":\"Fakulteti i Inxhinieris\u00eb Elektronike - Universiteti Politeknik i Tiran\u00ebs\",\"description\":\"\",\"publisher\":{\"@id\":\"https:\/\/fie.edu.al\/#organization\"},\"potentialAction\":[{\"@type\":\"SearchAction\",\"target\":{\"@type\":\"EntryPoint\",\"urlTemplate\":\"https:\/\/fie.edu.al\/?s={search_term_string}\"},\"query-input\":{\"@type\":\"PropertyValueSpecification\",\"valueRequired\":true,\"valueName\":\"search_term_string\"}}],\"inLanguage\":\"en-GB\"},{\"@type\":\"Organization\",\"@id\":\"https:\/\/fie.edu.al\/#organization\",\"name\":\"Fakulteti i Inxhinieris\u00eb Elektronike - Universiteti Politeknik i Tiran\u00ebs\",\"url\":\"https:\/\/fie.edu.al\/\",\"logo\":{\"@type\":\"ImageObject\",\"inLanguage\":\"en-GB\",\"@id\":\"https:\/\/fie.edu.al\/#\/schema\/logo\/image\/\",\"url\":\"https:\/\/fie.edu.al\/wp-content\/uploads\/2024\/10\/favicon.png\",\"contentUrl\":\"https:\/\/fie.edu.al\/wp-content\/uploads\/2024\/10\/favicon.png\",\"width\":500,\"height\":500,\"caption\":\"Fakulteti i Inxhinieris\u00eb Elektronike - Universiteti Politeknik i Tiran\u00ebs\"},\"image\":{\"@id\":\"https:\/\/fie.edu.al\/#\/schema\/logo\/image\/\"},\"sameAs\":[\"https:\/\/www.facebook.com\/p\/Fakulteti-Inxhinierise-Elektrike-100083035187224\/\",\"https:\/\/www.instagram.com\/fie.upt.al\/?hl=en\"]}]}<\/script>\n<!-- \/ Yoast SEO plugin. -->","yoast_head_json":{"title":"Aktivitete te tjera - Fakulteti i Inxhinieris\u00eb Elektrike - Universiteti Politeknik i Tiran\u00ebs","robots":{"index":"index","follow":"follow","max-snippet":"max-snippet:-1","max-image-preview":"max-image-preview:large","max-video-preview":"max-video-preview:-1"},"canonical":"https:\/\/fie.edu.al\/en\/aktivitete-te-tjera\/","og_locale":"en_GB","og_type":"article","og_title":"Aktivitete te tjera - Fakulteti i Inxhinieris\u00eb Elektrike - Universiteti Politeknik i Tiran\u00ebs","og_description":"Home Aktivitete t\u00eb tjera INTERSHIP N\u00cb GJERMAN Prezantimi i projektit \u201cLa Som City Program Summer School &#8211; Universities as Drivers of Sustainability Formulari i Aplikimit p\u00ebr pun\u00ebsim ALBCONTROL INTERSHIP N\u00cb\u00a0GENER 2","og_url":"https:\/\/fie.edu.al\/en\/aktivitete-te-tjera\/","og_site_name":"Fakulteti i Inxhinieris\u00eb Elektrike - Universiteti Politeknik i Tiran\u00ebs","article_publisher":"https:\/\/www.facebook.com\/p\/Fakulteti-Inxhinierise-Elektrike-100083035187224\/","article_modified_time":"2024-11-10T17:07:26+00:00","og_image":[{"width":2560,"height":1920,"url":"https:\/\/fie.edu.al\/wp-content\/uploads\/2024\/10\/1aa1043f-e21c-4748-bfec-2f86481ca215-1-scaled.jpeg","type":"image\/jpeg"}],"twitter_card":"summary_large_image","twitter_misc":{"Estimated reading time":"1 minute"},"schema":{"@context":"https:\/\/schema.org","@graph":[{"@type":"WebPage","@id":"https:\/\/fie.edu.al\/aktivitete-te-tjera\/","url":"https:\/\/fie.edu.al\/aktivitete-te-tjera\/","name":"Aktivitete te tjera - Fakulteti i Inxhinieris\u00eb Elektrike - Universiteti Politeknik i Tiran\u00ebs","isPartOf":{"@id":"https:\/\/fie.edu.al\/#website"},"datePublished":"2024-10-17T20:17:07+00:00","dateModified":"2024-11-10T17:07:26+00:00","breadcrumb":{"@id":"https:\/\/fie.edu.al\/aktivitete-te-tjera\/#breadcrumb"},"inLanguage":"en-GB","potentialAction":[{"@type":"ReadAction","target":["https:\/\/fie.edu.al\/aktivitete-te-tjera\/"]}]},{"@type":"BreadcrumbList","@id":"https:\/\/fie.edu.al\/aktivitete-te-tjera\/#breadcrumb","itemListElement":[{"@type":"ListItem","position":1,"name":"Home","item":"https:\/\/fie.edu.al\/"},{"@type":"ListItem","position":2,"name":"Aktivitete te tjera"}]},{"@type":"WebSite","@id":"https:\/\/fie.edu.al\/#website","url":"https:\/\/fie.edu.al\/","name":"Fakulteti i Inxhinieris\u00eb Elektronike - Universiteti Politeknik i Tiran\u00ebs","description":"","publisher":{"@id":"https:\/\/fie.edu.al\/#organization"},"potentialAction":[{"@type":"SearchAction","target":{"@type":"EntryPoint","urlTemplate":"https:\/\/fie.edu.al\/?s={search_term_string}"},"query-input":{"@type":"PropertyValueSpecification","valueRequired":true,"valueName":"search_term_string"}}],"inLanguage":"en-GB"},{"@type":"Organization","@id":"https:\/\/fie.edu.al\/#organization","name":"Fakulteti i Inxhinieris\u00eb Elektronike - Universiteti Politeknik i Tiran\u00ebs","url":"https:\/\/fie.edu.al\/","logo":{"@type":"ImageObject","inLanguage":"en-GB","@id":"https:\/\/fie.edu.al\/#\/schema\/logo\/image\/","url":"https:\/\/fie.edu.al\/wp-content\/uploads\/2024\/10\/favicon.png","contentUrl":"https:\/\/fie.edu.al\/wp-content\/uploads\/2024\/10\/favicon.png","width":500,"height":500,"caption":"Fakulteti i Inxhinieris\u00eb Elektronike - Universiteti Politeknik i Tiran\u00ebs"},"image":{"@id":"https:\/\/fie.edu.al\/#\/schema\/logo\/image\/"},"sameAs":["https:\/\/www.facebook.com\/p\/Fakulteti-Inxhinierise-Elektrike-100083035187224\/","https:\/\/www.instagram.com\/fie.upt.al\/?hl=en"]}]}},"_links":{"self":[{"href":"https:\/\/fie.edu.al\/en\/wp-json\/wp\/v2\/pages\/11601","targetHints":{"allow":["GET"]}}],"collection":[{"href":"https:\/\/fie.edu.al\/en\/wp-json\/wp\/v2\/pages"}],"about":[{"href":"https:\/\/fie.edu.al\/en\/wp-json\/wp\/v2\/types\/page"}],"author":[{"embeddable":true,"href":"https:\/\/fie.edu.al\/en\/wp-json\/wp\/v2\/users\/1"}],"replies":[{"embeddable":true,"href":"https:\/\/fie.edu.al\/en\/wp-json\/wp\/v2\/comments?post=11601"}],"version-history":[{"count":0,"href":"https:\/\/fie.edu.al\/en\/wp-json\/wp\/v2\/pages\/11601\/revisions"}],"wp:attachment":[{"href":"https:\/\/fie.edu.al\/en\/wp-json\/wp\/v2\/media?parent=11601"}],"curies":[{"name":"wp","href":"https:\/\/api.w.org\/{rel}","templated":true}]}}